{"id":13959,"date":"2025-01-30T11:08:42","date_gmt":"2025-01-30T10:08:42","guid":{"rendered":"https:\/\/www.sthik.com\/?post_type=product&#038;p=13959"},"modified":"2025-01-30T11:44:19","modified_gmt":"2025-01-30T10:44:19","slug":"benne-elevatrice-a-porte-80hl","status":"publish","type":"product","link":"https:\/\/www.sthik.com\/es\/product\/benne-elevatrice-a-porte-80hl\/","title":{"rendered":"Benne El\u00e9vatrice \u00e0 Porte 80HL"},"content":{"rendered":"<p>Benne El\u00e9vatrice \u00e0 Porte 80HL type EP280<\/p>\n<p>Porte Arri\u00e8re Hydraulique<\/p>\n<p>Roues en 385\/65 R22,5<\/p>\n<p>Echelle Alu Repliable sur fa\u00e7ade avant.<\/p>\n<p>Benne de d\u00e9monstration. Ann\u00e9e 2021.<\/p>","protected":false},"excerpt":{"rendered":"<p>Benne El\u00e9vatrice \u00e0 porte 80HL (EP280)<\/p>\n<p>Prix catalogue : 29 950 \u20ac<\/p>\n<p>Prix de vente : 23 000 \u20ac<\/p>","protected":false},"featured_media":13962,"template":"","meta":[],"product_cat":[162,70],"product_tag":[164],"class_list":{"0":"post-13959","1":"product","2":"type-product","3":"status-publish","4":"has-post-thumbnail","6":"product_cat-benne-basculante-a-porte","7":"product_cat-bennes","8":"product_tag-164","10":"first","11":"instock","12":"sale","13":"shipping-taxable","14":"purchasable","15":"product-type-simple"},"_links":{"self":[{"href":"https:\/\/www.sthik.com\/es\/wp-json\/wp\/v2\/product\/13959","targetHints":{"allow":["GET"]}}],"collection":[{"href":"https:\/\/www.sthik.com\/es\/wp-json\/wp\/v2\/product"}],"about":[{"href":"https:\/\/www.sthik.com\/es\/wp-json\/wp\/v2\/types\/product"}],"version-history":[{"count":4,"href":"https:\/\/www.sthik.com\/es\/wp-json\/wp\/v2\/product\/13959\/revisions"}],"predecessor-version":[{"id":13983,"href":"https:\/\/www.sthik.com\/es\/wp-json\/wp\/v2\/product\/13959\/revisions\/13983"}],"wp:featuredmedia":[{"embeddable":true,"href":"https:\/\/www.sthik.com\/es\/wp-json\/wp\/v2\/media\/13962"}],"wp:attachment":[{"href":"https:\/\/www.sthik.com\/es\/wp-json\/wp\/v2\/media?parent=13959"}],"wp:term":[{"taxonomy":"product_cat","embeddable":true,"href":"https:\/\/www.sthik.com\/es\/wp-json\/wp\/v2\/product_cat?post=13959"},{"taxonomy":"product_tag","embeddable":true,"href":"https:\/\/www.sthik.com\/es\/wp-json\/wp\/v2\/product_tag?post=13959"}],"curies":[{"name":"wp","href":"https:\/\/api.w.org\/{rel}","templated":true}]}}