{"id":13925,"date":"2024-07-31T17:26:22","date_gmt":"2024-07-31T15:26:22","guid":{"rendered":"https:\/\/www.sthik.com\/?post_type=product&#038;p=13925"},"modified":"2025-01-30T11:25:36","modified_gmt":"2025-01-30T10:25:36","slug":"benne-a-pompe-80hl","status":"publish","type":"product","link":"https:\/\/www.sthik.com\/es\/product\/benne-a-pompe-80hl\/","title":{"rendered":"Benne \u00e0 Pompe \u00e0 Queue de Cochon 80HL"},"content":{"rendered":"<p>Benne 80HL \u00e0 pompe \u00e0 queue de cochon \u00d8 100<br \/>\nSuspension pneumatique avant type AirTecWine<br \/>\nCouvercle Hydraulique Charni\u00e8res \u00e0 droite sens d&rsquo;avancement<br \/>\nVariateur \u00e9lectronique de vitesse avec radio-commande<br \/>\nSyst\u00e8me d&rsquo;inertage CO2 brevet\u00e9 AIR-LIQUIDE \/ STHIK<br \/>\nEchelle Meuni\u00e8re<\/p>","protected":false},"excerpt":{"rendered":"<p>Benne \u00e0 Pompe\u00a0 (FBP 80 QC 100)<\/p>\n<p>Prix catalogue : 44 250\u20ac<br \/>\nPrix de vente : 22 400\u20ac<\/p>","protected":false},"featured_media":13930,"template":"","meta":[],"product_cat":[64,70],"product_tag":[],"class_list":{"0":"post-13925","1":"product","2":"type-product","3":"status-publish","4":"has-post-thumbnail","6":"product_cat-benne-a-pompe","7":"product_cat-bennes","9":"first","10":"instock","11":"sale","12":"shipping-taxable","13":"purchasable","14":"product-type-simple"},"_links":{"self":[{"href":"https:\/\/www.sthik.com\/es\/wp-json\/wp\/v2\/product\/13925","targetHints":{"allow":["GET"]}}],"collection":[{"href":"https:\/\/www.sthik.com\/es\/wp-json\/wp\/v2\/product"}],"about":[{"href":"https:\/\/www.sthik.com\/es\/wp-json\/wp\/v2\/types\/product"}],"version-history":[{"count":7,"href":"https:\/\/www.sthik.com\/es\/wp-json\/wp\/v2\/product\/13925\/revisions"}],"predecessor-version":[{"id":13979,"href":"https:\/\/www.sthik.com\/es\/wp-json\/wp\/v2\/product\/13925\/revisions\/13979"}],"wp:featuredmedia":[{"embeddable":true,"href":"https:\/\/www.sthik.com\/es\/wp-json\/wp\/v2\/media\/13930"}],"wp:attachment":[{"href":"https:\/\/www.sthik.com\/es\/wp-json\/wp\/v2\/media?parent=13925"}],"wp:term":[{"taxonomy":"product_cat","embeddable":true,"href":"https:\/\/www.sthik.com\/es\/wp-json\/wp\/v2\/product_cat?post=13925"},{"taxonomy":"product_tag","embeddable":true,"href":"https:\/\/www.sthik.com\/es\/wp-json\/wp\/v2\/product_tag?post=13925"}],"curies":[{"name":"wp","href":"https:\/\/api.w.org\/{rel}","templated":true}]}}