{"id":8332,"date":"2021-04-14T09:44:19","date_gmt":"2021-04-14T07:44:19","guid":{"rendered":"http:\/\/localhost:8888\/homeradar\/compare-2\/"},"modified":"2023-10-09T16:23:21","modified_gmt":"2023-10-09T14:23:21","slug":"cost","status":"publish","type":"page","link":"https:\/\/www.sthik.com\/es\/cost\/","title":{"rendered":"Calculateur d&rsquo;Option(s)"},"content":{"rendered":"<div data-elementor-type=\"wp-page\" data-elementor-id=\"8332\" class=\"elementor elementor-8332\">\n\t\t\t\t\t\t<section class=\"elementor-section elementor-top-section elementor-element elementor-element-1165ba1 gray-bg has-hex small-padding elementor-section-boxed elementor-section-height-default elementor-section-height-default\" data-id=\"1165ba1\" data-element_type=\"section\">\n\t\t\t\t\t\t<div class=\"elementor-container elementor-column-gap-extended\">\n\t\t\t\t\t<div class=\"elementor-column elementor-col-66 elementor-top-column elementor-element elementor-element-f404e2f\" data-id=\"f404e2f\" data-element_type=\"column\">\n\t\t\t<div class=\"elementor-widget-wrap elementor-element-populated\">\n\t\t\t\t\t\t<section class=\"elementor-section elementor-inner-section elementor-element elementor-element-4bd94d2d elementor-section-boxed elementor-section-height-default elementor-section-height-default\" data-id=\"4bd94d2d\" data-element_type=\"section\">\n\t\t\t\t\t\t<div class=\"elementor-container elementor-column-gap-no\">\n\t\t\t\t\t<div class=\"elementor-column elementor-col-100 elementor-inner-column elementor-element elementor-element-304123c4 det-box-item det-box-item_single2\" data-id=\"304123c4\" data-element_type=\"column\">\n\t\t\t<div class=\"elementor-widget-wrap elementor-element-populated\">\n\t\t\t\t\t\t<div class=\"elementor-element elementor-element-31c8b72 elementor-widget elementor-widget-section_title\" data-id=\"31c8b72\" data-element_type=\"widget\" data-widget_type=\"section_title.default\">\n\t\t\t\t<div class=\"elementor-widget-container\">\n\t\t\t        <div class=\"section-title st-left st-st1\">\n        <h4 class=\"sec-subtitle\"><span>Les Options<\/span><\/h4>            <h2 class=\"sec-title\"><span>Choisissez pour estimer le co\u00fbt ?<\/span><\/h2>                    <\/div>\n        \t\t<\/div>\n\t\t\t\t<\/div>\n\t\t\t\t<div class=\"elementor-element elementor-element-1635f57b elementor-widget elementor-widget-text-editor\" data-id=\"1635f57b\" data-element_type=\"widget\" data-widget_type=\"text-editor.default\">\n\t\t\t\t<div class=\"elementor-widget-container\">\n\t\t\t<style>\/*! elementor - v3.21.0 - 22-05-2024 *\/\n.elementor-widget-text-editor.elementor-drop-cap-view-stacked .elementor-drop-cap{background-color:#69727d;color:#fff}.elementor-widget-text-editor.elementor-drop-cap-view-framed .elementor-drop-cap{color:#69727d;border:3px solid;background-color:transparent}.elementor-widget-text-editor:not(.elementor-drop-cap-view-default) .elementor-drop-cap{margin-top:8px}.elementor-widget-text-editor:not(.elementor-drop-cap-view-default) .elementor-drop-cap-letter{width:1em;height:1em}.elementor-widget-text-editor .elementor-drop-cap{float:left;text-align:center;line-height:1;font-size:50px}.elementor-widget-text-editor .elementor-drop-cap-letter{display:inline-block}<\/style>\t\t\t\t<p><span style=\"color: #333333;\">En fonction de votre s\u00e9lection, de l&rsquo;\u00e9quipement s\u00e9lectionn\u00e9, les tarifs varient en fonction des options choisies.<\/span><\/p>\t\t\t\t\t\t<\/div>\n\t\t\t\t<\/div>\n\t\t\t\t<div class=\"elementor-element elementor-element-0b5d56f mt-4 elementor-widget elementor-widget-cthcosts\" data-id=\"0b5d56f\" data-element_type=\"widget\" data-widget_type=\"cthcosts.default\">\n\t\t\t\t<div class=\"elementor-widget-container\">\n\t\t\t        <div class=\"cthcosts-ele\">\n\n            <form name=\"cart\" class=\"cal-form\" action=\"\">\n                <!--cal-row  -->\n                <div class=\"cal-row rg-area d-flex align-items-center\">\n                    <div class=\"cal-head d-flex align-items-center\">\n                        <span>01.<\/span>\n                        <h4> Walls & Ceilings: <\/h4>\n                    <\/div>\n                    <div class=\"cal-item\">\n                        <div class=\"chose-input\">\n                            <div class=\"maxheight\">\n                                <!--the value-->\n                                <select name=\"repopt\" class=\"cost-dropdown style-select\">\n                                    <option value=\"0\">Choose...<\/option>\n                                    <option value=\"154\">Painting (154)<\/option>\n                                    <option value=\"257\">Painting + Minor Repairs (257)<\/option>\n                                    <option value=\"354\">Hanging Lining Paper (354)<\/option>\n                                    <option value=\"650\">Tiling (650)<\/option>\n                                    <option value=\"375\">Wall-to-wall Carpet (375)<\/option>\n                                <\/select>\n                            <\/div>\n                        <\/div>\n                        <!--data-formula -->\n                        <input type=\"text\" name=\"item_total\" class=\"hid-input\" value=\"\" data-form=\"{repopt}\">\n                        <div class=\"clearfix\"><\/div>\n                    <\/div>\n                <\/div>\n                <!--cal-row  end-->\n                <!--cal-row  -->\n                <div class=\"cal-row rg-area d-flex align-items-center\">\n                    <div class=\"cal-head d-flex align-items-center\">\n                        <span>02.<\/span>\n                        <h4> Area to be Renovated: <\/h4>\n                    <\/div>\n                    <div class=\"cal-item\">\n                        <div class=\"chose-input\">\n                            <!--the value-->\n                            <input type=\"text\" name=\"rgs\" class=\"rage-slider\" data-min=\"0\" data-max=\"500\">\n                        <\/div>\n                        <!--the value of the multiplication-->\n                        <input type=\"hidden\" name=\"price\" class=\"hid-input\" value=\"35\">\n                        <!--data-formula -->\n                        <input type=\"text\" name=\"item_total\" class=\"hid-input\" value=\"0\" data-form=\"{rgs} * {price}\">\n                        <div class=\"clearfix\"><\/div>\n                    <\/div>\n                <\/div>\n                <!--cal-row end -->\n                <!--cal-row  -->\n                <div class=\"cal-row rg-area  d-flex align-items-center\">\n                    <div class=\"cal-head d-flex align-items-center\">\n                        <span>03.<\/span>\n                        <h4> Windows to Replace: <\/h4>\n                    <\/div>\n                    <div class=\"cal-item\">\n                        <div class=\"chose-input\">\n                            <!--the value-->\n                            <input type=\"text\" name=\"rgs2\" class=\"rage-slider\" data-min=\"0\" data-max=\"10\">\n                        <\/div>\n                        <!--the value of the multiplication-->\n                        <input type=\"hidden\" name=\"price3\" class=\"hid-input\" value=\"135\">\n                        <!--data-formula -->\n                        <input type=\"text\" name=\"item_total\" class=\"hid-input\" value=\"0\" data-form=\"{rgs2} * {price3}\">\n                        <div class=\"clearfix\"><\/div>\n                    <\/div>\n                <\/div>\n                <!--cal-row  end-->\n                <!--cal-row  -->\n                <div class=\"cal-row rg-area  d-flex align-items-center\">\n                    <div class=\"cal-head d-flex align-items-center\">\n                        <span>04.<\/span>\n                        <h4> Number of Rooms: <\/h4>\n                    <\/div>\n                    <div class=\"cal-item\">\n                        <div class=\"chose-input\">\n                            <div class=\"maxheight\">\n                                <!--the value-->\n                                <select name=\"rooms\" class=\"cost-dropdown style-select\">\n                                    <option value=\"0\" selected=\"selected\">Choose...<\/option>\n                                    <option value=\"1\">1 rooms<\/option>\n                                    <option value=\"2\">2 rooms<\/option>\n                                    <option value=\"3\">3 rooms<\/option>\n                                    <option value=\"4\">4 rooms<\/option>\n                                <\/select>\n                            <\/div>\n                        <\/div>\n                        <!--the value of the multiplication-->\n                        <input type=\"hidden\" name=\"qty3\" class=\"hid-input\" value=\"1504\">\n                        <!--data-formula -->\n                        <input type=\"text\" name=\"item_total\" class=\"hid-input\" value=\"0\" data-form=\"{qty3} * {rooms}\">\n                        <div class=\"clearfix\"><\/div>\n                    <\/div>\n                <\/div>\n                <!--cal-row  end-->\n                <!--cal-row-->\n                <div class=\"cal-row rg-area  d-flex align-items-center\">\n                    <div class=\"cal-head d-flex align-items-center\">\n                        <span>05.<\/span>\n                        <h4> Square Metres: <\/h4>\n                    <\/div>\n                    <div class=\"cal-item\">\n                        <div class=\"chose-input\">\n                            <!--the value-->\n                            <input type=\"text\" name=\"rgs4\" class=\"rage-slider\" data-min=\"0\" data-max=\"1000\">\n                        <\/div>\n                        <input type=\"hidden\" name=\"price2\" class=\"hid-input\" value=\"3.6\">\n                        <!--data-formula -->\n                        <input type=\"text\" name=\"item_total\" class=\"hid-input\" value=\"0\" data-form=\"{rgs4} * {price2}\">\n                        <div class=\"clearfix\"><\/div>\n                    <\/div>\n                <\/div>\n                <!--cal-row end -->\n                <div class=\"cal-row rg-area d-flex align-items-center\">\n                    <div class=\"cal-head d-flex align-items-center\">\n                        <span>06.<\/span>\n                        <h4> Number of flors: <\/h4>\n                    <\/div>\n                    <div class=\"cal-item\">\n                        <div class=\"chose-input\">\n                            <div class=\"maxheight\">\n                                <!--the value-->\n                                <select name=\"floor\" class=\"cost-dropdown style-select\">\n                                    <option value=\"0\" selected=\"selected\">Choose...<\/option>\n                                    <option value=\"1\">1 floor<\/option>\n                                    <option value=\"2\">2 floors<\/option>\n                                    <option value=\"3\">3 floors<\/option>\n                                    <option value=\"4\">4 floors<\/option>\n                                <\/select>\n                            <\/div>\n                        <\/div>\n                        <!--the value of the multiplication-->\n                        <input type=\"hidden\" name=\"qty4\" class=\"hid-input\" value=\"500\">\n                        <!--data-formula -->\n                        <input type=\"text\" name=\"item_total\" class=\"hid-input\" value=\"0\" data-form=\"{qty4} * {floor}\">\n                        <div class=\"clearfix\"><\/div>\n                    <\/div>\n                <\/div>\n                <!--cal-row end -->\n                <!--cal-row  -->\n                <div class=\"cal-row rg-area d-flex align-items-center\">\n                    <!--total -->\n                    <div class=\"total-sum d-flex align-items-center\">\n                        <span class=\"tts\">Total: <\/span>\n                        <span class=\"currency\">$<\/span>\n                        <input type=\"text\" name=\"grand_total\" value=\"\" data-form=\"SUM({item_total})\">\n                    <\/div>\n                    <!--total end -->\n                <\/div>\n                <!--cal-row end -->\n            <input type=\"hidden\" name=\"trp-form-language\" value=\"es\"\/><\/form>\n            <div class=\"clearfix\"><\/div>\n        <\/div>\n        \t\t<\/div>\n\t\t\t\t<\/div>\n\t\t\t\t\t<\/div>\n\t\t<\/div>\n\t\t\t\t\t<\/div>\n\t\t<\/section>\n\t\t\t\t\t<\/div>\n\t\t<\/div>\n\t\t\t\t<div class=\"elementor-column elementor-col-33 elementor-top-column elementor-element elementor-element-39ae91c4\" data-id=\"39ae91c4\" data-element_type=\"column\">\n\t\t\t<div class=\"elementor-widget-wrap elementor-element-populated\">\n\t\t\t\t\t\t<div class=\"elementor-element elementor-element-3d18e87 elementor-widget elementor-widget-service_nav\" data-id=\"3d18e87\" data-element_type=\"widget\" data-widget_type=\"service_nav.default\">\n\t\t\t\t<div class=\"elementor-widget-container\">\n\t\t\t\t\t<ul class=\"serv-nav ps-0 pl-0 mb-10\">\n            <li><a href=\"https:\/\/theroof.cththemes.com\/services\/\"  class=\"\">All Services<\/a><\/li>\t\t            \n            <li><a href=\"https:\/\/www.sthik.com\/es\/service\/construction-consultant\/\" class=\"\">Am\u00e9lioration de votre \u00e9quipement, le boost dans le temps<\/a><\/li>\n\t\t            \n            <li><a href=\"https:\/\/www.sthik.com\/es\/service\/building-engineering\/\" class=\"\">Ensemble construisons le mat\u00e9riel adapt\u00e9 \u00e0 votre activit\u00e9<\/a><\/li>\n\t\t\t\t<\/ul>\n\t\t        \t\t<\/div>\n\t\t\t\t<\/div>\n\t\t\t\t<div class=\"elementor-element elementor-element-190ba31 mt-4 elementor-widget elementor-widget-html\" data-id=\"190ba31\" data-element_type=\"widget\" data-widget_type=\"html.default\">\n\t\t\t\t<div class=\"elementor-widget-container\">\n\t\t\t<h3 style=\"color:#999999\" class=\"widget-title\">Nos Mat\u00e9riels d'Occasions<\/h3>\t\t<\/div>\n\t\t\t\t<\/div>\n\t\t\t\t<div class=\"elementor-element elementor-element-f1df45e elementor-widget elementor-widget-banner\" data-id=\"f1df45e\" data-element_type=\"widget\" data-widget_type=\"banner.default\">\n\t\t\t\t<div class=\"elementor-widget-container\">\n\t\t\t        <div class=\"banner-widget fl-wrap\">\n            <div class=\"bg-wrap bg-parallax-wrap-gradien\">\n                <div class=\"bg\" data-bg=\"https:\/\/www.sthik.com\/wp-content\/uploads\/2023\/10\/img-STHiK_vendange-3-bennes_10.png\"><\/div>\n            <\/div>\n            <div class=\"banner-widget_content\">\n                                    <h5>Parcourez l'ensemble de nos occasions<\/h5>\n                                                <a href=\"http:\/\/nouveau.sthik.com\/WP1\/index.php\/\" class=\"tbtn color-bg small-btn\">Get In Touch<\/a>\n                            <\/div>\n        <\/div>\n        \t\t<\/div>\n\t\t\t\t<\/div>\n\t\t\t\t<div class=\"elementor-element elementor-element-23efdbd7 elementor-widget elementor-widget-html\" data-id=\"23efdbd7\" data-element_type=\"widget\" data-widget_type=\"html.default\">\n\t\t\t\t<div class=\"elementor-widget-container\">\n\t\t\t<h3 class=\"widget-title\">Brochures<\/h3>\n<ul class=\"tbtn-nav list-unstyled mb-0\">\n\t<li><a href=\"https:\/\/theroof.cththemes.com\/help-center\/\"><i class=\"fal fa-file-pdf\"><\/i><span>Download .PDF<\/span><\/a><\/li>\n\t<li><a href=\"https:\/\/theroof.cththemes.com\/help-center\/\"><i class=\"fal fa-file-word\"><\/i><span>Download .DOC<\/span><\/a><\/li>\n<\/ul>\t\t<\/div>\n\t\t\t\t<\/div>\n\t\t\t\t\t<\/div>\n\t\t<\/div>\n\t\t\t\t\t<\/div>\n\t\t<\/section>\n\t\t\t\t<\/div>","protected":false},"excerpt":{"rendered":"<p>Les Options Choisissez pour estimer le co\u00fbt ? En fonction de votre s\u00e9lection, de l&rsquo;\u00e9quipement s\u00e9lectionn\u00e9, les tarifs varient en fonction des options choisies. 01. Walls &#038; Ceilings: Choose&#8230;Painting (154)Painting + Minor Repairs (257)Hanging Lining Paper (354)Tiling (650)Wall-to-wall Carpet (375) 02. Area to be Renovated: 03. Windows to Replace: 04. Number of Rooms: Choose&#8230;1 rooms2 rooms3 rooms4 rooms 05. Square Metres: 06. Number of flors: Choose&#8230;1 floor2 floors3 floors4 floors Total: $ All Services Bennes Interior Renovation Construction Consultant General Contracting Interior Design Building Engineering Preconstruction Planning Nos Mat\u00e9riels d&rsquo;Occasions Parcourez l&rsquo;ensemble de nos occasions Get In Touch Brochures Download .PDF Download .DOC<\/p>","protected":false},"author":1,"featured_media":0,"parent":0,"menu_order":0,"comment_status":"closed","ping_status":"closed","template":"page-full.php","meta":{"footnotes":""},"class_list":["post-8332","page","type-page","status-publish","hentry"],"_links":{"self":[{"href":"https:\/\/www.sthik.com\/es\/wp-json\/wp\/v2\/pages\/8332","targetHints":{"allow":["GET"]}}],"collection":[{"href":"https:\/\/www.sthik.com\/es\/wp-json\/wp\/v2\/pages"}],"about":[{"href":"https:\/\/www.sthik.com\/es\/wp-json\/wp\/v2\/types\/page"}],"author":[{"embeddable":true,"href":"https:\/\/www.sthik.com\/es\/wp-json\/wp\/v2\/users\/1"}],"replies":[{"embeddable":true,"href":"https:\/\/www.sthik.com\/es\/wp-json\/wp\/v2\/comments?post=8332"}],"version-history":[{"count":32,"href":"https:\/\/www.sthik.com\/es\/wp-json\/wp\/v2\/pages\/8332\/revisions"}],"predecessor-version":[{"id":10330,"href":"https:\/\/www.sthik.com\/es\/wp-json\/wp\/v2\/pages\/8332\/revisions\/10330"}],"wp:attachment":[{"href":"https:\/\/www.sthik.com\/es\/wp-json\/wp\/v2\/media?parent=8332"}],"curies":[{"name":"wp","href":"https:\/\/api.w.org\/{rel}","templated":true}]}}