{"id":12707,"date":"2024-03-20T22:36:38","date_gmt":"2024-03-20T21:36:38","guid":{"rendered":"https:\/\/www.sthik.com\/?page_id=12707"},"modified":"2024-06-14T08:35:35","modified_gmt":"2024-06-14T06:35:35","slug":"citerne","status":"publish","type":"page","link":"https:\/\/www.sthik.com\/es\/citerne\/","title":{"rendered":"Cisterna"},"content":{"rendered":"<div data-elementor-type=\"wp-page\" data-elementor-id=\"12707\" class=\"elementor elementor-12707\">\n\t\t\t\t\t\t<section class=\"elementor-section elementor-top-section elementor-element elementor-element-7daf18f4 elementor-section-boxed elementor-section-height-default elementor-section-height-default\" data-id=\"7daf18f4\" data-element_type=\"section\">\n\t\t\t\t\t\t<div class=\"elementor-container elementor-column-gap-default\">\n\t\t\t\t\t<div class=\"elementor-column elementor-col-100 elementor-top-column elementor-element elementor-element-1cec9712\" data-id=\"1cec9712\" data-element_type=\"column\">\n\t\t\t<div class=\"elementor-widget-wrap elementor-element-populated\">\n\t\t\t\t\t\t<section class=\"elementor-section elementor-inner-section elementor-element elementor-element-1498f3a1 elementor-section-boxed elementor-section-height-default elementor-section-height-default\" data-id=\"1498f3a1\" data-element_type=\"section\">\n\t\t\t\t\t\t<div class=\"elementor-container elementor-column-gap-default\">\n\t\t\t\t\t<div class=\"elementor-column elementor-col-50 elementor-inner-column elementor-element elementor-element-7ca1ece4\" data-id=\"7ca1ece4\" data-element_type=\"column\">\n\t\t\t<div class=\"elementor-widget-wrap elementor-element-populated\">\n\t\t\t\t\t\t<div class=\"elementor-element elementor-element-a149a14 elementor-widget elementor-widget-image\" data-id=\"a149a14\" data-element_type=\"widget\" data-widget_type=\"image.default\">\n\t\t\t\t<div class=\"elementor-widget-container\">\n\t\t\t<style>\/*! elementor - v3.21.0 - 22-05-2024 *\/\n.elementor-widget-image{text-align:center}.elementor-widget-image a{display:inline-block}.elementor-widget-image a img[src$=\".svg\"]{width:48px}.elementor-widget-image img{vertical-align:middle;display:inline-block}<\/style>\t\t\t\t\t\t\t<figure class=\"wp-caption\">\n\t\t\t\t\t\t\t\t\t\t<img fetchpriority=\"high\" decoding=\"async\" width=\"502\" height=\"307\" src=\"https:\/\/www.sthik.com\/wp-content\/uploads\/2023\/10\/cti.jpg\" class=\"attachment-large size-large wp-image-10215\" alt=\"\" srcset=\"https:\/\/www.sthik.com\/wp-content\/uploads\/2023\/10\/cti.jpg 502w, https:\/\/www.sthik.com\/wp-content\/uploads\/2023\/10\/cti-300x183.jpg 300w, https:\/\/www.sthik.com\/wp-content\/uploads\/2023\/10\/cti-303x185.jpg 303w, https:\/\/www.sthik.com\/wp-content\/uploads\/2023\/10\/cti-450x275.jpg 450w, https:\/\/www.sthik.com\/wp-content\/uploads\/2023\/10\/cti-466x285.jpg 466w, https:\/\/www.sthik.com\/wp-content\/uploads\/2023\/10\/cti-150x92.jpg 150w\" sizes=\"(max-width: 502px) 100vw, 502px\" \/>\t\t\t\t\t\t\t\t\t\t\t<figcaption class=\"widget-image-caption wp-caption-text\"><\/figcaption>\n\t\t\t\t\t\t\t\t\t\t<\/figure>\n\t\t\t\t\t\t\t<\/div>\n\t\t\t\t<\/div>\n\t\t\t\t<div class=\"elementor-element elementor-element-7bec7f0e elementor-widget elementor-widget-text-editor\" data-id=\"7bec7f0e\" data-element_type=\"widget\" data-widget_type=\"text-editor.default\">\n\t\t\t\t<div class=\"elementor-widget-container\">\n\t\t\t<style>\/*! elementor - v3.21.0 - 22-05-2024 *\/\n.elementor-widget-text-editor.elementor-drop-cap-view-stacked .elementor-drop-cap{background-color:#69727d;color:#fff}.elementor-widget-text-editor.elementor-drop-cap-view-framed .elementor-drop-cap{color:#69727d;border:3px solid;background-color:transparent}.elementor-widget-text-editor:not(.elementor-drop-cap-view-default) .elementor-drop-cap{margin-top:8px}.elementor-widget-text-editor:not(.elementor-drop-cap-view-default) .elementor-drop-cap-letter{width:1em;height:1em}.elementor-widget-text-editor .elementor-drop-cap{float:left;text-align:center;line-height:1;font-size:50px}.elementor-widget-text-editor .elementor-drop-cap-letter{display:inline-block}<\/style>\t\t\t\t<p>Esta cisterna transportar\u00e1 su vino (acero inoxidable 304) o su aguardiente (acero inoxidable 316). Ofrece suspensi\u00f3n neum\u00e1tica o mec\u00e1nica seg\u00fan sus necesidades.<\/p>\t\t\t\t\t\t<\/div>\n\t\t\t\t<\/div>\n\t\t\t\t\t<\/div>\n\t\t<\/div>\n\t\t\t\t<div class=\"elementor-column elementor-col-50 elementor-inner-column elementor-element elementor-element-6b981858\" data-id=\"6b981858\" data-element_type=\"column\">\n\t\t\t<div class=\"elementor-widget-wrap elementor-element-populated\">\n\t\t\t\t\t\t<div class=\"elementor-element elementor-element-5f73e9eb elementor-widget elementor-widget-heading\" data-id=\"5f73e9eb\" data-element_type=\"widget\" data-widget_type=\"heading.default\">\n\t\t\t\t<div class=\"elementor-widget-container\">\n\t\t\t<style>\/*! elementor - v3.21.0 - 22-05-2024 *\/\n.elementor-heading-title{padding:0;margin:0;line-height:1}.elementor-widget-heading .elementor-heading-title[class*=elementor-size-]>a{color:inherit;font-size:inherit;line-height:inherit}.elementor-widget-heading .elementor-heading-title.elementor-size-small{font-size:15px}.elementor-widget-heading .elementor-heading-title.elementor-size-medium{font-size:19px}.elementor-widget-heading .elementor-heading-title.elementor-size-large{font-size:29px}.elementor-widget-heading .elementor-heading-title.elementor-size-xl{font-size:39px}.elementor-widget-heading .elementor-heading-title.elementor-size-xxl{font-size:59px}<\/style><h2 class=\"elementor-heading-title elementor-size-default\">Detalles<\/h2>\t\t<\/div>\n\t\t\t\t<\/div>\n\t\t\t\t<div class=\"elementor-element elementor-element-1f349b12 elementor-widget elementor-widget-text-editor\" data-id=\"1f349b12\" data-element_type=\"widget\" data-widget_type=\"text-editor.default\">\n\t\t\t\t<div class=\"elementor-widget-container\">\n\t\t\t\t\t\t\t<p><a href=\"https:\/\/www.sthik.com\/wp-content\/uploads\/2024\/03\/FT-France-A4-2023-Citernes-CTI.pdf\">Descargar la ficha t\u00e9cnica de la Cisterna (versi\u00f3n francesa - PDF)<\/a><\/p>\t\t\t\t\t\t<\/div>\n\t\t\t\t<\/div>\n\t\t\t\t\t<\/div>\n\t\t<\/div>\n\t\t\t\t\t<\/div>\n\t\t<\/section>\n\t\t<div class=\"elementor-element elementor-element-b840b27 e-flex e-con-boxed e-con e-parent\" data-id=\"b840b27\" data-element_type=\"container\">\n\t\t\t\t\t<div class=\"e-con-inner\">\n\t\t\t\t<div class=\"elementor-element elementor-element-7047fc0 elementor-widget elementor-widget-cthslider\" data-id=\"7047fc0\" data-element_type=\"widget\" data-widget_type=\"cthslider.default\">\n\t\t\t\t<div class=\"elementor-widget-container\">\n\t\t\t        <div class=\"prslider-wrap fw-carousel-wrap show-case-slider-wrap\">\n            <!-- fw-carousel  -->\n            <div class=\"fw-carousel  fs-gallery-wrap fl-wrap full-height lightgallery\" data-mousecontrol=\"0\">\n                <div class=\"swiper-container\">\n                    <div class=\"swiper-wrapper\">\n                                            <!-- swiper-slide-->\n                        <div class=\"swiper-slide hov_zoom\">\n                            <img decoding=\"async\" width=\"830\" height=\"467\" src=\"https:\/\/www.sthik.com\/wp-content\/uploads\/2024\/03\/CTI-100-Renforcee-AV-830x467.jpg\" class=\"attachment-theroof-slider size-theroof-slider\" alt=\"\" srcset=\"https:\/\/www.sthik.com\/wp-content\/uploads\/2024\/03\/CTI-100-Renforcee-AV-830x467.jpg 830w, https:\/\/www.sthik.com\/wp-content\/uploads\/2024\/03\/CTI-100-Renforcee-AV-300x169.jpg 300w, https:\/\/www.sthik.com\/wp-content\/uploads\/2024\/03\/CTI-100-Renforcee-AV-1024x576.jpg 1024w, https:\/\/www.sthik.com\/wp-content\/uploads\/2024\/03\/CTI-100-Renforcee-AV-768x432.jpg 768w, https:\/\/www.sthik.com\/wp-content\/uploads\/2024\/03\/CTI-100-Renforcee-AV-1536x864.jpg 1536w, https:\/\/www.sthik.com\/wp-content\/uploads\/2024\/03\/CTI-100-Renforcee-AV-2048x1152.jpg 2048w, https:\/\/www.sthik.com\/wp-content\/uploads\/2024\/03\/CTI-100-Renforcee-AV-18x10.jpg 18w, https:\/\/www.sthik.com\/wp-content\/uploads\/2024\/03\/CTI-100-Renforcee-AV-303x170.jpg 303w, https:\/\/www.sthik.com\/wp-content\/uploads\/2024\/03\/CTI-100-Renforcee-AV-606x341.jpg 606w, https:\/\/www.sthik.com\/wp-content\/uploads\/2024\/03\/CTI-100-Renforcee-AV-530x298.jpg 530w, https:\/\/www.sthik.com\/wp-content\/uploads\/2024\/03\/CTI-100-Renforcee-AV-450x253.jpg 450w, https:\/\/www.sthik.com\/wp-content\/uploads\/2024\/03\/CTI-100-Renforcee-AV-500x281.jpg 500w, https:\/\/www.sthik.com\/wp-content\/uploads\/2024\/03\/CTI-100-Renforcee-AV-150x84.jpg 150w, https:\/\/www.sthik.com\/wp-content\/uploads\/2024\/03\/CTI-100-Renforcee-AV-600x338.jpg 600w\" sizes=\"(max-width: 830px) 100vw, 830px\" \/>                            <a href=\"https:\/\/www.sthik.com\/wp-content\/uploads\/2024\/03\/CTI-100-Renforcee-AV.jpg\" class=\"box-media-zoom popup-gal\"><i class=\"fal fa-search\"><\/i><\/a>\n                            <span class=\"slide-numb\">.01<\/span>\n                        <\/div>\n                        <!-- swiper-slide end-->\n                                            <!-- swiper-slide-->\n                        <div class=\"swiper-slide hov_zoom\">\n                            <img decoding=\"async\" width=\"502\" height=\"307\" src=\"https:\/\/www.sthik.com\/wp-content\/uploads\/2023\/10\/cti.jpg\" class=\"attachment-theroof-slider size-theroof-slider\" alt=\"\" srcset=\"https:\/\/www.sthik.com\/wp-content\/uploads\/2023\/10\/cti.jpg 502w, https:\/\/www.sthik.com\/wp-content\/uploads\/2023\/10\/cti-300x183.jpg 300w, https:\/\/www.sthik.com\/wp-content\/uploads\/2023\/10\/cti-303x185.jpg 303w, https:\/\/www.sthik.com\/wp-content\/uploads\/2023\/10\/cti-450x275.jpg 450w, https:\/\/www.sthik.com\/wp-content\/uploads\/2023\/10\/cti-466x285.jpg 466w, https:\/\/www.sthik.com\/wp-content\/uploads\/2023\/10\/cti-150x92.jpg 150w\" sizes=\"(max-width: 502px) 100vw, 502px\" \/>                            <a href=\"https:\/\/www.sthik.com\/wp-content\/uploads\/2023\/10\/cti.jpg\" class=\"box-media-zoom popup-gal\"><i class=\"fal fa-search\"><\/i><\/a>\n                            <span class=\"slide-numb\">.02<\/span>\n                        <\/div>\n                        <!-- swiper-slide end-->\n                                        <\/div>\n                <\/div>\n            <\/div>\n            <!-- fw-carousel end -->\n            <div class=\"fw-carousel-button-prev ss-slider-cont\"><i class=\"fal fa-angle-left\"><\/i><\/div>\n            <div class=\"fw-carousel-button-next ss-slider-cont\"><i class=\"fal fa-angle-right\"><\/i><\/div>\n            <div class=\"ss-slider-controls2 fwc_pag\">\n                <div class=\"ss-slider-pagination\"><\/div>\n            <\/div>\n        <\/div>\n        \t\t<\/div>\n\t\t\t\t<\/div>\n\t\t\t\t\t<\/div>\n\t\t\t\t<\/div>\n\t\t\t\t\t<\/div>\n\t\t<\/div>\n\t\t\t\t\t<\/div>\n\t\t<\/section>\n\t\t\t\t<\/div>","protected":false},"excerpt":{"rendered":"<p>Cette citerne transportera votre vin (inox 304) ou votre eau de vie (inox 316). Elle vous propose une suspension pneumatique ou m\u00e9canique selon vos besoins. D\u00e9tails T\u00e9l\u00e9charger la fiche technique de la Citerne (PDF) .01 .02<\/p>","protected":false},"author":1,"featured_media":0,"parent":0,"menu_order":0,"comment_status":"closed","ping_status":"closed","template":"","meta":{"footnotes":""},"class_list":["post-12707","page","type-page","status-publish","hentry"],"_links":{"self":[{"href":"https:\/\/www.sthik.com\/es\/wp-json\/wp\/v2\/pages\/12707","targetHints":{"allow":["GET"]}}],"collection":[{"href":"https:\/\/www.sthik.com\/es\/wp-json\/wp\/v2\/pages"}],"about":[{"href":"https:\/\/www.sthik.com\/es\/wp-json\/wp\/v2\/types\/page"}],"author":[{"embeddable":true,"href":"https:\/\/www.sthik.com\/es\/wp-json\/wp\/v2\/users\/1"}],"replies":[{"embeddable":true,"href":"https:\/\/www.sthik.com\/es\/wp-json\/wp\/v2\/comments?post=12707"}],"version-history":[{"count":28,"href":"https:\/\/www.sthik.com\/es\/wp-json\/wp\/v2\/pages\/12707\/revisions"}],"predecessor-version":[{"id":13767,"href":"https:\/\/www.sthik.com\/es\/wp-json\/wp\/v2\/pages\/12707\/revisions\/13767"}],"wp:attachment":[{"href":"https:\/\/www.sthik.com\/es\/wp-json\/wp\/v2\/media?parent=12707"}],"curies":[{"name":"wp","href":"https:\/\/api.w.org\/{rel}","templated":true}]}}