{"id":12289,"date":"2024-03-15T14:46:55","date_gmt":"2024-03-15T13:46:55","guid":{"rendered":"https:\/\/www.sthik.com\/?page_id=12289"},"modified":"2024-06-05T19:07:22","modified_gmt":"2024-06-05T17:07:22","slug":"accueil","status":"publish","type":"page","link":"https:\/\/www.sthik.com\/es\/","title":{"rendered":"Inicio"},"content":{"rendered":"<div data-elementor-type=\"wp-post\" data-elementor-id=\"12289\" class=\"elementor elementor-12289\">\n\t\t\t\t<div class=\"elementor-element elementor-element-2cdda21 e-con-full elementor-hidden-tablet elementor-hidden-mobile e-flex e-con e-parent\" data-id=\"2cdda21\" data-element_type=\"container\" data-settings=\"{&quot;background_background&quot;:&quot;classic&quot;}\">\n\t\t\t\t<div class=\"elementor-element elementor-element-dbb573b elementor-widget elementor-widget-heading\" data-id=\"dbb573b\" data-element_type=\"widget\" data-widget_type=\"heading.default\">\n\t\t\t\t<div class=\"elementor-widget-container\">\n\t\t\t<style>\/*! elementor - v3.21.0 - 22-05-2024 *\/\n.elementor-heading-title{padding:0;margin:0;line-height:1}.elementor-widget-heading .elementor-heading-title[class*=elementor-size-]>a{color:inherit;font-size:inherit;line-height:inherit}.elementor-widget-heading .elementor-heading-title.elementor-size-small{font-size:15px}.elementor-widget-heading .elementor-heading-title.elementor-size-medium{font-size:19px}.elementor-widget-heading .elementor-heading-title.elementor-size-large{font-size:29px}.elementor-widget-heading .elementor-heading-title.elementor-size-xl{font-size:39px}.elementor-widget-heading .elementor-heading-title.elementor-size-xxl{font-size:59px}<\/style><h3 class=\"elementor-heading-title elementor-size-default\">Su especialista Europeo en remolques de transporte y tolvas de recepci\u00f3n<\/h3>\t\t<\/div>\n\t\t\t\t<\/div>\n\t\t\t\t<div class=\"elementor-element elementor-element-2bee854 elementor-widget elementor-widget-heading\" data-id=\"2bee854\" data-element_type=\"widget\" data-widget_type=\"heading.default\">\n\t\t\t\t<div class=\"elementor-widget-container\">\n\t\t\t<h3 class=\"elementor-heading-title elementor-size-default\">Fabricaci\u00f3n Francesa<\/h3>\t\t<\/div>\n\t\t\t\t<\/div>\n\t\t\t\t<\/div>\n\t\t\t\t<section class=\"elementor-section elementor-top-section elementor-element elementor-element-53f063c9 elementor-hidden-tablet elementor-hidden-mobile elementor-section-boxed elementor-section-height-default elementor-section-height-default\" data-id=\"53f063c9\" data-element_type=\"section\" data-settings=\"{&quot;background_background&quot;:&quot;classic&quot;}\">\n\t\t\t\t\t\t<div class=\"elementor-container elementor-column-gap-no\">\n\t\t\t\t\t<div class=\"elementor-column elementor-col-100 elementor-top-column elementor-element elementor-element-54907e65 elementor-hidden-mobile\" data-id=\"54907e65\" data-element_type=\"column\">\n\t\t\t<div class=\"elementor-widget-wrap elementor-element-populated\">\n\t\t\t\t\t\t<div class=\"elementor-element elementor-element-3d09ff64 elementor-widget elementor-widget-cthbreadcrumbs\" data-id=\"3d09ff64\" data-element_type=\"widget\" data-widget_type=\"cthbreadcrumbs.default\">\n\t\t\t\t<div class=\"elementor-widget-container\">\n\t\t\t<div class=\"clearfix\"><\/div>\n<div class=\"breadcrumbs\">\n\t<div class=\"container\">\n\t<div class=\"position-relative breadcrumbs-inner\"><div class=\"site-breadcrumb\"><a class=\"breadcrumb-item breadcrumb-link breadcrumb-home\" href=\"https:\/\/www.sthik.com\/es\" title=\"Home\">Home<\/a><\/div><\/div>\n\t<\/div>\n<\/div>\n\n\n\t\t<\/div>\n\t\t\t\t<\/div>\n\t\t\t\t<div class=\"elementor-element elementor-element-92a231f elementor-widget__width-initial elementor-widget elementor-widget-video\" data-id=\"92a231f\" data-element_type=\"widget\" data-settings=\"{&quot;video_type&quot;:&quot;hosted&quot;,&quot;autoplay&quot;:&quot;yes&quot;,&quot;mute&quot;:&quot;yes&quot;,&quot;loop&quot;:&quot;yes&quot;,&quot;start&quot;:0}\" data-widget_type=\"video.default\">\n\t\t\t\t<div class=\"elementor-widget-container\">\n\t\t\t<style>\/*! elementor - v3.21.0 - 22-05-2024 *\/\n.elementor-widget-video .elementor-widget-container{overflow:hidden;transform:translateZ(0)}.elementor-widget-video .elementor-wrapper{aspect-ratio:var(--video-aspect-ratio)}.elementor-widget-video .elementor-wrapper iframe,.elementor-widget-video .elementor-wrapper video{height:100%;width:100%;display:flex;border:none;background-color:#000}@supports not (aspect-ratio:1\/1){.elementor-widget-video .elementor-wrapper{position:relative;overflow:hidden;height:0;padding-bottom:calc(100% \/ var(--video-aspect-ratio))}.elementor-widget-video .elementor-wrapper iframe,.elementor-widget-video .elementor-wrapper video{position:absolute;top:0;right:0;bottom:0;left:0}}.elementor-widget-video .elementor-open-inline .elementor-custom-embed-image-overlay{position:absolute;top:0;right:0;bottom:0;left:0;background-size:cover;background-position:50%}.elementor-widget-video .elementor-custom-embed-image-overlay{cursor:pointer;text-align:center}.elementor-widget-video .elementor-custom-embed-image-overlay:hover .elementor-custom-embed-play i{opacity:1}.elementor-widget-video .elementor-custom-embed-image-overlay img{display:block;width:100%;aspect-ratio:var(--video-aspect-ratio);-o-object-fit:cover;object-fit:cover;-o-object-position:center center;object-position:center center}@supports not (aspect-ratio:1\/1){.elementor-widget-video .elementor-custom-embed-image-overlay{position:relative;overflow:hidden;height:0;padding-bottom:calc(100% \/ var(--video-aspect-ratio))}.elementor-widget-video .elementor-custom-embed-image-overlay img{position:absolute;top:0;right:0;bottom:0;left:0}}.elementor-widget-video .e-hosted-video .elementor-video{-o-object-fit:cover;object-fit:cover}.e-con-inner>.elementor-widget-video,.e-con>.elementor-widget-video{width:var(--container-widget-width);--flex-grow:var(--container-widget-flex-grow)}<\/style>\t\t<div class=\"e-hosted-video elementor-wrapper elementor-open-inline\">\n\t\t\t\t\t<video class=\"elementor-video\" src=\"https:\/\/www.sthik.com\/wp-content\/uploads\/2024\/06\/VIDEO-STHIK_LITE_540p_10Mbps.mp4\" autoplay=\"\" loop=\"\" muted=\"muted\" controlslist=\"nodownload\" poster=\"https:\/\/www.sthik.com\/wp-content\/uploads\/2024\/06\/Vignette-Video.png\"><\/video>\n\t\t\t\t<\/div>\n\t\t\t\t<\/div>\n\t\t\t\t<\/div>\n\t\t\t\t\t<\/div>\n\t\t<\/div>\n\t\t\t\t\t<\/div>\n\t\t<\/section>\n\t\t<div class=\"elementor-element elementor-element-63c6e12 e-con-full e-flex e-con e-parent\" data-id=\"63c6e12\" data-element_type=\"container\">\n\t\t\t\t<div class=\"elementor-element elementor-element-baa0695 elementor-widget elementor-widget-image\" data-id=\"baa0695\" data-element_type=\"widget\" data-widget_type=\"image.default\">\n\t\t\t\t<div class=\"elementor-widget-container\">\n\t\t\t<style>\/*! elementor - v3.21.0 - 22-05-2024 *\/\n.elementor-widget-image{text-align:center}.elementor-widget-image a{display:inline-block}.elementor-widget-image a img[src$=\".svg\"]{width:48px}.elementor-widget-image img{vertical-align:middle;display:inline-block}<\/style>\t\t\t\t\t\t\t\t\t\t\t<a href=\"https:\/\/www.europe-en-nouvelle-aquitaine.eu\/fr\" target=\"_blank\">\n\t\t\t\t\t\t\t<img decoding=\"async\" width=\"300\" height=\"132\" src=\"https:\/\/www.sthik.com\/wp-content\/uploads\/2023\/12\/Logos-Europe-NA_Co-signature_territoire_alignee-300x132.png\" class=\"attachment-medium size-medium wp-image-11310\" alt=\"\" srcset=\"https:\/\/www.sthik.com\/wp-content\/uploads\/2023\/12\/Logos-Europe-NA_Co-signature_territoire_alignee-300x132.png 300w, https:\/\/www.sthik.com\/wp-content\/uploads\/2023\/12\/Logos-Europe-NA_Co-signature_territoire_alignee-768x337.png 768w, https:\/\/www.sthik.com\/wp-content\/uploads\/2023\/12\/Logos-Europe-NA_Co-signature_territoire_alignee-830x364.png 830w, https:\/\/www.sthik.com\/wp-content\/uploads\/2023\/12\/Logos-Europe-NA_Co-signature_territoire_alignee-303x133.png 303w, https:\/\/www.sthik.com\/wp-content\/uploads\/2023\/12\/Logos-Europe-NA_Co-signature_territoire_alignee-606x266.png 606w, https:\/\/www.sthik.com\/wp-content\/uploads\/2023\/12\/Logos-Europe-NA_Co-signature_territoire_alignee-530x232.png 530w, https:\/\/www.sthik.com\/wp-content\/uploads\/2023\/12\/Logos-Europe-NA_Co-signature_territoire_alignee-450x197.png 450w, https:\/\/www.sthik.com\/wp-content\/uploads\/2023\/12\/Logos-Europe-NA_Co-signature_territoire_alignee-500x219.png 500w, https:\/\/www.sthik.com\/wp-content\/uploads\/2023\/12\/Logos-Europe-NA_Co-signature_territoire_alignee-150x66.png 150w, https:\/\/www.sthik.com\/wp-content\/uploads\/2023\/12\/Logos-Europe-NA_Co-signature_territoire_alignee-600x263.png 600w, https:\/\/www.sthik.com\/wp-content\/uploads\/2023\/12\/Logos-Europe-NA_Co-signature_territoire_alignee.png 862w\" sizes=\"(max-width: 300px) 100vw, 300px\" \/>\t\t\t\t\t\t\t\t<\/a>\n\t\t\t\t\t\t\t\t\t\t\t\t\t<\/div>\n\t\t\t\t<\/div>\n\t\t\t\t<div class=\"elementor-element elementor-element-8129dd3 elementor-widget elementor-widget-image\" data-id=\"8129dd3\" data-element_type=\"widget\" data-widget_type=\"image.default\">\n\t\t\t\t<div class=\"elementor-widget-container\">\n\t\t\t\t\t\t\t\t\t\t\t\t\t\t<a href=\"https:\/\/www.europe-en-france.gouv.fr\/fr\/fonds-europeens\/fonds-europeen-de-developpement-regional-FEDER\" target=\"_blank\">\n\t\t\t\t\t\t\t<img fetchpriority=\"high\" decoding=\"async\" width=\"285\" height=\"280\" src=\"https:\/\/www.sthik.com\/wp-content\/uploads\/2023\/12\/Logo-FEDER-quadri.png\" class=\"attachment-medium size-medium wp-image-11318\" alt=\"\" srcset=\"https:\/\/www.sthik.com\/wp-content\/uploads\/2023\/12\/Logo-FEDER-quadri.png 285w, https:\/\/www.sthik.com\/wp-content\/uploads\/2023\/12\/Logo-FEDER-quadri-205x201.png 205w, https:\/\/www.sthik.com\/wp-content\/uploads\/2023\/12\/Logo-FEDER-quadri-102x100.png 102w\" sizes=\"(max-width: 285px) 100vw, 285px\" \/>\t\t\t\t\t\t\t\t<\/a>\n\t\t\t\t\t\t\t\t\t\t\t\t\t<\/div>\n\t\t\t\t<\/div>\n\t\t\t\t<\/div>\n\t\t<div class=\"elementor-element elementor-element-2e68949 e-con-full e-flex e-con e-parent\" data-id=\"2e68949\" data-element_type=\"container\" data-settings=\"{&quot;background_background&quot;:&quot;classic&quot;}\">\n\t\t\t\t<div class=\"elementor-element elementor-element-d9bdd9f elementor-widget__width-inherit elementor-widget elementor-widget-heading\" data-id=\"d9bdd9f\" data-element_type=\"widget\" data-widget_type=\"heading.default\">\n\t\t\t\t<div class=\"elementor-widget-container\">\n\t\t\t<h2 class=\"elementor-heading-title elementor-size-default\">Nuestras Categor\u00edas de Productos<\/h2>\t\t<\/div>\n\t\t\t\t<\/div>\n\t\t\t\t<\/div>\n\t\t\t\t<section class=\"elementor-section elementor-top-section elementor-element elementor-element-b70de8b hwedo-bot elementor-section-boxed elementor-section-height-default elementor-section-height-default\" data-id=\"b70de8b\" data-element_type=\"section\" data-settings=\"{&quot;background_background&quot;:&quot;gradient&quot;}\">\n\t\t\t\t\t\t<div class=\"elementor-container elementor-column-gap-default\">\n\t\t\t\t\t<div class=\"elementor-column elementor-col-33 elementor-top-column elementor-element elementor-element-1c4f73d\" data-id=\"1c4f73d\" data-element_type=\"column\">\n\t\t\t<div class=\"elementor-widget-wrap elementor-element-populated\">\n\t\t\t\t\t\t<div class=\"elementor-element elementor-element-dc02722 elementor-widget elementor-widget-shortcode\" data-id=\"dc02722\" data-element_type=\"widget\" data-widget_type=\"shortcode.default\">\n\t\t\t\t<div class=\"elementor-widget-container\">\n\t\t\t\t\t<div class=\"elementor-shortcode\"><div id=\"flipbox-widget-12299\" class=\"cfb_wrapper with-image flex-row\" data-flipboxid=\"flipbox-widget-12299\"><div class=\"flex-col-md-12 cfb-box-1 cfb-box-wrapper\">\r\n                            <div class=\"flipbox-container cfb-layout-2 cfb-flip hover\" data-effect=\"y\" data-height=\"default\" >\r\n                            <div class=\"flipbox-front-layout cfb-data\">\r\n                                <div class=\"flipbox-img\"><img decoding=\"async\" src=\"https:\/\/www.sthik.com\/wp-content\/uploads\/2024\/03\/Transport_Vendange_Quadri-1.png\" alt=\"\" \/><\/div><\/div>\r\n                            <div class=\"flipbox-back-layout cfb-data\" style=\"background:#2f3d87\">\r\n                            <h4>TRANSPORTE DE LA VENDIMIA<\/h4>\r\n                                <p>Transporte su vendimia de manera eficiente y asegure una descarga controlada y sin triturado. <\/p><a target=\"_self\" href=\"https:\/\/www.sthik.com\/es\/transport-de-la-vendange\/\" style=\"color:#2f3d87\" class=\"back-layout-btn\">Ver<\/a><\/div>\r\n                            <\/div>\r\n                        <\/div><\/div><\/div>\n\t\t\t\t<\/div>\n\t\t\t\t<\/div>\n\t\t\t\t\t<\/div>\n\t\t<\/div>\n\t\t\t\t<div class=\"elementor-column elementor-col-33 elementor-top-column elementor-element elementor-element-521715e\" data-id=\"521715e\" data-element_type=\"column\">\n\t\t\t<div class=\"elementor-widget-wrap elementor-element-populated\">\n\t\t\t\t\t\t<div class=\"elementor-element elementor-element-f349974 elementor-widget elementor-widget-shortcode\" data-id=\"f349974\" data-element_type=\"widget\" data-widget_type=\"shortcode.default\">\n\t\t\t\t<div class=\"elementor-widget-container\">\n\t\t\t\t\t<div class=\"elementor-shortcode\"><div id=\"flipbox-widget-12321\" class=\"cfb_wrapper with-image flex-row\" data-flipboxid=\"flipbox-widget-12321\"><div class=\"flex-col-md-12 cfb-box-1 cfb-box-wrapper\">\r\n                            <div class=\"flipbox-container cfb-layout-2 cfb-flip hover\" data-effect=\"y\" data-height=\"default\" >\r\n                            <div class=\"flipbox-front-layout cfb-data\">\r\n                                <div class=\"flipbox-img\"><img decoding=\"async\" src=\"https:\/\/www.sthik.com\/wp-content\/uploads\/2024\/03\/Reception_Vendange_Quadri-1.png\" alt=\"\" \/><\/div><\/div>\r\n                            <div class=\"flipbox-back-layout cfb-data\" style=\"background:#2f3d87\">\r\n                            <h4>RECEPCI\u00d3N DE LA VENDIMIA<\/h4>\r\n                                <p>Alimente su mesa de selecci\u00f3n, su elevador o asegure la carga de manera \u00f3ptima.<\/p><a target=\"_self\" href=\"https:\/\/www.sthik.com\/es\/reception-de-la-vendange\/\" style=\"color:#2f3d87\" class=\"back-layout-btn\">Ver<\/a><\/div>\r\n                            <\/div>\r\n                        <\/div><\/div><\/div>\n\t\t\t\t<\/div>\n\t\t\t\t<\/div>\n\t\t\t\t\t<\/div>\n\t\t<\/div>\n\t\t\t\t<div class=\"elementor-column elementor-col-33 elementor-top-column elementor-element elementor-element-523fb74\" data-id=\"523fb74\" data-element_type=\"column\">\n\t\t\t<div class=\"elementor-widget-wrap elementor-element-populated\">\n\t\t\t\t\t\t<div class=\"elementor-element elementor-element-47d1593 elementor-widget elementor-widget-shortcode\" data-id=\"47d1593\" data-element_type=\"widget\" data-widget_type=\"shortcode.default\">\n\t\t\t\t<div class=\"elementor-widget-container\">\n\t\t\t\t\t<div class=\"elementor-shortcode\"><div id=\"flipbox-widget-12339\" class=\"cfb_wrapper with-image flex-row\" data-flipboxid=\"flipbox-widget-12339\"><div class=\"flex-col-md-12 cfb-box-1 cfb-box-wrapper\">\r\n                            <div class=\"flipbox-container cfb-layout-2 cfb-flip hover\" data-effect=\"y\" data-height=\"default\" >\r\n                            <div class=\"flipbox-front-layout cfb-data\">\r\n                                <div class=\"flipbox-img\"><img decoding=\"async\" src=\"https:\/\/www.sthik.com\/wp-content\/uploads\/2024\/03\/Autre_Quadri-1.png\" alt=\"\" \/><\/div><\/div>\r\n                            <div class=\"flipbox-back-layout cfb-data\" style=\"background:#2f3d87\">\r\n                            <h4>PRODUCTOS ESPEC\u00cdFICOS ANEXOS<\/h4>\r\n                                <p>Una amplia selecci\u00f3n de productos para asegurar el mejor resultado o completar su gama.<\/p><a target=\"_self\" href=\"https:\/\/www.sthik.com\/es\/autres-produits\/\" style=\"color:#2f3d87\" class=\"back-layout-btn\">Ver<\/a><\/div>\r\n                            <\/div>\r\n                        <\/div><\/div><\/div>\n\t\t\t\t<\/div>\n\t\t\t\t<\/div>\n\t\t\t\t\t<\/div>\n\t\t<\/div>\n\t\t\t\t\t<\/div>\n\t\t<\/section>\n\t\t\t\t<\/div>","protected":false},"excerpt":{"rendered":"<p>Votre sp\u00e9cialiste Europ\u00e9en des bennes de transport et conquets de r\u00e9ception Fabrication Fran\u00e7aise Home https:\/\/www.sthik.com\/wp-content\/uploads\/2024\/06\/VIDEO-STHIK_LITE_540p_10Mbps.mp4 Nos Cat\u00e9gories de Produits<\/p>","protected":false},"author":1,"featured_media":0,"parent":0,"menu_order":0,"comment_status":"closed","ping_status":"closed","template":"home-page.php","meta":{"footnotes":""},"class_list":["post-12289","page","type-page","status-publish","hentry"],"_links":{"self":[{"href":"https:\/\/www.sthik.com\/es\/wp-json\/wp\/v2\/pages\/12289","targetHints":{"allow":["GET"]}}],"collection":[{"href":"https:\/\/www.sthik.com\/es\/wp-json\/wp\/v2\/pages"}],"about":[{"href":"https:\/\/www.sthik.com\/es\/wp-json\/wp\/v2\/types\/page"}],"author":[{"embeddable":true,"href":"https:\/\/www.sthik.com\/es\/wp-json\/wp\/v2\/users\/1"}],"replies":[{"embeddable":true,"href":"https:\/\/www.sthik.com\/es\/wp-json\/wp\/v2\/comments?post=12289"}],"version-history":[{"count":613,"href":"https:\/\/www.sthik.com\/es\/wp-json\/wp\/v2\/pages\/12289\/revisions"}],"predecessor-version":[{"id":13686,"href":"https:\/\/www.sthik.com\/es\/wp-json\/wp\/v2\/pages\/12289\/revisions\/13686"}],"wp:attachment":[{"href":"https:\/\/www.sthik.com\/es\/wp-json\/wp\/v2\/media?parent=12289"}],"curies":[{"name":"wp","href":"https:\/\/api.w.org\/{rel}","templated":true}]}}