{"id":11514,"date":"2023-12-14T11:27:52","date_gmt":"2023-12-14T10:27:52","guid":{"rendered":"https:\/\/www.sthik.com\/?page_id=11514"},"modified":"2023-12-18T12:20:38","modified_gmt":"2023-12-18T11:20:38","slug":"mentions-legales","status":"publish","type":"page","link":"https:\/\/www.sthik.com\/es\/mentions-legales\/","title":{"rendered":"Mentions L\u00e9gales"},"content":{"rendered":"<div data-elementor-type=\"wp-post\" data-elementor-id=\"11514\" class=\"elementor elementor-11514\">\n\t\t\t\t<div class=\"elementor-element elementor-element-6aeb810 e-flex e-con-boxed e-con e-parent\" data-id=\"6aeb810\" data-element_type=\"container\">\n\t\t\t\t\t<div class=\"e-con-inner\">\n\t\t\t\t<div class=\"elementor-element elementor-element-220b117 elementor-widget-divider--view-line elementor-widget elementor-widget-divider\" data-id=\"220b117\" data-element_type=\"widget\" data-widget_type=\"divider.default\">\n\t\t\t\t<div class=\"elementor-widget-container\">\n\t\t\t<style>\/*! elementor - v3.21.0 - 22-05-2024 *\/\n.elementor-widget-divider{--divider-border-style:none;--divider-border-width:1px;--divider-color:#0c0d0e;--divider-icon-size:20px;--divider-element-spacing:10px;--divider-pattern-height:24px;--divider-pattern-size:20px;--divider-pattern-url:none;--divider-pattern-repeat:repeat-x}.elementor-widget-divider .elementor-divider{display:flex}.elementor-widget-divider .elementor-divider__text{font-size:15px;line-height:1;max-width:95%}.elementor-widget-divider .elementor-divider__element{margin:0 var(--divider-element-spacing);flex-shrink:0}.elementor-widget-divider .elementor-icon{font-size:var(--divider-icon-size)}.elementor-widget-divider .elementor-divider-separator{display:flex;margin:0;direction:ltr}.elementor-widget-divider--view-line_icon .elementor-divider-separator,.elementor-widget-divider--view-line_text .elementor-divider-separator{align-items:center}.elementor-widget-divider--view-line_icon .elementor-divider-separator:after,.elementor-widget-divider--view-line_icon .elementor-divider-separator:before,.elementor-widget-divider--view-line_text .elementor-divider-separator:after,.elementor-widget-divider--view-line_text .elementor-divider-separator:before{display:block;content:\"\";border-block-end:0;flex-grow:1;border-block-start:var(--divider-border-width) var(--divider-border-style) var(--divider-color)}.elementor-widget-divider--element-align-left .elementor-divider .elementor-divider-separator>.elementor-divider__svg:first-of-type{flex-grow:0;flex-shrink:100}.elementor-widget-divider--element-align-left .elementor-divider-separator:before{content:none}.elementor-widget-divider--element-align-left .elementor-divider__element{margin-left:0}.elementor-widget-divider--element-align-right .elementor-divider .elementor-divider-separator>.elementor-divider__svg:last-of-type{flex-grow:0;flex-shrink:100}.elementor-widget-divider--element-align-right .elementor-divider-separator:after{content:none}.elementor-widget-divider--element-align-right .elementor-divider__element{margin-right:0}.elementor-widget-divider--element-align-start .elementor-divider .elementor-divider-separator>.elementor-divider__svg:first-of-type{flex-grow:0;flex-shrink:100}.elementor-widget-divider--element-align-start .elementor-divider-separator:before{content:none}.elementor-widget-divider--element-align-start .elementor-divider__element{margin-inline-start:0}.elementor-widget-divider--element-align-end .elementor-divider .elementor-divider-separator>.elementor-divider__svg:last-of-type{flex-grow:0;flex-shrink:100}.elementor-widget-divider--element-align-end .elementor-divider-separator:after{content:none}.elementor-widget-divider--element-align-end .elementor-divider__element{margin-inline-end:0}.elementor-widget-divider:not(.elementor-widget-divider--view-line_text):not(.elementor-widget-divider--view-line_icon) .elementor-divider-separator{border-block-start:var(--divider-border-width) var(--divider-border-style) var(--divider-color)}.elementor-widget-divider--separator-type-pattern{--divider-border-style:none}.elementor-widget-divider--separator-type-pattern.elementor-widget-divider--view-line .elementor-divider-separator,.elementor-widget-divider--separator-type-pattern:not(.elementor-widget-divider--view-line) .elementor-divider-separator:after,.elementor-widget-divider--separator-type-pattern:not(.elementor-widget-divider--view-line) .elementor-divider-separator:before,.elementor-widget-divider--separator-type-pattern:not([class*=elementor-widget-divider--view]) .elementor-divider-separator{width:100%;min-height:var(--divider-pattern-height);-webkit-mask-size:var(--divider-pattern-size) 100%;mask-size:var(--divider-pattern-size) 100%;-webkit-mask-repeat:var(--divider-pattern-repeat);mask-repeat:var(--divider-pattern-repeat);background-color:var(--divider-color);-webkit-mask-image:var(--divider-pattern-url);mask-image:var(--divider-pattern-url)}.elementor-widget-divider--no-spacing{--divider-pattern-size:auto}.elementor-widget-divider--bg-round{--divider-pattern-repeat:round}.rtl .elementor-widget-divider .elementor-divider__text{direction:rtl}.e-con-inner>.elementor-widget-divider,.e-con>.elementor-widget-divider{width:var(--container-widget-width,100%);--flex-grow:var(--container-widget-flex-grow)}<\/style>\t\t<div class=\"elementor-divider\">\n\t\t\t<span class=\"elementor-divider-separator\">\n\t\t\t\t\t\t<\/span>\n\t\t<\/div>\n\t\t\t\t<\/div>\n\t\t\t\t<\/div>\n\t\t\t\t\t<\/div>\n\t\t\t\t<\/div>\n\t\t<div class=\"elementor-element elementor-element-cb21f50 e-flex e-con-boxed e-con e-parent\" data-id=\"cb21f50\" data-element_type=\"container\">\n\t\t\t\t\t<div class=\"e-con-inner\">\n\t\t\t\t<div class=\"elementor-element elementor-element-efaacdf elementor-widget elementor-widget-image\" data-id=\"efaacdf\" data-element_type=\"widget\" data-widget_type=\"image.default\">\n\t\t\t\t<div class=\"elementor-widget-container\">\n\t\t\t<style>\/*! elementor - v3.21.0 - 22-05-2024 *\/\n.elementor-widget-image{text-align:center}.elementor-widget-image a{display:inline-block}.elementor-widget-image a img[src$=\".svg\"]{width:48px}.elementor-widget-image img{vertical-align:middle;display:inline-block}<\/style>\t\t\t\t\t\t\t\t\t\t<img fetchpriority=\"high\" decoding=\"async\" width=\"760\" height=\"71\" src=\"https:\/\/www.sthik.com\/wp-content\/uploads\/2023\/12\/Capture-decran-2023-12-13-162844-e1711649857335-1024x95.png\" class=\"attachment-large size-large wp-image-11309\" alt=\"\" srcset=\"https:\/\/www.sthik.com\/wp-content\/uploads\/2023\/12\/Capture-decran-2023-12-13-162844-e1711649857335-1024x95.png 1024w, https:\/\/www.sthik.com\/wp-content\/uploads\/2023\/12\/Capture-decran-2023-12-13-162844-e1711649857335-300x28.png 300w, https:\/\/www.sthik.com\/wp-content\/uploads\/2023\/12\/Capture-decran-2023-12-13-162844-e1711649857335-768x72.png 768w, https:\/\/www.sthik.com\/wp-content\/uploads\/2023\/12\/Capture-decran-2023-12-13-162844-e1711649857335-1536x143.png 1536w, https:\/\/www.sthik.com\/wp-content\/uploads\/2023\/12\/Capture-decran-2023-12-13-162844-e1711649857335-2048x191.png 2048w, https:\/\/www.sthik.com\/wp-content\/uploads\/2023\/12\/Capture-decran-2023-12-13-162844-e1711649857335-830x77.png 830w, https:\/\/www.sthik.com\/wp-content\/uploads\/2023\/12\/Capture-decran-2023-12-13-162844-e1711649857335-303x28.png 303w, https:\/\/www.sthik.com\/wp-content\/uploads\/2023\/12\/Capture-decran-2023-12-13-162844-e1711649857335-606x57.png 606w, https:\/\/www.sthik.com\/wp-content\/uploads\/2023\/12\/Capture-decran-2023-12-13-162844-e1711649857335-530x49.png 530w, https:\/\/www.sthik.com\/wp-content\/uploads\/2023\/12\/Capture-decran-2023-12-13-162844-e1711649857335-450x42.png 450w, https:\/\/www.sthik.com\/wp-content\/uploads\/2023\/12\/Capture-decran-2023-12-13-162844-e1711649857335-500x47.png 500w, https:\/\/www.sthik.com\/wp-content\/uploads\/2023\/12\/Capture-decran-2023-12-13-162844-e1711649857335-150x14.png 150w, https:\/\/www.sthik.com\/wp-content\/uploads\/2023\/12\/Capture-decran-2023-12-13-162844-e1711649857335-600x56.png 600w, https:\/\/www.sthik.com\/wp-content\/uploads\/2023\/12\/Capture-decran-2023-12-13-162844-e1711649857335-18x2.png 18w, https:\/\/www.sthik.com\/wp-content\/uploads\/2023\/12\/Capture-decran-2023-12-13-162844-e1711649857335-12x1.png 12w, https:\/\/www.sthik.com\/wp-content\/uploads\/2023\/12\/Capture-decran-2023-12-13-162844-e1711649857335-24x2.png 24w, https:\/\/www.sthik.com\/wp-content\/uploads\/2023\/12\/Capture-decran-2023-12-13-162844-e1711649857335-36x3.png 36w\" sizes=\"(max-width: 760px) 100vw, 760px\" \/>\t\t\t\t\t\t\t\t\t\t\t\t\t<\/div>\n\t\t\t\t<\/div>\n\t\t\t\t\t<\/div>\n\t\t\t\t<\/div>\n\t\t<div class=\"elementor-element elementor-element-872570e e-flex e-con-boxed e-con e-parent\" data-id=\"872570e\" data-element_type=\"container\">\n\t\t\t\t\t<div class=\"e-con-inner\">\n\t\t\t\t<div class=\"elementor-element elementor-element-36704aa elementor-widget elementor-widget-text-editor\" data-id=\"36704aa\" data-element_type=\"widget\" data-widget_type=\"text-editor.default\">\n\t\t\t\t<div class=\"elementor-widget-container\">\n\t\t\t<style>\/*! elementor - v3.21.0 - 22-05-2024 *\/\n.elementor-widget-text-editor.elementor-drop-cap-view-stacked .elementor-drop-cap{background-color:#69727d;color:#fff}.elementor-widget-text-editor.elementor-drop-cap-view-framed .elementor-drop-cap{color:#69727d;border:3px solid;background-color:transparent}.elementor-widget-text-editor:not(.elementor-drop-cap-view-default) .elementor-drop-cap{margin-top:8px}.elementor-widget-text-editor:not(.elementor-drop-cap-view-default) .elementor-drop-cap-letter{width:1em;height:1em}.elementor-widget-text-editor .elementor-drop-cap{float:left;text-align:center;line-height:1;font-size:50px}.elementor-widget-text-editor .elementor-drop-cap-letter{display:inline-block}<\/style>\t\t\t\t<p style=\"text-align: left;\"><strong>MENTIONS L\u00c9GALES\u00a0En vigueur au 14\/12\/2023<\/strong><\/p><p style=\"text-align: left;\">Conform\u00e9ment aux dispositions des Articles 6-III et 19 de la Loi n\u00b02004-575 du 21 juin 2004 pour la<br \/>Confiance dans l\u2019\u00e9conomie num\u00e9rique, dite L.C.E.N., il est port\u00e9 \u00e0 la connaissance des utilisateurs et<br \/>visiteurs, ci-apr\u00e8s l\u00a0\u00bb\u00a0\u00bbUtilisateur\u00a0\u00bb, du site https:\/\/www.sthik.com, ci-apr\u00e8s le \u00ab\u00a0Site\u00a0\u00bb, les pr\u00e9sentes<br \/>mentions l\u00e9gales.<br \/>La connexion et la navigation sur le Site par l\u2019Utilisateur implique acceptation int\u00e9grale et sans<br \/>r\u00e9serve des pr\u00e9sentes mentions l\u00e9gales.<br \/>Ces derni\u00e8res sont accessibles sur le Site \u00e0 la rubrique \u00ab Mentions l\u00e9gales \u00bb.<\/p><p style=\"text-align: left;\"><strong><span style=\"text-decoration: underline;\">ARTICLE 1 &#8211; L&rsquo;EDITEUR<\/span><\/strong><br \/>L&rsquo;\u00e9dition du Site est assur\u00e9e par STHIK SAS au capital de 500000 euros, immatricul\u00e9e au Registre du<br \/>Commerce et des Soci\u00e9t\u00e9s de Angoul\u00eame sous le num\u00e9ro 393495759 dont le si\u00e8ge social est situ\u00e9<br \/>au 3 Rue des Vendanges, ZA Le Pont Neuf, 16130, Salles d&rsquo;Angles,<br \/>Num\u00e9ro de t\u00e9l\u00e9phone 0545351515,<br \/>Adresse e-mail : commercial@sthik.com.<br \/>N\u00b0 de TVA intracommunautaire : FR05393495759<br \/>Le Directeur de la publication est LEFEBURE Marc<br \/>ci-apr\u00e8s l'\u00a0\u00bbEditeur\u00a0\u00bb.<\/p><p style=\"text-align: left;\"><span style=\"text-decoration: underline;\"><strong>ARTICLE 2 &#8211; L&rsquo;HEBERGEUR<\/strong><\/span><br \/>H\u00e9bergement : O.V.H.<br \/>2, Rue kellermann<br \/>59100 Roubaix<\/p><p style=\"text-align: left;\"><u><span style=\"font-weight: bolder; font-family: var( --e-global-typography-text-font-family ), Sans-serif; text-align: var(--text-align);\">ARTICLE 3 &#8211;<\/span><span style=\"font-weight: bolder; font-family: var( --e-global-typography-text-font-family ), Sans-serif; text-align: var(--text-align);\">\u00a0LE CONCEPTEUR DU SITE<\/span><\/u><br \/>FARM RIDER, EI Guillaume PELTIER, 18 all\u00e9e du vallon 17350 Port d&rsquo;Envaux.<strong style=\"font-family: var( --e-global-typography-text-font-family ), Sans-serif;\"><br \/><\/strong><\/p><h6>\u00a0<\/h6><p style=\"margin: 0cm; margin-bottom: .0001pt;\"><u><span style=\"font-weight: bolder; font-family: var( --e-global-typography-text-font-family ), Sans-serif; text-align: var(--text-align);\">ARTICLE 4 &#8211;<\/span><span style=\"font-weight: bolder; font-family: var( --e-global-typography-text-font-family ), Sans-serif; text-align: var(--text-align);\"> ACC\u00c8S AU SITE<\/span><\/u><\/p><p style=\"margin: 0cm; margin-bottom: .0001pt;\"><span style=\"font-weight: var( --e-global-typography-text-font-weight );\"><span style=\"font-family: 'Arial','sans-serif';\">Le Site est accessible en tout endroit, 7j\/7, 24h\/24 sauf cas de force majeure, interruption<\/span><\/span><\/p><p style=\"margin: 0cm; margin-bottom: .0001pt;\"><span style=\"font-weight: var( --e-global-typography-text-font-weight );\"><span style=\"font-family: 'Arial','sans-serif';\">programm\u00e9e ou non et pouvant d\u00e9coulant d\u2019une n\u00e9cessit\u00e9 de maintenance.<\/span><\/span><\/p><p style=\"margin: 0cm; margin-bottom: .0001pt;\">En cas de modification, interruption ou suspension du Site, l&rsquo;Editeur ne saurait \u00eatre tenu responsable.<\/p><h6>\u00a0<\/h6><p style=\"text-align: left;\"><span style=\"text-decoration: underline;\"><strong>ARTICLE 5 &#8211; COLLECTE DES DONNEES<\/strong><\/span><br \/>Le site est exempt\u00e9 de d\u00e9claration \u00e0 la Commission Nationale Informatique et Libert\u00e9s (CNIL) dans la mesure o\u00f9 il ne collecte aucune donn\u00e9e concernant les utilisateurs.<br \/>Toute utilisation, reproduction, diffusion, commercialisation, modification de toute ou partie du Site,<br \/>sans autorisation de l\u2019Editeur est prohib\u00e9e et pourra entra\u00een\u00e9e des actions et poursuites judiciaires<br \/>telles que notamment pr\u00e9vues par le Code de la propri\u00e9t\u00e9 intellectuelle et le Code civil.<br \/>Pour plus d&rsquo;informations en mati\u00e8re de cookies, se reporter \u00e0 la Charte en mati\u00e8re de cookies du site.\u00a0<a href=\"https:\/\/www.sthik.com\/index.php\/politique-de-confidentialite\" target=\"_blank\" rel=\"noopener\"><b>https:\/\/www.sthik.com\/index.php\/politique-de-confidentialite<\/b><\/a>.<\/p><p style=\"text-align: left;\"><span style=\"text-decoration: underline;\"><strong>ARTICLE 6 &#8211; DISPOSITIONS LEGALES<\/strong><\/span><\/p><p style=\"text-align: left;\">Tous les \u00e9l\u00e9ments du site web www.sthik.com sont prot\u00e9g\u00e9s par le droit des dessins et mod\u00e8les, le droit d&rsquo;auteur, le droit des marques ainsi que le droit \u00e0 l&rsquo;image. Ils ne peuvent \u00eatre copi\u00e9s ou imit\u00e9s en tout ou partie sauf autorisation expresse de LEFEBURE Marc. Toute personne ne respectant pas ces dispositions l\u00e9gales se rend coupable du d\u00e9lit de contrefa\u00e7on et est passible des sanctions p\u00e9nales pr\u00e9vues par la loi.<br \/><span style=\"text-decoration: underline;\">Droits d&rsquo;auteur :<\/span><br \/>Le site www.sthik.com constitue une \u0153uvre au sens des articles L. 111.1 et suivants du Code de la propri\u00e9t\u00e9 intellectuelle. Les photographies, textes, logos, pictogrammes, ainsi que toutes \u0153uvres int\u00e9gr\u00e9es dans le site sont la propri\u00e9t\u00e9 de STHIK ou de tiers ayant autoris\u00e9 STHIK \u00e0 les utiliser. Les reproductions, les transmissions, les modifications, les r\u00e9utilisations, sur un support papier ou informatique, dudit site et des \u0153uvres qui y sont reproduites ne sont autoris\u00e9es que pour un usage personnel et priv\u00e9 conforme aux dispositions de l&rsquo;article L 122-5 du Code de la Propri\u00e9t\u00e9 Intellectuelle. Ces reproductions devront ainsi notamment indiquer clairement la source et l&rsquo;auteur du site et\/ou de ces \u0153uvres multim\u00e9dias. Toute reproduction,<br \/>transmission, modification, r\u00e9utilisation \u00e0 des fins publicitaires, commerciales ou d&rsquo;information, de tout ou partie du site, est totalement interdite.<br \/><span style=\"text-decoration: underline;\">Copyright :<\/span><br \/>Toutes les pages du site www.sthik.com sont prot\u00e9g\u00e9es.<br \/>Tous droits r\u00e9serv\u00e9s, reproduction et diffusion inclus \u00a9 STHIK.<\/p>\t\t\t\t\t\t<\/div>\n\t\t\t\t<\/div>\n\t\t\t\t\t<\/div>\n\t\t\t\t<\/div>\n\t\t\t\t<section class=\"elementor-section elementor-top-section elementor-element elementor-element-934878d gray-bg pad-top-0 pad-bot-0 elementor-section-boxed elementor-section-height-default elementor-section-height-default\" data-id=\"934878d\" data-element_type=\"section\">\n\t\t\t\t\t\t<div class=\"elementor-container elementor-column-gap-default\">\n\t\t\t\t\t<div class=\"elementor-column elementor-col-50 elementor-top-column elementor-element elementor-element-5410fa0\" data-id=\"5410fa0\" data-element_type=\"column\">\n\t\t\t<div class=\"elementor-widget-wrap elementor-element-populated\">\n\t\t\t\t\t\t<div class=\"elementor-element elementor-element-61554ad elementor-widget__width-auto elementor-widget elementor-widget-heading\" data-id=\"61554ad\" data-element_type=\"widget\" data-widget_type=\"heading.default\">\n\t\t\t\t<div class=\"elementor-widget-container\">\n\t\t\t<style>\/*! elementor - v3.21.0 - 22-05-2024 *\/\n.elementor-heading-title{padding:0;margin:0;line-height:1}.elementor-widget-heading .elementor-heading-title[class*=elementor-size-]>a{color:inherit;font-size:inherit;line-height:inherit}.elementor-widget-heading .elementor-heading-title.elementor-size-small{font-size:15px}.elementor-widget-heading .elementor-heading-title.elementor-size-medium{font-size:19px}.elementor-widget-heading .elementor-heading-title.elementor-size-large{font-size:29px}.elementor-widget-heading .elementor-heading-title.elementor-size-xl{font-size:39px}.elementor-widget-heading .elementor-heading-title.elementor-size-xxl{font-size:59px}<\/style><p class=\"elementor-heading-title elementor-size-default\">Tel\u00e9fono de recepci\u00f3n : (+33) 05 45 35 15 15<\/p>\t\t<\/div>\n\t\t\t\t<\/div>\n\t\t\t\t\t<\/div>\n\t\t<\/div>\n\t\t\t\t<div class=\"elementor-column elementor-col-50 elementor-top-column elementor-element elementor-element-50c688b\" data-id=\"50c688b\" data-element_type=\"column\">\n\t\t\t<div class=\"elementor-widget-wrap elementor-element-populated\">\n\t\t\t\t\t\t<div class=\"elementor-element elementor-element-7b66cae elementor-widget__width-inherit elementor-widget-mobile__width-inherit elementor-widget elementor-widget-our_socials\" data-id=\"7b66cae\" data-element_type=\"widget\" data-widget_type=\"our_socials.default\">\n\t\t\t\t<div class=\"elementor-widget-container\">\n\t\t\t        <div class=\"contact-social flex-items-center socials-st1\">\n            <span class=\"cs-title\">Encu\u00e9ntranos en :<\/span>             \n            <ul class=\"socials-ul list-unstyled m-0 p-0\">\n                                    <li><a href=\"https:\/\/facebook.com\" target=\"_blank\"><i class=\"fab fa-facebook-f\"><\/i><\/a><\/li>\n                                        <li><a href=\"https:\/\/www.instagram.com\/\" target=\"_blank\"><i class=\"fab fa-instagram\"><\/i><\/a><\/li>\n                                <\/ul>\n                    <\/div>\n        \t\t<\/div>\n\t\t\t\t<\/div>\n\t\t\t\t\t<\/div>\n\t\t<\/div>\n\t\t\t\t\t<\/div>\n\t\t<\/section>\n\t\t\t\t<\/div>","protected":false},"excerpt":{"rendered":"<p>MENTIONS L\u00c9GALES\u00a0En vigueur au 14\/12\/2023 Conform\u00e9ment aux dispositions des Articles 6-III et 19 de la Loi n\u00b02004-575 du 21 juin 2004 pour laConfiance dans l\u2019\u00e9conomie num\u00e9rique, dite L.C.E.N., il est port\u00e9 \u00e0 la connaissance des utilisateurs etvisiteurs, ci-apr\u00e8s l\u00a0\u00bb\u00a0\u00bbUtilisateur\u00a0\u00bb, du site https:\/\/www.sthik.com, ci-apr\u00e8s le \u00ab\u00a0Site\u00a0\u00bb, les pr\u00e9sentesmentions l\u00e9gales.La connexion et la navigation sur le Site par l\u2019Utilisateur implique acceptation int\u00e9grale et sansr\u00e9serve des pr\u00e9sentes mentions l\u00e9gales.Ces derni\u00e8res sont accessibles sur le Site \u00e0 la rubrique \u00ab Mentions l\u00e9gales \u00bb. ARTICLE 1 &#8211; L&rsquo;EDITEURL&rsquo;\u00e9dition du Site est assur\u00e9e par STHIK SAS au capital de 500000 euros, immatricul\u00e9e au Registre duCommerce et des Soci\u00e9t\u00e9s de Angoul\u00eame sous le num\u00e9ro 393495759 dont le si\u00e8ge social est situ\u00e9au 3 Rue des Vendanges, ZA Le Pont Neuf, 16130, Salles d&rsquo;Angles,Num\u00e9ro de t\u00e9l\u00e9phone 0545351515,Adresse e-mail : commercial@sthik.com.N\u00b0 de TVA intracommunautaire : FR05393495759Le Directeur de la publication est LEFEBURE Marcci-apr\u00e8s l&rsquo;\u00a0\u00bbEditeur\u00a0\u00bb. ARTICLE 2 &#8211; L&rsquo;HEBERGEURH\u00e9bergement : O.V.H.2, [&hellip;]<\/p>","protected":false},"author":1,"featured_media":0,"parent":0,"menu_order":0,"comment_status":"closed","ping_status":"closed","template":"page-full.php","meta":{"footnotes":""},"class_list":["post-11514","page","type-page","status-publish","hentry"],"_links":{"self":[{"href":"https:\/\/www.sthik.com\/es\/wp-json\/wp\/v2\/pages\/11514","targetHints":{"allow":["GET"]}}],"collection":[{"href":"https:\/\/www.sthik.com\/es\/wp-json\/wp\/v2\/pages"}],"about":[{"href":"https:\/\/www.sthik.com\/es\/wp-json\/wp\/v2\/types\/page"}],"author":[{"embeddable":true,"href":"https:\/\/www.sthik.com\/es\/wp-json\/wp\/v2\/users\/1"}],"replies":[{"embeddable":true,"href":"https:\/\/www.sthik.com\/es\/wp-json\/wp\/v2\/comments?post=11514"}],"version-history":[{"count":29,"href":"https:\/\/www.sthik.com\/es\/wp-json\/wp\/v2\/pages\/11514\/revisions"}],"predecessor-version":[{"id":11764,"href":"https:\/\/www.sthik.com\/es\/wp-json\/wp\/v2\/pages\/11514\/revisions\/11764"}],"wp:attachment":[{"href":"https:\/\/www.sthik.com\/es\/wp-json\/wp\/v2\/media?parent=11514"}],"curies":[{"name":"wp","href":"https:\/\/api.w.org\/{rel}","templated":true}]}}