{"id":10853,"date":"2023-12-06T22:17:21","date_gmt":"2023-12-06T21:17:21","guid":{"rendered":"http:\/\/nouveau.sthik.com\/WP1\/?page_id=10853"},"modified":"2024-06-14T08:31:48","modified_gmt":"2024-06-14T06:31:48","slug":"tremie-regulatrice-vibrante","status":"publish","type":"page","link":"https:\/\/www.sthik.com\/es\/tremie-regulatrice-vibrante\/","title":{"rendered":"Tolva Reguladora Vibrante Basculante"},"content":{"rendered":"<div data-elementor-type=\"wp-page\" data-elementor-id=\"10853\" class=\"elementor elementor-10853\">\n\t\t\t\t\t\t<section class=\"elementor-section elementor-top-section elementor-element elementor-element-147a7a4b elementor-section-boxed elementor-section-height-default elementor-section-height-default\" data-id=\"147a7a4b\" data-element_type=\"section\">\n\t\t\t\t\t\t<div class=\"elementor-container elementor-column-gap-default\">\n\t\t\t\t\t<div class=\"elementor-column elementor-col-100 elementor-top-column elementor-element elementor-element-350c0aae\" data-id=\"350c0aae\" data-element_type=\"column\">\n\t\t\t<div class=\"elementor-widget-wrap elementor-element-populated\">\n\t\t\t\t\t\t<section class=\"elementor-section elementor-inner-section elementor-element elementor-element-50343110 elementor-section-boxed elementor-section-height-default elementor-section-height-default\" data-id=\"50343110\" data-element_type=\"section\">\n\t\t\t\t\t\t<div class=\"elementor-container elementor-column-gap-default\">\n\t\t\t\t\t<div class=\"elementor-column elementor-col-50 elementor-inner-column elementor-element elementor-element-6394afcd\" data-id=\"6394afcd\" data-element_type=\"column\">\n\t\t\t<div class=\"elementor-widget-wrap elementor-element-populated\">\n\t\t\t\t\t\t<div class=\"elementor-element elementor-element-37021dfe elementor-widget elementor-widget-image\" data-id=\"37021dfe\" data-element_type=\"widget\" data-widget_type=\"image.default\">\n\t\t\t\t<div class=\"elementor-widget-container\">\n\t\t\t<style>\/*! elementor - v3.21.0 - 22-05-2024 *\/\n.elementor-widget-image{text-align:center}.elementor-widget-image a{display:inline-block}.elementor-widget-image a img[src$=\".svg\"]{width:48px}.elementor-widget-image img{vertical-align:middle;display:inline-block}<\/style>\t\t\t\t\t\t\t<figure class=\"wp-caption\">\n\t\t\t\t\t\t\t\t\t\t<img fetchpriority=\"high\" decoding=\"async\" width=\"502\" height=\"307\" src=\"https:\/\/www.sthik.com\/wp-content\/uploads\/2023\/12\/trv_1.jpg\" class=\"attachment-large size-large wp-image-10855\" alt=\"\" srcset=\"https:\/\/www.sthik.com\/wp-content\/uploads\/2023\/12\/trv_1.jpg 502w, https:\/\/www.sthik.com\/wp-content\/uploads\/2023\/12\/trv_1-300x183.jpg 300w, https:\/\/www.sthik.com\/wp-content\/uploads\/2023\/12\/trv_1-303x185.jpg 303w, https:\/\/www.sthik.com\/wp-content\/uploads\/2023\/12\/trv_1-450x275.jpg 450w, https:\/\/www.sthik.com\/wp-content\/uploads\/2023\/12\/trv_1-466x285.jpg 466w, https:\/\/www.sthik.com\/wp-content\/uploads\/2023\/12\/trv_1-150x92.jpg 150w\" sizes=\"(max-width: 502px) 100vw, 502px\" \/>\t\t\t\t\t\t\t\t\t\t\t<figcaption class=\"widget-image-caption wp-caption-text\"><\/figcaption>\n\t\t\t\t\t\t\t\t\t\t<\/figure>\n\t\t\t\t\t\t\t<\/div>\n\t\t\t\t<\/div>\n\t\t\t\t\t<\/div>\n\t\t<\/div>\n\t\t\t\t<div class=\"elementor-column elementor-col-50 elementor-inner-column elementor-element elementor-element-52ed4aef\" data-id=\"52ed4aef\" data-element_type=\"column\">\n\t\t\t<div class=\"elementor-widget-wrap elementor-element-populated\">\n\t\t\t\t\t\t<div class=\"elementor-element elementor-element-e326e15 elementor-widget elementor-widget-heading\" data-id=\"e326e15\" data-element_type=\"widget\" data-widget_type=\"heading.default\">\n\t\t\t\t<div class=\"elementor-widget-container\">\n\t\t\t<style>\/*! elementor - v3.21.0 - 22-05-2024 *\/\n.elementor-heading-title{padding:0;margin:0;line-height:1}.elementor-widget-heading .elementor-heading-title[class*=elementor-size-]>a{color:inherit;font-size:inherit;line-height:inherit}.elementor-widget-heading .elementor-heading-title.elementor-size-small{font-size:15px}.elementor-widget-heading .elementor-heading-title.elementor-size-medium{font-size:19px}.elementor-widget-heading .elementor-heading-title.elementor-size-large{font-size:29px}.elementor-widget-heading .elementor-heading-title.elementor-size-xl{font-size:39px}.elementor-widget-heading .elementor-heading-title.elementor-size-xxl{font-size:59px}<\/style><h2 class=\"elementor-heading-title elementor-size-default\">Detalles<\/h2>\t\t<\/div>\n\t\t\t\t<\/div>\n\t\t\t\t<div class=\"elementor-element elementor-element-2fccd77f elementor-widget elementor-widget-text-editor\" data-id=\"2fccd77f\" data-element_type=\"widget\" data-widget_type=\"text-editor.default\">\n\t\t\t\t<div class=\"elementor-widget-container\">\n\t\t\t<style>\/*! elementor - v3.21.0 - 22-05-2024 *\/\n.elementor-widget-text-editor.elementor-drop-cap-view-stacked .elementor-drop-cap{background-color:#69727d;color:#fff}.elementor-widget-text-editor.elementor-drop-cap-view-framed .elementor-drop-cap{color:#69727d;border:3px solid;background-color:transparent}.elementor-widget-text-editor:not(.elementor-drop-cap-view-default) .elementor-drop-cap{margin-top:8px}.elementor-widget-text-editor:not(.elementor-drop-cap-view-default) .elementor-drop-cap-letter{width:1em;height:1em}.elementor-widget-text-editor .elementor-drop-cap{float:left;text-align:center;line-height:1;font-size:50px}.elementor-widget-text-editor .elementor-drop-cap-letter{display:inline-block}<\/style>\t\t\t\t<p><a href=\"https:\/\/www.sthik.com\/wp-content\/uploads\/2024\/06\/Catalogo-A4-STHIK-2023-Espana-Chile-T.R.V.-Tolvas-Reguladoras-AZ3.pdf\" target=\"_blank\" rel=\"noopener\">Descargar la ficha t\u00e9cnica de la Tolva Reguladora Vibrante Basculante (PDF)<\/a><\/p>\t\t\t\t\t\t<\/div>\n\t\t\t\t<\/div>\n\t\t\t\t<div class=\"elementor-element elementor-element-3a0382b5 elementor-widget elementor-widget-heading\" data-id=\"3a0382b5\" data-element_type=\"widget\" data-widget_type=\"heading.default\">\n\t\t\t\t<div class=\"elementor-widget-container\">\n\t\t\t<h2 class=\"elementor-heading-title elementor-size-default\">Opciones<\/h2>\t\t<\/div>\n\t\t\t\t<\/div>\n\t\t\t\t\t<\/div>\n\t\t<\/div>\n\t\t\t\t\t<\/div>\n\t\t<\/section>\n\t\t\t\t\t<\/div>\n\t\t<\/div>\n\t\t\t\t\t<\/div>\n\t\t<\/section>\n\t\t<div class=\"elementor-element elementor-element-c38d962 e-flex e-con-boxed e-con e-parent\" data-id=\"c38d962\" data-element_type=\"container\">\n\t\t\t\t\t<div class=\"e-con-inner\">\n\t\t\t\t<div class=\"elementor-element elementor-element-af9c20d elementor-widget elementor-widget-cthslider\" data-id=\"af9c20d\" data-element_type=\"widget\" data-widget_type=\"cthslider.default\">\n\t\t\t\t<div class=\"elementor-widget-container\">\n\t\t\t        <div class=\"prslider-wrap fw-carousel-wrap show-case-slider-wrap\">\n            <!-- fw-carousel  -->\n            <div class=\"fw-carousel  fs-gallery-wrap fl-wrap full-height lightgallery\" data-mousecontrol=\"0\">\n                <div class=\"swiper-container\">\n                    <div class=\"swiper-wrapper\">\n                                            <!-- swiper-slide-->\n                        <div class=\"swiper-slide hov_zoom\">\n                            <img decoding=\"async\" width=\"748\" height=\"548\" src=\"https:\/\/www.sthik.com\/wp-content\/uploads\/2023\/12\/trv_3-748x548.jpg\" class=\"attachment-theroof-slider size-theroof-slider\" alt=\"\" srcset=\"https:\/\/www.sthik.com\/wp-content\/uploads\/2023\/12\/trv_3-748x548.jpg 748w, https:\/\/www.sthik.com\/wp-content\/uploads\/2023\/12\/trv_3-300x220.jpg 300w, https:\/\/www.sthik.com\/wp-content\/uploads\/2023\/12\/trv_3-768x563.jpg 768w, https:\/\/www.sthik.com\/wp-content\/uploads\/2023\/12\/trv_3-274x201.jpg 274w, https:\/\/www.sthik.com\/wp-content\/uploads\/2023\/12\/trv_3-549x402.jpg 549w, https:\/\/www.sthik.com\/wp-content\/uploads\/2023\/12\/trv_3-478x350.jpg 478w, https:\/\/www.sthik.com\/wp-content\/uploads\/2023\/12\/trv_3-450x330.jpg 450w, https:\/\/www.sthik.com\/wp-content\/uploads\/2023\/12\/trv_3-389x285.jpg 389w, https:\/\/www.sthik.com\/wp-content\/uploads\/2023\/12\/trv_3-137x100.jpg 137w, https:\/\/www.sthik.com\/wp-content\/uploads\/2023\/12\/trv_3-600x440.jpg 600w, https:\/\/www.sthik.com\/wp-content\/uploads\/2023\/12\/trv_3.jpg 800w\" sizes=\"(max-width: 748px) 100vw, 748px\" \/>                            <a href=\"https:\/\/www.sthik.com\/wp-content\/uploads\/2023\/12\/trv_3.jpg\" class=\"box-media-zoom popup-gal\"><i class=\"fal fa-search\"><\/i><\/a>\n                            <span class=\"slide-numb\">.01<\/span>\n                        <\/div>\n                        <!-- swiper-slide end-->\n                                            <!-- swiper-slide-->\n                        <div class=\"swiper-slide hov_zoom\">\n                            <img decoding=\"async\" width=\"758\" height=\"548\" src=\"https:\/\/www.sthik.com\/wp-content\/uploads\/2023\/12\/trv_2-758x548.jpg\" class=\"attachment-theroof-slider size-theroof-slider\" alt=\"\" srcset=\"https:\/\/www.sthik.com\/wp-content\/uploads\/2023\/12\/trv_2-758x548.jpg 758w, https:\/\/www.sthik.com\/wp-content\/uploads\/2023\/12\/trv_2-300x217.jpg 300w, https:\/\/www.sthik.com\/wp-content\/uploads\/2023\/12\/trv_2-768x555.jpg 768w, https:\/\/www.sthik.com\/wp-content\/uploads\/2023\/12\/trv_2-278x201.jpg 278w, https:\/\/www.sthik.com\/wp-content\/uploads\/2023\/12\/trv_2-556x402.jpg 556w, https:\/\/www.sthik.com\/wp-content\/uploads\/2023\/12\/trv_2-484x350.jpg 484w, https:\/\/www.sthik.com\/wp-content\/uploads\/2023\/12\/trv_2-450x325.jpg 450w, https:\/\/www.sthik.com\/wp-content\/uploads\/2023\/12\/trv_2-394x285.jpg 394w, https:\/\/www.sthik.com\/wp-content\/uploads\/2023\/12\/trv_2-138x100.jpg 138w, https:\/\/www.sthik.com\/wp-content\/uploads\/2023\/12\/trv_2-600x434.jpg 600w, https:\/\/www.sthik.com\/wp-content\/uploads\/2023\/12\/trv_2.jpg 800w\" sizes=\"(max-width: 758px) 100vw, 758px\" \/>                            <a href=\"https:\/\/www.sthik.com\/wp-content\/uploads\/2023\/12\/trv_2.jpg\" class=\"box-media-zoom popup-gal\"><i class=\"fal fa-search\"><\/i><\/a>\n                            <span class=\"slide-numb\">.02<\/span>\n                        <\/div>\n                        <!-- swiper-slide end-->\n                                        <\/div>\n                <\/div>\n            <\/div>\n            <!-- fw-carousel end -->\n            <div class=\"fw-carousel-button-prev ss-slider-cont\"><i class=\"fal fa-angle-left\"><\/i><\/div>\n            <div class=\"fw-carousel-button-next ss-slider-cont\"><i class=\"fal fa-angle-right\"><\/i><\/div>\n            <div class=\"ss-slider-controls2 fwc_pag\">\n                <div class=\"ss-slider-pagination\"><\/div>\n            <\/div>\n        <\/div>\n        \t\t<\/div>\n\t\t\t\t<\/div>\n\t\t\t\t\t<\/div>\n\t\t\t\t<\/div>\n\t\t<div class=\"elementor-element elementor-element-48aa179 e-flex e-con-boxed e-con e-parent\" data-id=\"48aa179\" data-element_type=\"container\">\n\t\t\t\t\t<div class=\"e-con-inner\">\n\t\t\t\t\t<\/div>\n\t\t\t\t<\/div>\n\t\t\t\t<\/div>","protected":false},"excerpt":{"rendered":"<p>D\u00e9tails T\u00e9l\u00e9charger la fiche technique de la Tr\u00e9mie R\u00e9gulatrice Vibrante (PDF) Options .01 .02<\/p>","protected":false},"author":1,"featured_media":0,"parent":0,"menu_order":0,"comment_status":"closed","ping_status":"closed","template":"","meta":{"footnotes":""},"class_list":["post-10853","page","type-page","status-publish","hentry"],"_links":{"self":[{"href":"https:\/\/www.sthik.com\/es\/wp-json\/wp\/v2\/pages\/10853","targetHints":{"allow":["GET"]}}],"collection":[{"href":"https:\/\/www.sthik.com\/es\/wp-json\/wp\/v2\/pages"}],"about":[{"href":"https:\/\/www.sthik.com\/es\/wp-json\/wp\/v2\/types\/page"}],"author":[{"embeddable":true,"href":"https:\/\/www.sthik.com\/es\/wp-json\/wp\/v2\/users\/1"}],"replies":[{"embeddable":true,"href":"https:\/\/www.sthik.com\/es\/wp-json\/wp\/v2\/comments?post=10853"}],"version-history":[{"count":22,"href":"https:\/\/www.sthik.com\/es\/wp-json\/wp\/v2\/pages\/10853\/revisions"}],"predecessor-version":[{"id":13761,"href":"https:\/\/www.sthik.com\/es\/wp-json\/wp\/v2\/pages\/10853\/revisions\/13761"}],"wp:attachment":[{"href":"https:\/\/www.sthik.com\/es\/wp-json\/wp\/v2\/media?parent=10853"}],"curies":[{"name":"wp","href":"https:\/\/api.w.org\/{rel}","templated":true}]}}