{"id":10717,"date":"2023-12-01T16:55:30","date_gmt":"2023-12-01T15:55:30","guid":{"rendered":"http:\/\/nouveau.sthik.com\/WP1\/?page_id=10717"},"modified":"2024-06-28T10:28:23","modified_gmt":"2024-06-28T08:28:23","slug":"benne-basculante-a-bec","status":"publish","type":"page","link":"https:\/\/www.sthik.com\/es\/benne-basculante-a-bec\/","title":{"rendered":"REMOLQUE BASCULANTE CON DESCARGA CONTROLADA"},"content":{"rendered":"<div data-elementor-type=\"wp-page\" data-elementor-id=\"10717\" class=\"elementor elementor-10717\">\n\t\t\t\t\t\t<section class=\"elementor-section elementor-top-section elementor-element elementor-element-f552289 elementor-section-boxed elementor-section-height-default elementor-section-height-default\" data-id=\"f552289\" data-element_type=\"section\">\n\t\t\t\t\t\t<div class=\"elementor-container elementor-column-gap-default\">\n\t\t\t\t\t<div class=\"elementor-column elementor-col-100 elementor-top-column elementor-element elementor-element-7654565b\" data-id=\"7654565b\" data-element_type=\"column\">\n\t\t\t<div class=\"elementor-widget-wrap elementor-element-populated\">\n\t\t\t\t\t\t<section class=\"elementor-section elementor-inner-section elementor-element elementor-element-680ac529 elementor-section-boxed elementor-section-height-default elementor-section-height-default\" data-id=\"680ac529\" data-element_type=\"section\">\n\t\t\t\t\t\t<div class=\"elementor-container elementor-column-gap-default\">\n\t\t\t\t\t<div class=\"elementor-column elementor-col-50 elementor-inner-column elementor-element elementor-element-3136ccb2\" data-id=\"3136ccb2\" data-element_type=\"column\">\n\t\t\t<div class=\"elementor-widget-wrap elementor-element-populated\">\n\t\t\t\t\t\t<div class=\"elementor-element elementor-element-4d5eb29 elementor-widget elementor-widget-image\" data-id=\"4d5eb29\" data-element_type=\"widget\" data-widget_type=\"image.default\">\n\t\t\t\t<div class=\"elementor-widget-container\">\n\t\t\t<style>\/*! elementor - v3.21.0 - 22-05-2024 *\/\n.elementor-widget-image{text-align:center}.elementor-widget-image a{display:inline-block}.elementor-widget-image a img[src$=\".svg\"]{width:48px}.elementor-widget-image img{vertical-align:middle;display:inline-block}<\/style>\t\t\t\t\t\t\t<figure class=\"wp-caption\">\n\t\t\t\t\t\t\t\t\t\t<img fetchpriority=\"high\" decoding=\"async\" width=\"502\" height=\"307\" src=\"https:\/\/www.sthik.com\/wp-content\/uploads\/2023\/12\/benne_a_bec.jpg\" class=\"attachment-large size-large wp-image-10720\" alt=\"\" srcset=\"https:\/\/www.sthik.com\/wp-content\/uploads\/2023\/12\/benne_a_bec.jpg 502w, https:\/\/www.sthik.com\/wp-content\/uploads\/2023\/12\/benne_a_bec-300x183.jpg 300w, https:\/\/www.sthik.com\/wp-content\/uploads\/2023\/12\/benne_a_bec-303x185.jpg 303w, https:\/\/www.sthik.com\/wp-content\/uploads\/2023\/12\/benne_a_bec-450x275.jpg 450w, https:\/\/www.sthik.com\/wp-content\/uploads\/2023\/12\/benne_a_bec-466x285.jpg 466w, https:\/\/www.sthik.com\/wp-content\/uploads\/2023\/12\/benne_a_bec-150x92.jpg 150w\" sizes=\"(max-width: 502px) 100vw, 502px\" \/>\t\t\t\t\t\t\t\t\t\t\t<figcaption class=\"widget-image-caption wp-caption-text\"><\/figcaption>\n\t\t\t\t\t\t\t\t\t\t<\/figure>\n\t\t\t\t\t\t\t<\/div>\n\t\t\t\t<\/div>\n\t\t\t\t<div class=\"elementor-element elementor-element-26385b0 elementor-widget elementor-widget-text-editor\" data-id=\"26385b0\" data-element_type=\"widget\" data-widget_type=\"text-editor.default\">\n\t\t\t\t<div class=\"elementor-widget-container\">\n\t\t\t<style>\/*! elementor - v3.21.0 - 22-05-2024 *\/\n.elementor-widget-text-editor.elementor-drop-cap-view-stacked .elementor-drop-cap{background-color:#69727d;color:#fff}.elementor-widget-text-editor.elementor-drop-cap-view-framed .elementor-drop-cap{color:#69727d;border:3px solid;background-color:transparent}.elementor-widget-text-editor:not(.elementor-drop-cap-view-default) .elementor-drop-cap{margin-top:8px}.elementor-widget-text-editor:not(.elementor-drop-cap-view-default) .elementor-drop-cap-letter{width:1em;height:1em}.elementor-widget-text-editor .elementor-drop-cap{float:left;text-align:center;line-height:1;font-size:50px}.elementor-widget-text-editor .elementor-drop-cap-letter{display:inline-block}<\/style>\t\t\t\t<div>\n<p>Los chasis elevadores STHIK han sido desarrollados y patentados con un sistema de elevaci\u00f3n diferente que elimina los caminos de rodadura en favor de ejes con engrasadores, permitiendo un importante espacio trasero, lo que garantiza libertad de movimiento alrededor de los dispositivos de recepci\u00f3n. Con este principio, hemos aumentado la estabilidad de nuestras benas para permitir alturas de hasta 3 metros sin dispositivos adicionales de estabilizaci\u00f3n.<\/p>\n<p>El uso de un \u00fanico cilindro de elevaci\u00f3n permite vol\u00famenes de aceite reducidos, favoreciendo tiempos de elevaci\u00f3n cortos, independientemente del tipo de tractor.<\/p>\n<\/div>\t\t\t\t\t\t<\/div>\n\t\t\t\t<\/div>\n\t\t\t\t\t<\/div>\n\t\t<\/div>\n\t\t\t\t<div class=\"elementor-column elementor-col-50 elementor-inner-column elementor-element elementor-element-43991bb3\" data-id=\"43991bb3\" data-element_type=\"column\">\n\t\t\t<div class=\"elementor-widget-wrap elementor-element-populated\">\n\t\t\t\t\t\t<div class=\"elementor-element elementor-element-1218db63 elementor-widget elementor-widget-heading\" data-id=\"1218db63\" data-element_type=\"widget\" data-widget_type=\"heading.default\">\n\t\t\t\t<div class=\"elementor-widget-container\">\n\t\t\t<style>\/*! elementor - v3.21.0 - 22-05-2024 *\/\n.elementor-heading-title{padding:0;margin:0;line-height:1}.elementor-widget-heading .elementor-heading-title[class*=elementor-size-]>a{color:inherit;font-size:inherit;line-height:inherit}.elementor-widget-heading .elementor-heading-title.elementor-size-small{font-size:15px}.elementor-widget-heading .elementor-heading-title.elementor-size-medium{font-size:19px}.elementor-widget-heading .elementor-heading-title.elementor-size-large{font-size:29px}.elementor-widget-heading .elementor-heading-title.elementor-size-xl{font-size:39px}.elementor-widget-heading .elementor-heading-title.elementor-size-xxl{font-size:59px}<\/style><h2 class=\"elementor-heading-title elementor-size-default\">Detalles<\/h2>\t\t<\/div>\n\t\t\t\t<\/div>\n\t\t\t\t<div class=\"elementor-element elementor-element-35b53130 elementor-widget elementor-widget-text-editor\" data-id=\"35b53130\" data-element_type=\"widget\" data-widget_type=\"text-editor.default\">\n\t\t\t\t<div class=\"elementor-widget-container\">\n\t\t\t\t\t\t\t<p><a href=\"https:\/\/www.sthik.com\/wp-content\/uploads\/2024\/06\/Catalogo-A4-STHIK-2020-Espana-Chile-Remolques-S.B.-B.H.-con-pico.pdf\" target=\"_blank\" rel=\"noopener\">Descargar la ficha t\u00e9cnica del Remolque Basculante con Descarga Controlada (PDF)<\/a><\/p>\t\t\t\t\t\t<\/div>\n\t\t\t\t<\/div>\n\t\t\t\t<div class=\"elementor-element elementor-element-66596697 elementor-widget elementor-widget-heading\" data-id=\"66596697\" data-element_type=\"widget\" data-widget_type=\"heading.default\">\n\t\t\t\t<div class=\"elementor-widget-container\">\n\t\t\t<h2 class=\"elementor-heading-title elementor-size-default\">Opciones<\/h2>\t\t<\/div>\n\t\t\t\t<\/div>\n\t\t\t\t<div class=\"elementor-element elementor-element-72abd922 elementor-widget elementor-widget-accordion\" data-id=\"72abd922\" data-element_type=\"widget\" data-widget_type=\"accordion.default\">\n\t\t\t\t<div class=\"elementor-widget-container\">\n\t\t\t<style>\/*! elementor - v3.21.0 - 22-05-2024 *\/\n.elementor-accordion{text-align:start}.elementor-accordion .elementor-accordion-item{border:1px solid #d5d8dc}.elementor-accordion .elementor-accordion-item+.elementor-accordion-item{border-top:none}.elementor-accordion .elementor-tab-title{margin:0;padding:15px 20px;font-weight:700;line-height:1;cursor:pointer;outline:none}.elementor-accordion .elementor-tab-title .elementor-accordion-icon{display:inline-block;width:1.5em}.elementor-accordion .elementor-tab-title .elementor-accordion-icon svg{width:1em;height:1em}.elementor-accordion .elementor-tab-title .elementor-accordion-icon.elementor-accordion-icon-right{float:right;text-align:right}.elementor-accordion .elementor-tab-title .elementor-accordion-icon.elementor-accordion-icon-left{float:left;text-align:left}.elementor-accordion .elementor-tab-title .elementor-accordion-icon .elementor-accordion-icon-closed{display:block}.elementor-accordion .elementor-tab-title .elementor-accordion-icon .elementor-accordion-icon-opened,.elementor-accordion .elementor-tab-title.elementor-active .elementor-accordion-icon-closed{display:none}.elementor-accordion .elementor-tab-title.elementor-active .elementor-accordion-icon-opened{display:block}.elementor-accordion .elementor-tab-content{display:none;padding:15px 20px;border-top:1px solid #d5d8dc}@media (max-width:767px){.elementor-accordion .elementor-tab-title{padding:12px 15px}.elementor-accordion .elementor-tab-title .elementor-accordion-icon{width:1.2em}.elementor-accordion .elementor-tab-content{padding:7px 15px}}.e-con-inner>.elementor-widget-accordion,.e-con>.elementor-widget-accordion{width:var(--container-widget-width);--flex-grow:var(--container-widget-flex-grow)}<\/style>\t\t<div class=\"elementor-accordion\">\n\t\t\t\t\t\t\t<div class=\"elementor-accordion-item\">\n\t\t\t\t\t<div id=\"elementor-tab-title-1921\" class=\"elementor-tab-title\" data-tab=\"1\" role=\"button\" aria-controls=\"elementor-tab-content-1921\" aria-expanded=\"false\">\n\t\t\t\t\t\t\t\t\t\t\t\t\t<span class=\"elementor-accordion-icon elementor-accordion-icon-left\" aria-hidden=\"true\">\n\t\t\t\t\t\t\t\t\t\t\t\t\t\t\t<span class=\"elementor-accordion-icon-closed\"><i class=\"fas fa-plus\"><\/i><\/span>\n\t\t\t\t\t\t\t\t<span class=\"elementor-accordion-icon-opened\"><i class=\"fas fa-minus\"><\/i><\/span>\n\t\t\t\t\t\t\t\t\t\t\t\t\t\t<\/span>\n\t\t\t\t\t\t\t\t\t\t\t\t<a class=\"elementor-accordion-title\" tabindex=\"0\">AirTecWine<\/a>\n\t\t\t\t\t<\/div>\n\t\t\t\t\t<div id=\"elementor-tab-content-1921\" class=\"elementor-tab-content elementor-clearfix\" data-tab=\"1\" role=\"region\" aria-labelledby=\"elementor-tab-title-1921\"><p><img decoding=\"async\" class=\"alignnone size-thumbnail wp-image-10236\" src=\"https:\/\/www.sthik.com\/wp-content\/uploads\/2023\/10\/timon_airtec-1-150x150.jpg\" alt=\"\" width=\"150\" height=\"150\" srcset=\"https:\/\/www.sthik.com\/wp-content\/uploads\/2023\/10\/timon_airtec-1-150x150.jpg 150w, https:\/\/www.sthik.com\/wp-content\/uploads\/2023\/10\/timon_airtec-1-100x100.jpg 100w\" sizes=\"(max-width: 150px) 100vw, 150px\" \/><\/p><p>Tecnolog\u00eda innovadora de suspensi\u00f3n neum\u00e1tica para preservar la vendimia durante el transporte. Sistema aut\u00f3nomo que solo requiere una toma de 12V. Combinado con un sistema de gesti\u00f3n autom\u00e1tica del peso, AirTecWine conserva su amortiguaci\u00f3n y altura de caja, independientemente de la carga de vendimia.<\/p><ul><li>Amortiguaci\u00f3n ajustada autom\u00e1ticamente<\/li><li>Respeto a la vendimia durante el transporte<\/li><li>Gran confort en carretera<\/li><\/ul><\/div>\n\t\t\t\t<\/div>\n\t\t\t\t\t\t\t<div class=\"elementor-accordion-item\">\n\t\t\t\t\t<div id=\"elementor-tab-title-1922\" class=\"elementor-tab-title\" data-tab=\"2\" role=\"button\" aria-controls=\"elementor-tab-content-1922\" aria-expanded=\"false\">\n\t\t\t\t\t\t\t\t\t\t\t\t\t<span class=\"elementor-accordion-icon elementor-accordion-icon-left\" aria-hidden=\"true\">\n\t\t\t\t\t\t\t\t\t\t\t\t\t\t\t<span class=\"elementor-accordion-icon-closed\"><i class=\"fas fa-plus\"><\/i><\/span>\n\t\t\t\t\t\t\t\t<span class=\"elementor-accordion-icon-opened\"><i class=\"fas fa-minus\"><\/i><\/span>\n\t\t\t\t\t\t\t\t\t\t\t\t\t\t<\/span>\n\t\t\t\t\t\t\t\t\t\t\t\t<a class=\"elementor-accordion-title\" tabindex=\"0\">Tapa Hidr\u00e1ulica<\/a>\n\t\t\t\t\t<\/div>\n\t\t\t\t\t<div id=\"elementor-tab-content-1922\" class=\"elementor-tab-content elementor-clearfix\" data-tab=\"2\" role=\"region\" aria-labelledby=\"elementor-tab-title-1922\"><p><img decoding=\"async\" class=\"alignnone size-thumbnail wp-image-10231\" src=\"https:\/\/www.sthik.com\/wp-content\/uploads\/2023\/10\/sb_couvercle-150x150.jpg\" alt=\"\" width=\"150\" height=\"150\" srcset=\"https:\/\/www.sthik.com\/wp-content\/uploads\/2023\/10\/sb_couvercle-150x150.jpg 150w, https:\/\/www.sthik.com\/wp-content\/uploads\/2023\/10\/sb_couvercle-100x100.jpg 100w\" sizes=\"(max-width: 150px) 100vw, 150px\" \/><\/p><p>Evita la oxidaci\u00f3n, optimiza el llenado de la carga y evita la contaminaci\u00f3n de la vendimia por cuerpos extra\u00f1os (grava, tierra, lluvia, etc.).<\/p><\/div>\n\t\t\t\t<\/div>\n\t\t\t\t\t\t\t<div class=\"elementor-accordion-item\">\n\t\t\t\t\t<div id=\"elementor-tab-title-1923\" class=\"elementor-tab-title\" data-tab=\"3\" role=\"button\" aria-controls=\"elementor-tab-content-1923\" aria-expanded=\"false\">\n\t\t\t\t\t\t\t\t\t\t\t\t\t<span class=\"elementor-accordion-icon elementor-accordion-icon-left\" aria-hidden=\"true\">\n\t\t\t\t\t\t\t\t\t\t\t\t\t\t\t<span class=\"elementor-accordion-icon-closed\"><i class=\"fas fa-plus\"><\/i><\/span>\n\t\t\t\t\t\t\t\t<span class=\"elementor-accordion-icon-opened\"><i class=\"fas fa-minus\"><\/i><\/span>\n\t\t\t\t\t\t\t\t\t\t\t\t\t\t<\/span>\n\t\t\t\t\t\t\t\t\t\t\t\t<a class=\"elementor-accordion-title\" tabindex=\"0\">Doble-Fond<\/a>\n\t\t\t\t\t<\/div>\n\t\t\t\t\t<div id=\"elementor-tab-content-1923\" class=\"elementor-tab-content elementor-clearfix\" data-tab=\"3\" role=\"region\" aria-labelledby=\"elementor-tab-title-1923\"><p><img loading=\"lazy\" decoding=\"async\" class=\"alignnone size-thumbnail wp-image-10217\" src=\"https:\/\/www.sthik.com\/wp-content\/uploads\/2023\/10\/double_fond-150x150.jpg\" alt=\"\" width=\"150\" height=\"150\" srcset=\"https:\/\/www.sthik.com\/wp-content\/uploads\/2023\/10\/double_fond-150x150.jpg 150w, https:\/\/www.sthik.com\/wp-content\/uploads\/2023\/10\/double_fond-100x100.jpg 100w, https:\/\/www.sthik.com\/wp-content\/uploads\/2023\/10\/double_fond.jpg 200w\" sizes=\"(max-width: 150px) 100vw, 150px\" \/><\/p><p>Evita la oxidaci\u00f3n y maceraci\u00f3n de los jugos durante el transporte. Permite optimizar el volumen de carga.<\/p><\/div>\n\t\t\t\t<\/div>\n\t\t\t\t\t\t\t<div class=\"elementor-accordion-item\">\n\t\t\t\t\t<div id=\"elementor-tab-title-1924\" class=\"elementor-tab-title\" data-tab=\"4\" role=\"button\" aria-controls=\"elementor-tab-content-1924\" aria-expanded=\"false\">\n\t\t\t\t\t\t\t\t\t\t\t\t\t<span class=\"elementor-accordion-icon elementor-accordion-icon-left\" aria-hidden=\"true\">\n\t\t\t\t\t\t\t\t\t\t\t\t\t\t\t<span class=\"elementor-accordion-icon-closed\"><i class=\"fas fa-plus\"><\/i><\/span>\n\t\t\t\t\t\t\t\t<span class=\"elementor-accordion-icon-opened\"><i class=\"fas fa-minus\"><\/i><\/span>\n\t\t\t\t\t\t\t\t\t\t\t\t\t\t<\/span>\n\t\t\t\t\t\t\t\t\t\t\t\t<a class=\"elementor-accordion-title\" tabindex=\"0\">Kit Toldo Alimentario<\/a>\n\t\t\t\t\t<\/div>\n\t\t\t\t\t<div id=\"elementor-tab-content-1924\" class=\"elementor-tab-content elementor-clearfix\" data-tab=\"4\" role=\"region\" aria-labelledby=\"elementor-tab-title-1924\"><p><img loading=\"lazy\" decoding=\"async\" class=\"alignnone size-thumbnail wp-image-10234\" src=\"https:\/\/www.sthik.com\/wp-content\/uploads\/2023\/10\/sb-bache-150x150.jpg\" alt=\"\" width=\"150\" height=\"150\" srcset=\"https:\/\/www.sthik.com\/wp-content\/uploads\/2023\/10\/sb-bache-150x150.jpg 150w, https:\/\/www.sthik.com\/wp-content\/uploads\/2023\/10\/sb-bache-300x300.jpg 300w, https:\/\/www.sthik.com\/wp-content\/uploads\/2023\/10\/sb-bache-100x100.jpg 100w\" sizes=\"(max-width: 150px) 100vw, 150px\" \/><\/p><\/div>\n\t\t\t\t<\/div>\n\t\t\t\t\t\t\t<div class=\"elementor-accordion-item\">\n\t\t\t\t\t<div id=\"elementor-tab-title-1925\" class=\"elementor-tab-title\" data-tab=\"5\" role=\"button\" aria-controls=\"elementor-tab-content-1925\" aria-expanded=\"false\">\n\t\t\t\t\t\t\t\t\t\t\t\t\t<span class=\"elementor-accordion-icon elementor-accordion-icon-left\" aria-hidden=\"true\">\n\t\t\t\t\t\t\t\t\t\t\t\t\t\t\t<span class=\"elementor-accordion-icon-closed\"><i class=\"fas fa-plus\"><\/i><\/span>\n\t\t\t\t\t\t\t\t<span class=\"elementor-accordion-icon-opened\"><i class=\"fas fa-minus\"><\/i><\/span>\n\t\t\t\t\t\t\t\t\t\t\t\t\t\t<\/span>\n\t\t\t\t\t\t\t\t\t\t\t\t<a class=\"elementor-accordion-title\" tabindex=\"0\">Puerta Automatica<\/a>\n\t\t\t\t\t<\/div>\n\t\t\t\t\t<div id=\"elementor-tab-content-1925\" class=\"elementor-tab-content elementor-clearfix\" data-tab=\"5\" role=\"region\" aria-labelledby=\"elementor-tab-title-1925\"><p><img loading=\"lazy\" decoding=\"async\" class=\"alignnone size-thumbnail wp-image-10232\" src=\"https:\/\/www.sthik.com\/wp-content\/uploads\/2023\/10\/sb_porte-auto-150x150.jpg\" alt=\"\" width=\"150\" height=\"150\" srcset=\"https:\/\/www.sthik.com\/wp-content\/uploads\/2023\/10\/sb_porte-auto-150x150.jpg 150w, https:\/\/www.sthik.com\/wp-content\/uploads\/2023\/10\/sb_porte-auto-100x100.jpg 100w, https:\/\/www.sthik.com\/wp-content\/uploads\/2023\/10\/sb_porte-auto.jpg 200w\" sizes=\"(max-width: 150px) 100vw, 150px\" \/><\/p><\/div>\n\t\t\t\t<\/div>\n\t\t\t\t\t\t\t<div class=\"elementor-accordion-item\">\n\t\t\t\t\t<div id=\"elementor-tab-title-1926\" class=\"elementor-tab-title\" data-tab=\"6\" role=\"button\" aria-controls=\"elementor-tab-content-1926\" aria-expanded=\"false\">\n\t\t\t\t\t\t\t\t\t\t\t\t\t<span class=\"elementor-accordion-icon elementor-accordion-icon-left\" aria-hidden=\"true\">\n\t\t\t\t\t\t\t\t\t\t\t\t\t\t\t<span class=\"elementor-accordion-icon-closed\"><i class=\"fas fa-plus\"><\/i><\/span>\n\t\t\t\t\t\t\t\t<span class=\"elementor-accordion-icon-opened\"><i class=\"fas fa-minus\"><\/i><\/span>\n\t\t\t\t\t\t\t\t\t\t\t\t\t\t<\/span>\n\t\t\t\t\t\t\t\t\t\t\t\t<a class=\"elementor-accordion-title\" tabindex=\"0\">Neum\u00e1ticos<\/a>\n\t\t\t\t\t<\/div>\n\t\t\t\t\t<div id=\"elementor-tab-content-1926\" class=\"elementor-tab-content elementor-clearfix\" data-tab=\"6\" role=\"region\" aria-labelledby=\"elementor-tab-title-1926\"><p><img loading=\"lazy\" decoding=\"async\" class=\"alignnone size-thumbnail wp-image-10227\" src=\"https:\/\/www.sthik.com\/wp-content\/uploads\/2023\/10\/pneus-150x150.jpg\" alt=\"\" width=\"150\" height=\"150\" srcset=\"https:\/\/www.sthik.com\/wp-content\/uploads\/2023\/10\/pneus-150x150.jpg 150w, https:\/\/www.sthik.com\/wp-content\/uploads\/2023\/10\/pneus-100x100.jpg 100w, https:\/\/www.sthik.com\/wp-content\/uploads\/2023\/10\/pneus.jpg 200w\" sizes=\"(max-width: 150px) 100vw, 150px\" \/><\/p><p>Diversas combinaciones posibles (consultar tarifas).<\/p><\/div>\n\t\t\t\t<\/div>\n\t\t\t\t\t\t\t<div class=\"elementor-accordion-item\">\n\t\t\t\t\t<div id=\"elementor-tab-title-1927\" class=\"elementor-tab-title\" data-tab=\"7\" role=\"button\" aria-controls=\"elementor-tab-content-1927\" aria-expanded=\"false\">\n\t\t\t\t\t\t\t\t\t\t\t\t\t<span class=\"elementor-accordion-icon elementor-accordion-icon-left\" aria-hidden=\"true\">\n\t\t\t\t\t\t\t\t\t\t\t\t\t\t\t<span class=\"elementor-accordion-icon-closed\"><i class=\"fas fa-plus\"><\/i><\/span>\n\t\t\t\t\t\t\t\t<span class=\"elementor-accordion-icon-opened\"><i class=\"fas fa-minus\"><\/i><\/span>\n\t\t\t\t\t\t\t\t\t\t\t\t\t\t<\/span>\n\t\t\t\t\t\t\t\t\t\t\t\t<a class=\"elementor-accordion-title\" tabindex=\"0\">Inertizaci\u00f3n bajo CO2<\/a>\n\t\t\t\t\t<\/div>\n\t\t\t\t\t<div id=\"elementor-tab-content-1927\" class=\"elementor-tab-content elementor-clearfix\" data-tab=\"7\" role=\"region\" aria-labelledby=\"elementor-tab-title-1927\"><p><img loading=\"lazy\" decoding=\"async\" class=\"alignnone size-thumbnail wp-image-11481\" src=\"https:\/\/www.sthik.com\/wp-content\/uploads\/2019\/08\/inertage_sb-150x150.jpg\" alt=\"\" width=\"150\" height=\"150\" srcset=\"https:\/\/www.sthik.com\/wp-content\/uploads\/2019\/08\/inertage_sb-150x150.jpg 150w, https:\/\/www.sthik.com\/wp-content\/uploads\/2019\/08\/inertage_sb-100x100.jpg 100w\" sizes=\"(max-width: 150px) 100vw, 150px\" \/><\/p><\/div>\n\t\t\t\t<\/div>\n\t\t\t\t\t\t\t\t<\/div>\n\t\t\t\t<\/div>\n\t\t\t\t<\/div>\n\t\t\t\t\t<\/div>\n\t\t<\/div>\n\t\t\t\t\t<\/div>\n\t\t<\/section>\n\t\t\t\t\t<\/div>\n\t\t<\/div>\n\t\t\t\t\t<\/div>\n\t\t<\/section>\n\t\t<div class=\"elementor-element elementor-element-48aa179 e-flex e-con-boxed e-con e-parent\" data-id=\"48aa179\" data-element_type=\"container\">\n\t\t\t\t\t<div class=\"e-con-inner\">\n\t\t\t\t<div class=\"elementor-element elementor-element-9aa914f elementor-widget elementor-widget-video\" data-id=\"9aa914f\" data-element_type=\"widget\" data-settings=\"{&quot;youtube_url&quot;:&quot;https:\\\/\\\/youtu.be\\\/RjEG804fpuA?si=OAmHHqrRqUX2ezY3&quot;,&quot;video_type&quot;:&quot;youtube&quot;,&quot;controls&quot;:&quot;yes&quot;}\" data-widget_type=\"video.default\">\n\t\t\t\t<div class=\"elementor-widget-container\">\n\t\t\t<style>\/*! elementor - v3.21.0 - 22-05-2024 *\/\n.elementor-widget-video .elementor-widget-container{overflow:hidden;transform:translateZ(0)}.elementor-widget-video .elementor-wrapper{aspect-ratio:var(--video-aspect-ratio)}.elementor-widget-video .elementor-wrapper iframe,.elementor-widget-video .elementor-wrapper video{height:100%;width:100%;display:flex;border:none;background-color:#000}@supports not (aspect-ratio:1\/1){.elementor-widget-video .elementor-wrapper{position:relative;overflow:hidden;height:0;padding-bottom:calc(100% \/ var(--video-aspect-ratio))}.elementor-widget-video .elementor-wrapper iframe,.elementor-widget-video .elementor-wrapper video{position:absolute;top:0;right:0;bottom:0;left:0}}.elementor-widget-video .elementor-open-inline .elementor-custom-embed-image-overlay{position:absolute;top:0;right:0;bottom:0;left:0;background-size:cover;background-position:50%}.elementor-widget-video .elementor-custom-embed-image-overlay{cursor:pointer;text-align:center}.elementor-widget-video .elementor-custom-embed-image-overlay:hover .elementor-custom-embed-play i{opacity:1}.elementor-widget-video .elementor-custom-embed-image-overlay img{display:block;width:100%;aspect-ratio:var(--video-aspect-ratio);-o-object-fit:cover;object-fit:cover;-o-object-position:center center;object-position:center center}@supports not (aspect-ratio:1\/1){.elementor-widget-video .elementor-custom-embed-image-overlay{position:relative;overflow:hidden;height:0;padding-bottom:calc(100% \/ var(--video-aspect-ratio))}.elementor-widget-video .elementor-custom-embed-image-overlay img{position:absolute;top:0;right:0;bottom:0;left:0}}.elementor-widget-video .e-hosted-video .elementor-video{-o-object-fit:cover;object-fit:cover}.e-con-inner>.elementor-widget-video,.e-con>.elementor-widget-video{width:var(--container-widget-width);--flex-grow:var(--container-widget-flex-grow)}<\/style>\t\t<div class=\"elementor-wrapper elementor-open-inline\">\n\t\t\t<div class=\"elementor-video\"><\/div>\t\t<\/div>\n\t\t\t\t<\/div>\n\t\t\t\t<\/div>\n\t\t\t\t\t<\/div>\n\t\t\t\t<\/div>\n\t\t\t\t<\/div>","protected":false},"excerpt":{"rendered":"<p>Les ch\u00e2ssis \u00e9l\u00e9vateurs STHIK ont \u00e9t\u00e9&nbsp;d\u00e9velopp\u00e9s et brevet\u00e9s sur un syst\u00e8me de levage diff\u00e9rent supprimant les chemins de roulement aux profits d\u2019axes avec graisseurs afin de privil\u00e9gier un d\u00e9gagement arri\u00e8re important, gage de libert\u00e9 de mouvement autour&nbsp;des appareils de r\u00e9ception. De par ce principe, nous avons accru la stabilit\u00e9 de nos bennes pour permettre des hauteurs pouvant avoisiner les 3 m\u00e8tres sans dispositif de stabilisation additionnel. L\u2019utilisation d\u2019un seul et unique v\u00e9rin de levage autorise des volumes d\u2019huile peu importants, favorisant des temps d\u2019\u00e9l\u00e9vation r\u00e9duits quel que soit votre type de tracteur. D\u00e9tails T\u00e9l\u00e9charger la fiche technique de la Benne Basculante \u00e0 Bec (PDF) Options AirTecWine Technologie innovante de suspension pneumatique pour pr\u00e9server la vendange pendant le transport. Syst\u00e8me autonome ne n\u00e9cessitant qu&rsquo;une prise 12V. Coupl\u00e9 \u00e0 un syst\u00e8me de gestion automatique du poids, AirTecWine conserve son amortissement et son assiette (hauteur de caisse) quelle que soit la charge de [&hellip;]<\/p>","protected":false},"author":1,"featured_media":0,"parent":0,"menu_order":0,"comment_status":"closed","ping_status":"closed","template":"","meta":{"footnotes":""},"class_list":["post-10717","page","type-page","status-publish","hentry"],"_links":{"self":[{"href":"https:\/\/www.sthik.com\/es\/wp-json\/wp\/v2\/pages\/10717","targetHints":{"allow":["GET"]}}],"collection":[{"href":"https:\/\/www.sthik.com\/es\/wp-json\/wp\/v2\/pages"}],"about":[{"href":"https:\/\/www.sthik.com\/es\/wp-json\/wp\/v2\/types\/page"}],"author":[{"embeddable":true,"href":"https:\/\/www.sthik.com\/es\/wp-json\/wp\/v2\/users\/1"}],"replies":[{"embeddable":true,"href":"https:\/\/www.sthik.com\/es\/wp-json\/wp\/v2\/comments?post=10717"}],"version-history":[{"count":25,"href":"https:\/\/www.sthik.com\/es\/wp-json\/wp\/v2\/pages\/10717\/revisions"}],"predecessor-version":[{"id":13888,"href":"https:\/\/www.sthik.com\/es\/wp-json\/wp\/v2\/pages\/10717\/revisions\/13888"}],"wp:attachment":[{"href":"https:\/\/www.sthik.com\/es\/wp-json\/wp\/v2\/media?parent=10717"}],"curies":[{"name":"wp","href":"https:\/\/api.w.org\/{rel}","templated":true}]}}