{"id":8899,"date":"2021-08-07T10:18:49","date_gmt":"2021-08-07T08:18:49","guid":{"rendered":"https:\/\/theroof.cththemes.com\/?page_id=8899"},"modified":"2023-11-15T09:33:45","modified_gmt":"2023-11-15T08:33:45","slug":"services","status":"publish","type":"page","link":"https:\/\/www.sthik.com\/en\/services\/","title":{"rendered":"Nos Services"},"content":{"rendered":"<div data-elementor-type=\"wp-page\" data-elementor-id=\"8899\" class=\"elementor elementor-8899\">\n\t\t\t\t\t\t<section class=\"elementor-section elementor-top-section elementor-element elementor-element-36ade48f gray-bg small-top_padding stp-bot has-hex elementor-section-boxed elementor-section-height-default elementor-section-height-default\" data-id=\"36ade48f\" data-element_type=\"section\">\n\t\t\t\t\t\t<div class=\"elementor-container elementor-column-gap-extended\">\n\t\t\t\t\t<div class=\"elementor-column elementor-col-66 elementor-top-column elementor-element elementor-element-534d994e\" data-id=\"534d994e\" data-element_type=\"column\">\n\t\t\t<div class=\"elementor-widget-wrap elementor-element-populated\">\n\t\t\t\t\t\t<div class=\"elementor-element elementor-element-ab2ba66 elementor-widget elementor-widget-cthservices\" data-id=\"ab2ba66\" data-element_type=\"widget\" data-widget_type=\"cthservices.default\">\n\t\t\t\t<div class=\"elementor-widget-container\">\n\t\t\t        <div class=\"services-grid-wrap\">\n                        <div class=\"services-grid cthiso-items cthiso-flex cthiso-two-cols cthiso-medium-pad\">\n            \n                            <div class=\"cthiso-item\">\n                    <div class=\"det-box\">\n                                                <a href=\"https:\/\/www.sthik.com\/en\/service\/construction-consultant\/\" class=\"det-box-media\"><span>DETAILS<\/span>\n                            <img decoding=\"async\" width=\"200\" height=\"200\" src=\"https:\/\/www.sthik.com\/wp-content\/uploads\/2023\/10\/grille.jpg\" class=\"respimg wp-post-image\" alt=\"\" srcset=\"https:\/\/www.sthik.com\/wp-content\/uploads\/2023\/10\/grille.jpg 200w, https:\/\/www.sthik.com\/wp-content\/uploads\/2023\/10\/grille-150x150.jpg 150w, https:\/\/www.sthik.com\/wp-content\/uploads\/2023\/10\/grille-100x100.jpg 100w\" sizes=\"(max-width: 200px) 100vw, 200px\" \/>                        <\/a>\n                                                <div class=\"det-box-item\">\n                            <h3><a href=\"https:\/\/www.sthik.com\/en\/service\/construction-consultant\/\">Am\u00e9lioration de votre \u00e9quipement, le boost dans le temps<\/a><\/h3>\n                            <!-- <ul class=\"serv-list list-unstyled d-flex\">\n                                <li>Architecture<\/li>\n                                <li>Design<\/li>\n                                <li>Renovation<\/li>\n                            <\/ul> -->\n                                                            <ul class=\"serv-list list-unstyled d-flex\">\n                                    <li>Maintenance<\/li><li>Modernisation<\/li>                                <\/ul>\n                                \n                            <p>Lorem Ipsum is simply dummy text of the printing and typesetting industry. Lorem Ipsum hass beefdn the industry&rsquo;s standard text. Ut enim ad minim veniam<\/p>\n                            <div class=\"d-flex justify-content-between mt-2 align-items-center\">\n                                <a href=\"https:\/\/www.sthik.com\/en\/service\/construction-consultant\/\" class=\"det-box-link\">Read more<\/a>\n                                <span class=\"serv_number ms-4 ml-4\">01.<\/span>\n                            <\/div>\n                            \n                        <\/div>\n                    <\/div>\n                <\/div>\n                            <div class=\"cthiso-item\">\n                    <div class=\"det-box\">\n                                                <a href=\"https:\/\/www.sthik.com\/en\/service\/building-engineering\/\" class=\"det-box-media\"><span>DETAILS<\/span>\n                            <img decoding=\"async\" width=\"200\" height=\"200\" src=\"https:\/\/www.sthik.com\/wp-content\/uploads\/2023\/10\/double_fond.jpg\" class=\"respimg wp-post-image\" alt=\"\" srcset=\"https:\/\/www.sthik.com\/wp-content\/uploads\/2023\/10\/double_fond.jpg 200w, https:\/\/www.sthik.com\/wp-content\/uploads\/2023\/10\/double_fond-150x150.jpg 150w, https:\/\/www.sthik.com\/wp-content\/uploads\/2023\/10\/double_fond-100x100.jpg 100w\" sizes=\"(max-width: 200px) 100vw, 200px\" \/>                        <\/a>\n                                                <div class=\"det-box-item\">\n                            <h3><a href=\"https:\/\/www.sthik.com\/en\/service\/building-engineering\/\">Ensemble construisons le mat\u00e9riel adapt\u00e9 \u00e0 votre activit\u00e9<\/a><\/h3>\n                            <!-- <ul class=\"serv-list list-unstyled d-flex\">\n                                <li>Architecture<\/li>\n                                <li>Design<\/li>\n                                <li>Renovation<\/li>\n                            <\/ul> -->\n                                                            <ul class=\"serv-list list-unstyled d-flex\">\n                                    <li>Design<\/li><li>Modernisation<\/li>                                <\/ul>\n                                \n                            <p>Lorem Ipsum is simply dummy text of the printing and typesetting industry. Lorem Ipsum hass beefdn the industry&rsquo;s standard text. Ut enim ad minim veniam<\/p>\n                            <div class=\"d-flex justify-content-between mt-2 align-items-center\">\n                                <a href=\"https:\/\/www.sthik.com\/en\/service\/building-engineering\/\" class=\"det-box-link\">Read more<\/a>\n                                <span class=\"serv_number ms-4 ml-4\">02.<\/span>\n                            <\/div>\n                            \n                        <\/div>\n                    <\/div>\n                <\/div>\n            \n            <\/div>\n\n                    <\/div>\n        \t\t<\/div>\n\t\t\t\t<\/div>\n\t\t\t\t<section class=\"elementor-section elementor-inner-section elementor-element elementor-element-2889d2d2 elementor-section-content-middle order-wrap mt-35 elementor-section-boxed elementor-section-height-default elementor-section-height-default\" data-id=\"2889d2d2\" data-element_type=\"section\">\n\t\t\t\t\t\t<div class=\"elementor-container elementor-column-gap-default\">\n\t\t\t\t\t<div class=\"elementor-column elementor-col-50 elementor-inner-column elementor-element elementor-element-59bccef0\" data-id=\"59bccef0\" data-element_type=\"column\">\n\t\t\t<div class=\"elementor-widget-wrap elementor-element-populated\">\n\t\t\t\t\t\t<div class=\"elementor-element elementor-element-17ff5242 elementor-widget__width-initial elementor-widget elementor-widget-section_title\" data-id=\"17ff5242\" data-element_type=\"widget\" data-widget_type=\"section_title.default\">\n\t\t\t\t<div class=\"elementor-widget-container\">\n\t\t\t        <div class=\"section-title st-left st-st7\">\n                    <h2 class=\"sec-title\"><span>Pr\u00eat pour vous lancer, contactez-nous<\/span><\/h2>                    <\/div>\n        \t\t<\/div>\n\t\t\t\t<\/div>\n\t\t\t\t\t<\/div>\n\t\t<\/div>\n\t\t\t\t<div class=\"elementor-column elementor-col-50 elementor-inner-column elementor-element elementor-element-588684f1\" data-id=\"588684f1\" data-element_type=\"column\">\n\t\t\t<div class=\"elementor-widget-wrap elementor-element-populated\">\n\t\t\t\t\t\t<div class=\"elementor-element elementor-element-43d8330 ml-auto ms-auto mr-5 me-5 elementor-widget__width-auto elementor-widget-tablet__width-inherit elementor-widget elementor-widget-cthbutton\" data-id=\"43d8330\" data-element_type=\"widget\" data-widget_type=\"cthbutton.default\">\n\t\t\t\t<div class=\"elementor-widget-container\">\n\t\t\t \n            <a href=\"http:\/\/nouveau.sthik.com\/WP1\/index.php\/contact\/\"  class=\"tbtn tbtn color-bg small-btn normal normalw-btn icon-left btn-no-text-no\"><span>Contact<\/span><\/a>\n        \t\t<\/div>\n\t\t\t\t<\/div>\n\t\t\t\t\t<\/div>\n\t\t<\/div>\n\t\t\t\t\t<\/div>\n\t\t<\/section>\n\t\t\t\t\t<\/div>\n\t\t<\/div>\n\t\t\t\t<div class=\"elementor-column elementor-col-33 elementor-top-column elementor-element elementor-element-48516d7a\" data-id=\"48516d7a\" data-element_type=\"column\">\n\t\t\t<div class=\"elementor-widget-wrap elementor-element-populated\">\n\t\t\t\t\t\t<div class=\"elementor-element elementor-element-39061ce elementor-widget elementor-widget-service_nav\" data-id=\"39061ce\" data-element_type=\"widget\" data-widget_type=\"service_nav.default\">\n\t\t\t\t<div class=\"elementor-widget-container\">\n\t\t\t\t\t<ul class=\"serv-nav ps-0 pl-0 mb-10\">\n            <li><a href=\"https:\/\/theroof.cththemes.com\/services\/\"  class=\"\">All Services<\/a><\/li>\t\t            \n            <li><a href=\"https:\/\/www.sthik.com\/en\/service\/construction-consultant\/\" class=\"\">Am\u00e9lioration de votre \u00e9quipement, le boost dans le temps<\/a><\/li>\n\t\t            \n            <li><a href=\"https:\/\/www.sthik.com\/en\/service\/building-engineering\/\" class=\"\">Ensemble construisons le mat\u00e9riel adapt\u00e9 \u00e0 votre activit\u00e9<\/a><\/li>\n\t\t\t\t<\/ul>\n\t\t        \t\t<\/div>\n\t\t\t\t<\/div>\n\t\t\t\t<div class=\"elementor-element elementor-element-50868e80 elementor-widget elementor-widget-html\" data-id=\"50868e80\" data-element_type=\"widget\" data-widget_type=\"html.default\">\n\t\t\t\t<div class=\"elementor-widget-container\">\n\t\t\t<h3 class=\"widget-title\">Brochures<\/h3>\n<ul class=\"tbtn-nav list-unstyled mb-0\">\n\t<li><a href=\"https:\/\/theroof.cththemes.com\/contact\/\"><i class=\"fal fa-file-pdf\"><\/i><span>Download .PDF<\/span><\/a><\/li>\n\t<li><a href=\"https:\/\/theroof.cththemes.com\/contact\/\"><i class=\"fal fa-file-word\"><\/i><span>Download.DOC<\/span><\/a><\/li>\n<\/ul>\t\t<\/div>\n\t\t\t\t<\/div>\n\t\t\t\t\t<\/div>\n\t\t<\/div>\n\t\t\t\t\t<\/div>\n\t\t<\/section>\n\t\t\t\t<\/div>","protected":false},"excerpt":{"rendered":"<p>DETAILS Am\u00e9lioration de votre \u00e9quipement, le boost dans le temps Maintenance Modernisation Lorem Ipsum is simply dummy text of the printing and typesetting industry. Lorem Ipsum hass beefdn the industry&rsquo;s standard text. Ut enim ad minim veniam Read more 01. DETAILS Ensemble construisons le mat\u00e9riel adapt\u00e9 \u00e0 votre activit\u00e9 Design Modernisation Lorem Ipsum is simply dummy text of the printing and typesetting industry. Lorem Ipsum hass beefdn the industry&rsquo;s standard text. Ut enim ad minim veniam Read more 02. Pr\u00eat pour vous lancer, contactez-nous Contact All Services Am\u00e9lioration de votre \u00e9quipement, le boost dans le temps Ensemble construisons le mat\u00e9riel adapt\u00e9 \u00e0 votre activit\u00e9 Brochures Download .PDF Download.DOC<\/p>","protected":false},"author":1,"featured_media":0,"parent":0,"menu_order":0,"comment_status":"closed","ping_status":"closed","template":"page-full.php","meta":{"footnotes":""},"class_list":["post-8899","page","type-page","status-publish","hentry"],"_links":{"self":[{"href":"https:\/\/www.sthik.com\/en\/wp-json\/wp\/v2\/pages\/8899","targetHints":{"allow":["GET"]}}],"collection":[{"href":"https:\/\/www.sthik.com\/en\/wp-json\/wp\/v2\/pages"}],"about":[{"href":"https:\/\/www.sthik.com\/en\/wp-json\/wp\/v2\/types\/page"}],"author":[{"embeddable":true,"href":"https:\/\/www.sthik.com\/en\/wp-json\/wp\/v2\/users\/1"}],"replies":[{"embeddable":true,"href":"https:\/\/www.sthik.com\/en\/wp-json\/wp\/v2\/comments?post=8899"}],"version-history":[{"count":14,"href":"https:\/\/www.sthik.com\/en\/wp-json\/wp\/v2\/pages\/8899\/revisions"}],"predecessor-version":[{"id":10605,"href":"https:\/\/www.sthik.com\/en\/wp-json\/wp\/v2\/pages\/8899\/revisions\/10605"}],"wp:attachment":[{"href":"https:\/\/www.sthik.com\/en\/wp-json\/wp\/v2\/media?parent=8899"}],"curies":[{"name":"wp","href":"https:\/\/api.w.org\/{rel}","templated":true}]}}