{"id":8459,"date":"2016-10-06T03:56:06","date_gmt":"2016-10-06T03:56:06","guid":{"rendered":"http:\/\/demowp.cththemes.net\/diopter\/?page_id=294"},"modified":"2024-05-30T15:48:11","modified_gmt":"2024-05-30T13:48:11","slug":"contact","status":"publish","type":"page","link":"https:\/\/www.sthik.com\/en\/contact\/","title":{"rendered":"Contact \u2013 Info"},"content":{"rendered":"<div data-elementor-type=\"wp-post\" data-elementor-id=\"8459\" class=\"elementor elementor-8459\">\n\t\t\t\t\t\t<section class=\"elementor-section elementor-top-section elementor-element elementor-element-934878d gray-bg pad-top-0 pad-bot-0 elementor-section-boxed elementor-section-height-default elementor-section-height-default\" data-id=\"934878d\" data-element_type=\"section\" data-settings=\"{&quot;background_background&quot;:&quot;classic&quot;}\">\n\t\t\t\t\t\t<div class=\"elementor-container elementor-column-gap-default\">\n\t\t\t\t\t<div class=\"elementor-column elementor-col-50 elementor-top-column elementor-element elementor-element-5410fa0\" data-id=\"5410fa0\" data-element_type=\"column\">\n\t\t\t<div class=\"elementor-widget-wrap elementor-element-populated\">\n\t\t\t\t\t\t<div class=\"elementor-element elementor-element-61554ad elementor-widget__width-auto elementor-widget elementor-widget-heading\" data-id=\"61554ad\" data-element_type=\"widget\" data-widget_type=\"heading.default\">\n\t\t\t\t<div class=\"elementor-widget-container\">\n\t\t\t<style>\/*! elementor - v3.21.0 - 22-05-2024 *\/\n.elementor-heading-title{padding:0;margin:0;line-height:1}.elementor-widget-heading .elementor-heading-title[class*=elementor-size-]>a{color:inherit;font-size:inherit;line-height:inherit}.elementor-widget-heading .elementor-heading-title.elementor-size-small{font-size:15px}.elementor-widget-heading .elementor-heading-title.elementor-size-medium{font-size:19px}.elementor-widget-heading .elementor-heading-title.elementor-size-large{font-size:29px}.elementor-widget-heading .elementor-heading-title.elementor-size-xl{font-size:39px}.elementor-widget-heading .elementor-heading-title.elementor-size-xxl{font-size:59px}<\/style><p class=\"elementor-heading-title elementor-size-default\">Join Home: +33 545 351 515<\/p>\t\t<\/div>\n\t\t\t\t<\/div>\n\t\t\t\t\t<\/div>\n\t\t<\/div>\n\t\t\t\t<div class=\"elementor-column elementor-col-50 elementor-top-column elementor-element elementor-element-50c688b\" data-id=\"50c688b\" data-element_type=\"column\">\n\t\t\t<div class=\"elementor-widget-wrap elementor-element-populated\">\n\t\t\t\t\t\t<div class=\"elementor-element elementor-element-7b66cae elementor-widget__width-inherit elementor-widget-mobile__width-inherit elementor-widget elementor-widget-our_socials\" data-id=\"7b66cae\" data-element_type=\"widget\" data-widget_type=\"our_socials.default\">\n\t\t\t\t<div class=\"elementor-widget-container\">\n\t\t\t        <div class=\"contact-social flex-items-center socials-st1\">\n            <span class=\"cs-title\">follow us:<\/span>             \n            <ul class=\"socials-ul list-unstyled m-0 p-0\">\n                                    <li><a href=\"https:\/\/www.facebook.com\/sthiksas\" target=\"_blank\"><i class=\"fab fa-facebook-f\"><\/i><\/a><\/li>\n                                        <li><a href=\"https:\/\/www.instagram.com\/sthik_france\/\" target=\"_blank\"><i class=\"fab fa-instagram\"><\/i><\/a><\/li>\n                                        <li><a href=\"https:\/\/www.linkedin.com\/company\/sthik\/\" ><i class=\"fab fa-linkedin\"><\/i><\/a><\/li>\n                                <\/ul>\n                    <\/div>\n        \t\t<\/div>\n\t\t\t\t<\/div>\n\t\t\t\t\t<\/div>\n\t\t<\/div>\n\t\t\t\t\t<\/div>\n\t\t<\/section>\n\t\t\t\t<section class=\"elementor-section elementor-top-section elementor-element elementor-element-5f38d8f gray-bg pad-top-30 pb-50 elementor-section-boxed elementor-section-height-default elementor-section-height-default\" data-id=\"5f38d8f\" data-element_type=\"section\">\n\t\t\t\t\t\t<div class=\"elementor-container elementor-column-gap-default\">\n\t\t\t\t\t<div class=\"elementor-column elementor-col-100 elementor-top-column elementor-element elementor-element-491631d\" data-id=\"491631d\" data-element_type=\"column\">\n\t\t\t<div class=\"elementor-widget-wrap elementor-element-populated\">\n\t\t\t\t\t\t<div class=\"elementor-element elementor-element-222b6e6 elementor-widget elementor-widget-heading\" data-id=\"222b6e6\" data-element_type=\"widget\" data-widget_type=\"heading.default\">\n\t\t\t\t<div class=\"elementor-widget-container\">\n\t\t\t<h3 class=\"elementor-heading-title elementor-size-default\">Location of our headquarters in France<\/h3>\t\t<\/div>\n\t\t\t\t<\/div>\n\t\t\t\t<div class=\"elementor-element elementor-element-7dc9bcc elementor-widget elementor-widget-html\" data-id=\"7dc9bcc\" data-element_type=\"widget\" data-widget_type=\"html.default\">\n\t\t\t\t<div class=\"elementor-widget-container\">\n\t\t\t<iframe src=\"https:\/\/www.google.com\/maps\/embed?pb=!1m18!1m12!1m3!1d2788.8651363698978!2d-0.3356190870092989!3d45.653530020664164!2m3!1f0!2f0!3f0!3m2!1i1024!2i768!4f13.1!3m3!1m2!1s0x4800680b79190a47%3A0x837d3307c091bded!2sSthik!5e0!3m2!1sfr!2sfr!4v1712309315109!5m2!1sfr!2sfr\" width=\"600\" height=\"450\" style=\"border:0;\" allowfullscreen=\"\" loading=\"lazy\" referrerpolicy=\"no-referrer-when-downgrade\"><\/iframe>\t\t<\/div>\n\t\t\t\t<\/div>\n\t\t\t\t<div class=\"elementor-element elementor-element-0185f46 elementor-widget elementor-widget-wpforms\" data-id=\"0185f46\" data-element_type=\"widget\" data-widget_type=\"wpforms.default\">\n\t\t\t\t<div class=\"elementor-widget-container\">\n\t\t\t<style id=\"wpforms-css-vars-root\">\n\t\t\t\t:root {\n\t\t\t\t\t--wpforms-field-border-radius: 3px;\n--wpforms-field-border-style: solid;\n--wpforms-field-border-size: 1px;\n--wpforms-field-background-color: #ffffff;\n--wpforms-field-border-color: rgba( 0, 0, 0, 0.25 );\n--wpforms-field-border-color-spare: rgba( 0, 0, 0, 0.25 );\n--wpforms-field-text-color: rgba( 0, 0, 0, 0.7 );\n--wpforms-field-menu-color: #ffffff;\n--wpforms-label-color: rgba( 0, 0, 0, 0.85 );\n--wpforms-label-sublabel-color: rgba( 0, 0, 0, 0.55 );\n--wpforms-label-error-color: #d63637;\n--wpforms-button-border-radius: 3px;\n--wpforms-button-border-style: none;\n--wpforms-button-border-size: 1px;\n--wpforms-button-background-color: #066aab;\n--wpforms-button-border-color: #066aab;\n--wpforms-button-text-color: #ffffff;\n--wpforms-page-break-color: #066aab;\n--wpforms-background-image: none;\n--wpforms-background-position: center center;\n--wpforms-background-repeat: no-repeat;\n--wpforms-background-size: cover;\n--wpforms-background-width: 100px;\n--wpforms-background-height: 100px;\n--wpforms-background-color: rgba( 0, 0, 0, 0 );\n--wpforms-background-url: none;\n--wpforms-container-padding: 0px;\n--wpforms-container-border-style: none;\n--wpforms-container-border-width: 1px;\n--wpforms-container-border-color: #000000;\n--wpforms-container-border-radius: 3px;\n--wpforms-field-size-input-height: 43px;\n--wpforms-field-size-input-spacing: 15px;\n--wpforms-field-size-font-size: 16px;\n--wpforms-field-size-line-height: 19px;\n--wpforms-field-size-padding-h: 14px;\n--wpforms-field-size-checkbox-size: 16px;\n--wpforms-field-size-sublabel-spacing: 5px;\n--wpforms-field-size-icon-size: 1;\n--wpforms-label-size-font-size: 16px;\n--wpforms-label-size-line-height: 19px;\n--wpforms-label-size-sublabel-font-size: 14px;\n--wpforms-label-size-sublabel-line-height: 17px;\n--wpforms-button-size-font-size: 17px;\n--wpforms-button-size-height: 41px;\n--wpforms-button-size-padding-h: 15px;\n--wpforms-button-size-margin-top: 10px;\n--wpforms-container-shadow-size-box-shadow: none;\n\n\t\t\t\t}\n\t\t\t<\/style><style id=\"wpforms-css-vars-elementor-widget-0185f46\">\n\t\t\t\t.elementor-widget-wpforms.elementor-element-0185f46 {\n\t\t\t\t\t--wpforms-field-background-color: #E6E6E6;\n--wpforms-button-background-color: #151E69;\n--wpforms-field-size-input-height: 43px;\n--wpforms-field-size-input-spacing: 15px;\n--wpforms-field-size-font-size: 16px;\n--wpforms-field-size-line-height: 19px;\n--wpforms-field-size-padding-h: 14px;\n--wpforms-field-size-checkbox-size: 16px;\n--wpforms-field-size-sublabel-spacing: 5px;\n--wpforms-field-size-icon-size: 1;\n--wpforms-label-size-font-size: 16px;\n--wpforms-label-size-line-height: 19px;\n--wpforms-label-size-sublabel-font-size: 14px;\n--wpforms-label-size-sublabel-line-height: 17px;\n--wpforms-button-size-font-size: 17px;\n--wpforms-button-size-height: 41px;\n--wpforms-button-size-padding-h: 15px;\n--wpforms-button-size-margin-top: 10px;\n\n\t\t\t\t}\n\t\t\t<\/style><div class=\"wpforms-container wpforms-container-full wpforms-render-modern\" id=\"wpforms-13616\"><form id=\"wpforms-form-13616\" class=\"wpforms-validate wpforms-form wpforms-ajax-form\" data-formid=\"13616\" method=\"post\" enctype=\"multipart\/form-data\" action=\"\/en\/wp-json\/wp\/v2\/pages\/8459\" data-token=\"27477cf227bcf386af61db0aeea4b295\" data-token-time=\"1777425126\" data-trp-original-action=\"\/en\/wp-json\/wp\/v2\/pages\/8459\"><div class=\"wpforms-head-container\"><div class=\"wpforms-title\">STHIK : CONTACT US VIA THIS FORM<\/div><\/div><noscript class=\"wpforms-error-noscript\">Please enable JavaScript in your browser to complete this form.<\/noscript><div class=\"wpforms-hidden\" id=\"wpforms-error-noscript\">Please enable JavaScript in your browser to complete this form.<\/div><div class=\"wpforms-field-container\"><div id=\"wpforms-13616-field_0-container\" class=\"wpforms-field wpforms-field-name\" data-field-id=\"0\"><fieldset><legend class=\"wpforms-field-label\">Name <span class=\"wpforms-required-label\" aria-hidden=\"true\">*<\/span><\/legend><div class=\"wpforms-field-row wpforms-field-medium\"><div class=\"wpforms-field-row-block wpforms-first wpforms-one-half\"><input type=\"text\" id=\"wpforms-13616-field_0\" class=\"wpforms-field-name-first wpforms-field-required\" name=\"wpforms[fields][0][first]\" aria-errormessage=\"wpforms-13616-field_0-error\" required><label for=\"wpforms-13616-field_0\" class=\"wpforms-field-sublabel after\">First<\/label><\/div><div class=\"wpforms-field-row-block wpforms-one-half\"><input type=\"text\" id=\"wpforms-13616-field_0-last\" class=\"wpforms-field-name-last wpforms-field-required\" name=\"wpforms[fields][0][last]\" aria-errormessage=\"wpforms-13616-field_0-last-error\" required><label for=\"wpforms-13616-field_0-last\" class=\"wpforms-field-sublabel after\">Last<\/label><\/div><\/div><\/fieldset><\/div><div id=\"wpforms-13616-field_1-container\" class=\"wpforms-field wpforms-field-email\" data-field-id=\"1\"><label class=\"wpforms-field-label\" for=\"wpforms-13616-field_1\">E-mail <span class=\"wpforms-required-label\" aria-hidden=\"true\">*<\/span><\/label><input type=\"email\" id=\"wpforms-13616-field_1\" class=\"wpforms-field-medium wpforms-field-required\" name=\"wpforms[fields][1]\" spellcheck=\"false\" aria-errormessage=\"wpforms-13616-field_1-error\" required><\/div><div id=\"wpforms-13616-field_2-container\" class=\"wpforms-field wpforms-field-textarea\" data-field-id=\"2\"><label class=\"wpforms-field-label\" for=\"wpforms-13616-field_2\">Comment or message <span class=\"wpforms-required-label\" aria-hidden=\"true\">*<\/span><\/label><textarea id=\"wpforms-13616-field_2\" class=\"wpforms-field-medium wpforms-field-required\" name=\"wpforms[fields][2]\" aria-errormessage=\"wpforms-13616-field_2-error\" required><\/textarea><\/div><div id=\"wpforms-13616-field_4-container\" class=\"wpforms-field wpforms-field-number-slider\" data-field-id=\"4\"><label class=\"wpforms-field-label\" for=\"wpforms-13616-field_4\">Check : in which year are we ? [Move the cursor]<\/label>\n<input\n\ttype=\"range\"\n\tid=\"wpforms-13616-field_4\" class=\"wpforms-field-medium\" name=\"wpforms[fields][4]\" value=\"20\" aria-errormessage=\"wpforms-13616-field_4-error\"\t\tmin=\"20\"\n\tmax=\"30\"\n\tstep=\"1\">\n\n<div class=\"wpforms-field-number-slider-hint\"\n\tdata-hint=\"Valeur s\u00e9lectionn\u00e9e\u00a0: {value}\">\n\tSelected value : <b>20<\/b><\/div>\n<\/div><div id=\"wpforms-13616-field_3-container\" class=\"wpforms-field wpforms-field-gdpr-checkbox\" data-field-id=\"3\"><label class=\"wpforms-field-label\">Agreement RGPD <span class=\"wpforms-required-label\" aria-hidden=\"true\">*<\/span><\/label><ul id=\"wpforms-13616-field_3\" class=\"wpforms-field-required\"><li class=\"choice-1\"><input type=\"checkbox\" id=\"wpforms-13616-field_3_1\" name=\"wpforms[fields][3][]\" value=\"Je consens \u00e0 ce que ce site stocke mes informations envoy\u00e9es afin qu\u2019ils puissent r\u00e9pondre \u00e0 ma requ\u00eate.\" aria-errormessage=\"wpforms-13616-field_3_1-error\" required><label class=\"wpforms-field-label-inline\" for=\"wpforms-13616-field_3_1\">I agree that this website store my information sent so that they can respond to my query.<\/label><\/li><\/ul><\/div><\/div><!-- .wpforms-field-container --><div class=\"wpforms-recaptcha-container wpforms-is-recaptcha wpforms-is-recaptcha-type-v2\" ><div class=\"g-recaptcha\" data-sitekey=\"6Le8kOwpAAAAALGTHdH5H5ZH-dF1tm7zzDcAdplm\"><\/div><input type=\"text\" name=\"g-recaptcha-hidden\" class=\"wpforms-recaptcha-hidden\" style=\"position:absolute!important;clip:rect(0,0,0,0)!important;height:1px!important;width:1px!important;border:0!important;overflow:hidden!important;padding:0!important;margin:0!important;\" data-rule-recaptcha=\"1\"><\/div><div class=\"wpforms-submit-container\" ><input type=\"hidden\" name=\"wpforms[id]\" value=\"13616\"><input type=\"hidden\" name=\"page_title\" value=\"\"><input type=\"hidden\" name=\"page_url\" value=\"https:\/\/www.sthik.com\/en\/wp-json\/wp\/v2\/pages\/8459\"><button type=\"submit\" name=\"wpforms[submit]\" id=\"wpforms-submit-13616\" class=\"wpforms-submit\" data-alt-text=\"Envoi...\" data-submit-text=\"Envoyer\" aria-live=\"assertive\" value=\"wpforms-submit\">Send<\/button><img decoding=\"async\" src=\"https:\/\/www.sthik.com\/wp-content\/plugins\/wpforms-lite\/assets\/images\/submit-spin.svg\" class=\"wpforms-submit-spinner\" style=\"display: none;\" width=\"26\" height=\"26\" alt=\"Loading\"><\/div><input type=\"hidden\" name=\"trp-form-language\" value=\"en\"\/><\/form><\/div>  <!-- .wpforms-container -->\t\t<\/div>\n\t\t\t\t<\/div>\n\t\t\t\t<div class=\"elementor-element elementor-element-229d567 elementor-widget elementor-widget-image\" data-id=\"229d567\" data-element_type=\"widget\" data-widget_type=\"image.default\">\n\t\t\t\t<div class=\"elementor-widget-container\">\n\t\t\t<style>\/*! elementor - v3.21.0 - 22-05-2024 *\/\n.elementor-widget-image{text-align:center}.elementor-widget-image a{display:inline-block}.elementor-widget-image a img[src$=\".svg\"]{width:48px}.elementor-widget-image img{vertical-align:middle;display:inline-block}<\/style>\t\t\t\t\t\t\t\t\t\t<img fetchpriority=\"high\" decoding=\"async\" width=\"2048\" height=\"1152\" src=\"https:\/\/www.sthik.com\/wp-content\/uploads\/2024\/03\/STHIK-Siege_0-2048x1152.png\" class=\"attachment-2048x2048 size-2048x2048 wp-image-13420\" alt=\"\" srcset=\"https:\/\/www.sthik.com\/wp-content\/uploads\/2024\/03\/STHIK-Siege_0-2048x1152.png 2048w, https:\/\/www.sthik.com\/wp-content\/uploads\/2024\/03\/STHIK-Siege_0-300x169.png 300w, https:\/\/www.sthik.com\/wp-content\/uploads\/2024\/03\/STHIK-Siege_0-1024x576.png 1024w, https:\/\/www.sthik.com\/wp-content\/uploads\/2024\/03\/STHIK-Siege_0-768x432.png 768w, https:\/\/www.sthik.com\/wp-content\/uploads\/2024\/03\/STHIK-Siege_0-1536x864.png 1536w, https:\/\/www.sthik.com\/wp-content\/uploads\/2024\/03\/STHIK-Siege_0-18x10.png 18w, https:\/\/www.sthik.com\/wp-content\/uploads\/2024\/03\/STHIK-Siege_0-830x467.png 830w, https:\/\/www.sthik.com\/wp-content\/uploads\/2024\/03\/STHIK-Siege_0-303x170.png 303w, https:\/\/www.sthik.com\/wp-content\/uploads\/2024\/03\/STHIK-Siege_0-606x341.png 606w, https:\/\/www.sthik.com\/wp-content\/uploads\/2024\/03\/STHIK-Siege_0-530x298.png 530w, https:\/\/www.sthik.com\/wp-content\/uploads\/2024\/03\/STHIK-Siege_0-450x253.png 450w, https:\/\/www.sthik.com\/wp-content\/uploads\/2024\/03\/STHIK-Siege_0-500x281.png 500w, https:\/\/www.sthik.com\/wp-content\/uploads\/2024\/03\/STHIK-Siege_0-150x84.png 150w, https:\/\/www.sthik.com\/wp-content\/uploads\/2024\/03\/STHIK-Siege_0-12x7.png 12w, https:\/\/www.sthik.com\/wp-content\/uploads\/2024\/03\/STHIK-Siege_0-24x14.png 24w, https:\/\/www.sthik.com\/wp-content\/uploads\/2024\/03\/STHIK-Siege_0-36x20.png 36w, https:\/\/www.sthik.com\/wp-content\/uploads\/2024\/03\/STHIK-Siege_0-600x338.png 600w\" sizes=\"(max-width: 2048px) 100vw, 2048px\" \/>\t\t\t\t\t\t\t\t\t\t\t\t\t<\/div>\n\t\t\t\t<\/div>\n\t\t\t\t\t<\/div>\n\t\t<\/div>\n\t\t\t\t\t<\/div>\n\t\t<\/section>\n\t\t<div class=\"elementor-element elementor-element-54066f2 e-flex e-con-boxed e-con e-parent\" data-id=\"54066f2\" data-element_type=\"container\">\n\t\t\t\t\t<div class=\"e-con-inner\">\n\t\t\t\t<div class=\"elementor-element elementor-element-a41a563 text-right text-end elementor-widget__width-auto elementor-widget elementor-widget-html\" data-id=\"a41a563\" data-element_type=\"widget\" data-widget_type=\"html.default\">\n\t\t\t\t<div class=\"elementor-widget-container\">\n\t\t\t<!--\n<a href=\"#\" class=\"dl-footer_btn color-bg\"><span><i class=\"fal fa-file-pdf\"><\/i><\/span>Sthik-Presentation.PDF<\/a>\n<a href=\"#\" class=\"dl-footer_btn color-bg\"><span><i class=\"fal fa-download\"><\/i><\/span>Catalogue-Produits.PDF<\/a>\n-->\n<a href=\"https:\/\/www.sthik.com\/index.php\/mentions-legales\" class=\"dl-footer_btn color-bg\"><span><i class=\"fal fa-arrow-up\"><\/i><\/span>Legal Notice<\/a>\n<a href=\"https:\/\/www.sthik.com\/index.php\/politique-de-confidentialite\" class=\"dl-footer_btn color-bg\"><span><i class=\"fal fa-arrow-up\"><\/i><\/span>Privacy Policy<\/a>\n\t\t<\/div>\n\t\t\t\t<\/div>\n\t\t\t\t\t<\/div>\n\t\t\t\t<\/div>\n\t\t\t\t<\/div>","protected":false},"excerpt":{"rendered":"<p>T\u00e9l\u00e9phone Accueil : (+33) 05 45 35 15 15 Nous retrouver sur : Localisation de notre si\u00e8ge en France STHIK : NOUS CONTACTER VIA CE FORMULAIREVeuillez activer JavaScript dans votre navigateur pour remplir ce formulaire.Veuillez activer JavaScript dans votre navigateur pour remplir ce formulaire. Nom * Pr\u00e9nomNom E-mail *Commentaire ou message *V\u00e9rification : en quelle ann\u00e9e sommes nous ? [D\u00e9placer le curseur] Valeur s\u00e9lectionn\u00e9e\u00a0: 20 Accord RGPD * Je consens \u00e0 ce que ce site stocke mes informations envoy\u00e9es afin qu\u2019ils puissent r\u00e9pondre \u00e0 ma requ\u00eate. Envoyer Mentions l\u00e9gales Politique de confidentialit\u00e9<\/p>","protected":false},"author":1,"featured_media":0,"parent":0,"menu_order":0,"comment_status":"closed","ping_status":"closed","template":"page-full.php","meta":{"footnotes":""},"class_list":["post-8459","page","type-page","status-publish","hentry"],"_links":{"self":[{"href":"https:\/\/www.sthik.com\/en\/wp-json\/wp\/v2\/pages\/8459","targetHints":{"allow":["GET"]}}],"collection":[{"href":"https:\/\/www.sthik.com\/en\/wp-json\/wp\/v2\/pages"}],"about":[{"href":"https:\/\/www.sthik.com\/en\/wp-json\/wp\/v2\/types\/page"}],"author":[{"embeddable":true,"href":"https:\/\/www.sthik.com\/en\/wp-json\/wp\/v2\/users\/1"}],"replies":[{"embeddable":true,"href":"https:\/\/www.sthik.com\/en\/wp-json\/wp\/v2\/comments?post=8459"}],"version-history":[{"count":238,"href":"https:\/\/www.sthik.com\/en\/wp-json\/wp\/v2\/pages\/8459\/revisions"}],"predecessor-version":[{"id":13656,"href":"https:\/\/www.sthik.com\/en\/wp-json\/wp\/v2\/pages\/8459\/revisions\/13656"}],"wp:attachment":[{"href":"https:\/\/www.sthik.com\/en\/wp-json\/wp\/v2\/media?parent=8459"}],"curies":[{"name":"wp","href":"https:\/\/api.w.org\/{rel}","templated":true}]}}