{"id":13229,"date":"2024-03-27T11:25:20","date_gmt":"2024-03-27T10:25:20","guid":{"rendered":"https:\/\/www.sthik.com\/?page_id=13229"},"modified":"2024-06-14T08:15:24","modified_gmt":"2024-06-14T06:15:24","slug":"benne-basculante-decharg-lat","status":"publish","type":"page","link":"https:\/\/www.sthik.com\/en\/benne-basculante-decharg-lat\/","title":{"rendered":"Side tipping lift trailer"},"content":{"rendered":"<div data-elementor-type=\"wp-page\" data-elementor-id=\"13229\" class=\"elementor elementor-13229\">\n\t\t\t\t\t\t<section class=\"elementor-section elementor-top-section elementor-element elementor-element-f552289 elementor-section-boxed elementor-section-height-default elementor-section-height-default\" data-id=\"f552289\" data-element_type=\"section\">\n\t\t\t\t\t\t<div class=\"elementor-container elementor-column-gap-default\">\n\t\t\t\t\t<div class=\"elementor-column elementor-col-100 elementor-top-column elementor-element elementor-element-7654565b\" data-id=\"7654565b\" data-element_type=\"column\">\n\t\t\t<div class=\"elementor-widget-wrap elementor-element-populated\">\n\t\t\t\t\t\t<section class=\"elementor-section elementor-inner-section elementor-element elementor-element-680ac529 elementor-section-boxed elementor-section-height-default elementor-section-height-default\" data-id=\"680ac529\" data-element_type=\"section\">\n\t\t\t\t\t\t<div class=\"elementor-container elementor-column-gap-default\">\n\t\t\t\t\t<div class=\"elementor-column elementor-col-50 elementor-inner-column elementor-element elementor-element-3136ccb2\" data-id=\"3136ccb2\" data-element_type=\"column\">\n\t\t\t<div class=\"elementor-widget-wrap elementor-element-populated\">\n\t\t\t\t\t\t<div class=\"elementor-element elementor-element-4d5eb29 elementor-widget elementor-widget-image\" data-id=\"4d5eb29\" data-element_type=\"widget\" data-widget_type=\"image.default\">\n\t\t\t\t<div class=\"elementor-widget-container\">\n\t\t\t<style>\/*! elementor - v3.21.0 - 22-05-2024 *\/\n.elementor-widget-image{text-align:center}.elementor-widget-image a{display:inline-block}.elementor-widget-image a img[src$=\".svg\"]{width:48px}.elementor-widget-image img{vertical-align:middle;display:inline-block}<\/style>\t\t\t\t\t\t\t<figure class=\"wp-caption\">\n\t\t\t\t\t\t\t\t\t\t<img fetchpriority=\"high\" decoding=\"async\" width=\"760\" height=\"428\" src=\"https:\/\/www.sthik.com\/wp-content\/uploads\/2024\/03\/EDL-60-Elevation-Bennage-Maxi-1024x576.jpg\" class=\"attachment-large size-large wp-image-13218\" alt=\"\" srcset=\"https:\/\/www.sthik.com\/wp-content\/uploads\/2024\/03\/EDL-60-Elevation-Bennage-Maxi-1024x576.jpg 1024w, https:\/\/www.sthik.com\/wp-content\/uploads\/2024\/03\/EDL-60-Elevation-Bennage-Maxi-300x169.jpg 300w, https:\/\/www.sthik.com\/wp-content\/uploads\/2024\/03\/EDL-60-Elevation-Bennage-Maxi-768x432.jpg 768w, https:\/\/www.sthik.com\/wp-content\/uploads\/2024\/03\/EDL-60-Elevation-Bennage-Maxi-1536x864.jpg 1536w, https:\/\/www.sthik.com\/wp-content\/uploads\/2024\/03\/EDL-60-Elevation-Bennage-Maxi-2048x1152.jpg 2048w, https:\/\/www.sthik.com\/wp-content\/uploads\/2024\/03\/EDL-60-Elevation-Bennage-Maxi-18x10.jpg 18w, https:\/\/www.sthik.com\/wp-content\/uploads\/2024\/03\/EDL-60-Elevation-Bennage-Maxi-830x467.jpg 830w, https:\/\/www.sthik.com\/wp-content\/uploads\/2024\/03\/EDL-60-Elevation-Bennage-Maxi-303x170.jpg 303w, https:\/\/www.sthik.com\/wp-content\/uploads\/2024\/03\/EDL-60-Elevation-Bennage-Maxi-606x341.jpg 606w, https:\/\/www.sthik.com\/wp-content\/uploads\/2024\/03\/EDL-60-Elevation-Bennage-Maxi-530x298.jpg 530w, https:\/\/www.sthik.com\/wp-content\/uploads\/2024\/03\/EDL-60-Elevation-Bennage-Maxi-450x253.jpg 450w, https:\/\/www.sthik.com\/wp-content\/uploads\/2024\/03\/EDL-60-Elevation-Bennage-Maxi-500x281.jpg 500w, https:\/\/www.sthik.com\/wp-content\/uploads\/2024\/03\/EDL-60-Elevation-Bennage-Maxi-150x84.jpg 150w, https:\/\/www.sthik.com\/wp-content\/uploads\/2024\/03\/EDL-60-Elevation-Bennage-Maxi-12x7.jpg 12w, https:\/\/www.sthik.com\/wp-content\/uploads\/2024\/03\/EDL-60-Elevation-Bennage-Maxi-24x14.jpg 24w, https:\/\/www.sthik.com\/wp-content\/uploads\/2024\/03\/EDL-60-Elevation-Bennage-Maxi-36x20.jpg 36w, https:\/\/www.sthik.com\/wp-content\/uploads\/2024\/03\/EDL-60-Elevation-Bennage-Maxi-600x338.jpg 600w\" sizes=\"(max-width: 760px) 100vw, 760px\" \/>\t\t\t\t\t\t\t\t\t\t\t<figcaption class=\"widget-image-caption wp-caption-text\"><\/figcaption>\n\t\t\t\t\t\t\t\t\t\t<\/figure>\n\t\t\t\t\t\t\t<\/div>\n\t\t\t\t<\/div>\n\t\t\t\t<div class=\"elementor-element elementor-element-26385b0 elementor-widget elementor-widget-text-editor\" data-id=\"26385b0\" data-element_type=\"widget\" data-widget_type=\"text-editor.default\">\n\t\t\t\t<div class=\"elementor-widget-container\">\n\t\t\t<style>\/*! elementor - v3.21.0 - 22-05-2024 *\/\n.elementor-widget-text-editor.elementor-drop-cap-view-stacked .elementor-drop-cap{background-color:#69727d;color:#fff}.elementor-widget-text-editor.elementor-drop-cap-view-framed .elementor-drop-cap{color:#69727d;border:3px solid;background-color:transparent}.elementor-widget-text-editor:not(.elementor-drop-cap-view-default) .elementor-drop-cap{margin-top:8px}.elementor-widget-text-editor:not(.elementor-drop-cap-view-default) .elementor-drop-cap-letter{width:1em;height:1em}.elementor-widget-text-editor .elementor-drop-cap{float:left;text-align:center;line-height:1;font-size:50px}.elementor-widget-text-editor .elementor-drop-cap-letter{display:inline-block}<\/style>\t\t\t\t<div>\n<p>STHIK chassis elevators have been developed and patented on a different lifting system, eliminating rolling tracks in favor of axles with grease nipples, to give greater rear clearance and freedom of movement around the receiving equipment. With this principle, we have increased the stability of our tippers to allow heights of up to 3 meters without additional stabilization devices.<\/p>\n<p>Using a single lifting cylinder requires a small amount of oil, reducing lifting times regardless of your tractor type.<\/p>\n<\/div>\t\t\t\t\t\t<\/div>\n\t\t\t\t<\/div>\n\t\t\t\t\t<\/div>\n\t\t<\/div>\n\t\t\t\t<div class=\"elementor-column elementor-col-50 elementor-inner-column elementor-element elementor-element-43991bb3\" data-id=\"43991bb3\" data-element_type=\"column\">\n\t\t\t<div class=\"elementor-widget-wrap elementor-element-populated\">\n\t\t\t\t\t\t<div class=\"elementor-element elementor-element-1218db63 elementor-widget elementor-widget-heading\" data-id=\"1218db63\" data-element_type=\"widget\" data-widget_type=\"heading.default\">\n\t\t\t\t<div class=\"elementor-widget-container\">\n\t\t\t<style>\/*! elementor - v3.21.0 - 22-05-2024 *\/\n.elementor-heading-title{padding:0;margin:0;line-height:1}.elementor-widget-heading .elementor-heading-title[class*=elementor-size-]>a{color:inherit;font-size:inherit;line-height:inherit}.elementor-widget-heading .elementor-heading-title.elementor-size-small{font-size:15px}.elementor-widget-heading .elementor-heading-title.elementor-size-medium{font-size:19px}.elementor-widget-heading .elementor-heading-title.elementor-size-large{font-size:29px}.elementor-widget-heading .elementor-heading-title.elementor-size-xl{font-size:39px}.elementor-widget-heading .elementor-heading-title.elementor-size-xxl{font-size:59px}<\/style><h2 class=\"elementor-heading-title elementor-size-default\">Details<\/h2>\t\t<\/div>\n\t\t\t\t<\/div>\n\t\t\t\t<div class=\"elementor-element elementor-element-35b53130 elementor-widget elementor-widget-text-editor\" data-id=\"35b53130\" data-element_type=\"widget\" data-widget_type=\"text-editor.default\">\n\t\t\t\t<div class=\"elementor-widget-container\">\n\t\t\t\t\t\t\t<p><a href=\"https:\/\/www.sthik.com\/wp-content\/uploads\/2024\/03\/STHIK-USA-Brochure-2021-Side-tipping-lift-trailer-2021.pdf\">Download the data sheet for the Side Tipping Lift Trailer (PDF)<\/a><\/p>\t\t\t\t\t\t<\/div>\n\t\t\t\t<\/div>\n\t\t\t\t\t<\/div>\n\t\t<\/div>\n\t\t\t\t\t<\/div>\n\t\t<\/section>\n\t\t\t\t\t<\/div>\n\t\t<\/div>\n\t\t\t\t\t<\/div>\n\t\t<\/section>\n\t\t<div class=\"elementor-element elementor-element-48aa179 e-flex e-con-boxed e-con e-parent\" data-id=\"48aa179\" data-element_type=\"container\">\n\t\t\t\t\t<div class=\"e-con-inner\">\n\t\t<div class=\"elementor-element elementor-element-41d7734 e-flex e-con-boxed e-con e-child\" data-id=\"41d7734\" data-element_type=\"container\">\n\t\t\t\t\t<div class=\"e-con-inner\">\n\t\t\t\t<div class=\"elementor-element elementor-element-76d7d8b elementor-widget elementor-widget-cthslider\" data-id=\"76d7d8b\" data-element_type=\"widget\" data-widget_type=\"cthslider.default\">\n\t\t\t\t<div class=\"elementor-widget-container\">\n\t\t\t        <div class=\"prslider-wrap fw-carousel-wrap show-case-slider-wrap\">\n            <!-- fw-carousel  -->\n            <div class=\"fw-carousel  fs-gallery-wrap fl-wrap full-height lightgallery\" data-mousecontrol=\"0\">\n                <div class=\"swiper-container\">\n                    <div class=\"swiper-wrapper\">\n                                            <!-- swiper-slide-->\n                        <div class=\"swiper-slide hov_zoom\">\n                            <img decoding=\"async\" width=\"596\" height=\"480\" src=\"https:\/\/www.sthik.com\/wp-content\/uploads\/2024\/03\/DL-60-Couvercle-2019-KOKOT-2.jpg\" class=\"attachment-theroof-slider size-theroof-slider\" alt=\"\" srcset=\"https:\/\/www.sthik.com\/wp-content\/uploads\/2024\/03\/DL-60-Couvercle-2019-KOKOT-2.jpg 596w, https:\/\/www.sthik.com\/wp-content\/uploads\/2024\/03\/DL-60-Couvercle-2019-KOKOT-2-300x242.jpg 300w, https:\/\/www.sthik.com\/wp-content\/uploads\/2024\/03\/DL-60-Couvercle-2019-KOKOT-2-15x12.jpg 15w, https:\/\/www.sthik.com\/wp-content\/uploads\/2024\/03\/DL-60-Couvercle-2019-KOKOT-2-250x201.jpg 250w, https:\/\/www.sthik.com\/wp-content\/uploads\/2024\/03\/DL-60-Couvercle-2019-KOKOT-2-499x402.jpg 499w, https:\/\/www.sthik.com\/wp-content\/uploads\/2024\/03\/DL-60-Couvercle-2019-KOKOT-2-435x350.jpg 435w, https:\/\/www.sthik.com\/wp-content\/uploads\/2024\/03\/DL-60-Couvercle-2019-KOKOT-2-450x362.jpg 450w, https:\/\/www.sthik.com\/wp-content\/uploads\/2024\/03\/DL-60-Couvercle-2019-KOKOT-2-354x285.jpg 354w, https:\/\/www.sthik.com\/wp-content\/uploads\/2024\/03\/DL-60-Couvercle-2019-KOKOT-2-124x100.jpg 124w, https:\/\/www.sthik.com\/wp-content\/uploads\/2024\/03\/DL-60-Couvercle-2019-KOKOT-2-12x10.jpg 12w, https:\/\/www.sthik.com\/wp-content\/uploads\/2024\/03\/DL-60-Couvercle-2019-KOKOT-2-24x19.jpg 24w, https:\/\/www.sthik.com\/wp-content\/uploads\/2024\/03\/DL-60-Couvercle-2019-KOKOT-2-36x29.jpg 36w\" sizes=\"(max-width: 596px) 100vw, 596px\" \/>                            <a href=\"https:\/\/www.sthik.com\/wp-content\/uploads\/2024\/03\/DL-60-Couvercle-2019-KOKOT-2.jpg\" class=\"box-media-zoom popup-gal\"><i class=\"fal fa-search\"><\/i><\/a>\n                            <span class=\"slide-numb\">.01<\/span>\n                        <\/div>\n                        <!-- swiper-slide end-->\n                                            <!-- swiper-slide-->\n                        <div class=\"swiper-slide hov_zoom\">\n                            <img decoding=\"async\" width=\"731\" height=\"548\" src=\"https:\/\/www.sthik.com\/wp-content\/uploads\/2024\/03\/100_1754-1536x1152-1-731x548.jpg\" class=\"attachment-theroof-slider size-theroof-slider\" alt=\"\" srcset=\"https:\/\/www.sthik.com\/wp-content\/uploads\/2024\/03\/100_1754-1536x1152-1-731x548.jpg 731w, https:\/\/www.sthik.com\/wp-content\/uploads\/2024\/03\/100_1754-1536x1152-1-300x225.jpg 300w, https:\/\/www.sthik.com\/wp-content\/uploads\/2024\/03\/100_1754-1536x1152-1-1024x768.jpg 1024w, https:\/\/www.sthik.com\/wp-content\/uploads\/2024\/03\/100_1754-1536x1152-1-768x576.jpg 768w, https:\/\/www.sthik.com\/wp-content\/uploads\/2024\/03\/100_1754-1536x1152-1-16x12.jpg 16w, https:\/\/www.sthik.com\/wp-content\/uploads\/2024\/03\/100_1754-1536x1152-1-268x201.jpg 268w, https:\/\/www.sthik.com\/wp-content\/uploads\/2024\/03\/100_1754-1536x1152-1-536x402.jpg 536w, https:\/\/www.sthik.com\/wp-content\/uploads\/2024\/03\/100_1754-1536x1152-1-467x350.jpg 467w, https:\/\/www.sthik.com\/wp-content\/uploads\/2024\/03\/100_1754-1536x1152-1-450x338.jpg 450w, https:\/\/www.sthik.com\/wp-content\/uploads\/2024\/03\/100_1754-1536x1152-1-380x285.jpg 380w, https:\/\/www.sthik.com\/wp-content\/uploads\/2024\/03\/100_1754-1536x1152-1-133x100.jpg 133w, https:\/\/www.sthik.com\/wp-content\/uploads\/2024\/03\/100_1754-1536x1152-1-12x9.jpg 12w, https:\/\/www.sthik.com\/wp-content\/uploads\/2024\/03\/100_1754-1536x1152-1-24x18.jpg 24w, https:\/\/www.sthik.com\/wp-content\/uploads\/2024\/03\/100_1754-1536x1152-1-36x27.jpg 36w, https:\/\/www.sthik.com\/wp-content\/uploads\/2024\/03\/100_1754-1536x1152-1-600x450.jpg 600w, https:\/\/www.sthik.com\/wp-content\/uploads\/2024\/03\/100_1754-1536x1152-1.jpg 1536w\" sizes=\"(max-width: 731px) 100vw, 731px\" \/>                            <a href=\"https:\/\/www.sthik.com\/wp-content\/uploads\/2024\/03\/100_1754-1536x1152-1.jpg\" class=\"box-media-zoom popup-gal\"><i class=\"fal fa-search\"><\/i><\/a>\n                            <span class=\"slide-numb\">.02<\/span>\n                        <\/div>\n                        <!-- swiper-slide end-->\n                                            <!-- swiper-slide-->\n                        <div class=\"swiper-slide hov_zoom\">\n                            <img loading=\"lazy\" decoding=\"async\" width=\"647\" height=\"548\" src=\"https:\/\/www.sthik.com\/wp-content\/uploads\/2024\/03\/DL-Dechargement-bas-647x548.jpg\" class=\"attachment-theroof-slider size-theroof-slider\" alt=\"\" srcset=\"https:\/\/www.sthik.com\/wp-content\/uploads\/2024\/03\/DL-Dechargement-bas-647x548.jpg 647w, https:\/\/www.sthik.com\/wp-content\/uploads\/2024\/03\/DL-Dechargement-bas-300x254.jpg 300w, https:\/\/www.sthik.com\/wp-content\/uploads\/2024\/03\/DL-Dechargement-bas-1024x868.jpg 1024w, https:\/\/www.sthik.com\/wp-content\/uploads\/2024\/03\/DL-Dechargement-bas-768x651.jpg 768w, https:\/\/www.sthik.com\/wp-content\/uploads\/2024\/03\/DL-Dechargement-bas-14x12.jpg 14w, https:\/\/www.sthik.com\/wp-content\/uploads\/2024\/03\/DL-Dechargement-bas-237x201.jpg 237w, https:\/\/www.sthik.com\/wp-content\/uploads\/2024\/03\/DL-Dechargement-bas-474x402.jpg 474w, https:\/\/www.sthik.com\/wp-content\/uploads\/2024\/03\/DL-Dechargement-bas-413x350.jpg 413w, https:\/\/www.sthik.com\/wp-content\/uploads\/2024\/03\/DL-Dechargement-bas-450x381.jpg 450w, https:\/\/www.sthik.com\/wp-content\/uploads\/2024\/03\/DL-Dechargement-bas-336x285.jpg 336w, https:\/\/www.sthik.com\/wp-content\/uploads\/2024\/03\/DL-Dechargement-bas-118x100.jpg 118w, https:\/\/www.sthik.com\/wp-content\/uploads\/2024\/03\/DL-Dechargement-bas-12x10.jpg 12w, https:\/\/www.sthik.com\/wp-content\/uploads\/2024\/03\/DL-Dechargement-bas-24x20.jpg 24w, https:\/\/www.sthik.com\/wp-content\/uploads\/2024\/03\/DL-Dechargement-bas-36x31.jpg 36w, https:\/\/www.sthik.com\/wp-content\/uploads\/2024\/03\/DL-Dechargement-bas-600x508.jpg 600w, https:\/\/www.sthik.com\/wp-content\/uploads\/2024\/03\/DL-Dechargement-bas.jpg 1376w\" sizes=\"(max-width: 647px) 100vw, 647px\" \/>                            <a href=\"https:\/\/www.sthik.com\/wp-content\/uploads\/2024\/03\/DL-Dechargement-bas.jpg\" class=\"box-media-zoom popup-gal\"><i class=\"fal fa-search\"><\/i><\/a>\n                            <span class=\"slide-numb\">.03<\/span>\n                        <\/div>\n                        <!-- swiper-slide end-->\n                                            <!-- swiper-slide-->\n                        <div class=\"swiper-slide hov_zoom\">\n                            <img loading=\"lazy\" decoding=\"async\" width=\"830\" height=\"467\" src=\"https:\/\/www.sthik.com\/wp-content\/uploads\/2024\/03\/EDL-60-Transport-830x467.jpg\" class=\"attachment-theroof-slider size-theroof-slider\" alt=\"\" srcset=\"https:\/\/www.sthik.com\/wp-content\/uploads\/2024\/03\/EDL-60-Transport-830x467.jpg 830w, https:\/\/www.sthik.com\/wp-content\/uploads\/2024\/03\/EDL-60-Transport-300x169.jpg 300w, https:\/\/www.sthik.com\/wp-content\/uploads\/2024\/03\/EDL-60-Transport-1024x576.jpg 1024w, https:\/\/www.sthik.com\/wp-content\/uploads\/2024\/03\/EDL-60-Transport-768x432.jpg 768w, https:\/\/www.sthik.com\/wp-content\/uploads\/2024\/03\/EDL-60-Transport-1536x864.jpg 1536w, https:\/\/www.sthik.com\/wp-content\/uploads\/2024\/03\/EDL-60-Transport-2048x1152.jpg 2048w, https:\/\/www.sthik.com\/wp-content\/uploads\/2024\/03\/EDL-60-Transport-18x10.jpg 18w, https:\/\/www.sthik.com\/wp-content\/uploads\/2024\/03\/EDL-60-Transport-303x170.jpg 303w, https:\/\/www.sthik.com\/wp-content\/uploads\/2024\/03\/EDL-60-Transport-606x341.jpg 606w, https:\/\/www.sthik.com\/wp-content\/uploads\/2024\/03\/EDL-60-Transport-530x298.jpg 530w, https:\/\/www.sthik.com\/wp-content\/uploads\/2024\/03\/EDL-60-Transport-450x253.jpg 450w, https:\/\/www.sthik.com\/wp-content\/uploads\/2024\/03\/EDL-60-Transport-500x281.jpg 500w, https:\/\/www.sthik.com\/wp-content\/uploads\/2024\/03\/EDL-60-Transport-150x84.jpg 150w, https:\/\/www.sthik.com\/wp-content\/uploads\/2024\/03\/EDL-60-Transport-12x7.jpg 12w, https:\/\/www.sthik.com\/wp-content\/uploads\/2024\/03\/EDL-60-Transport-24x14.jpg 24w, https:\/\/www.sthik.com\/wp-content\/uploads\/2024\/03\/EDL-60-Transport-36x20.jpg 36w, https:\/\/www.sthik.com\/wp-content\/uploads\/2024\/03\/EDL-60-Transport-600x338.jpg 600w\" sizes=\"(max-width: 830px) 100vw, 830px\" \/>                            <a href=\"https:\/\/www.sthik.com\/wp-content\/uploads\/2024\/03\/EDL-60-Transport-scaled.jpg\" class=\"box-media-zoom popup-gal\"><i class=\"fal fa-search\"><\/i><\/a>\n                            <span class=\"slide-numb\">.04<\/span>\n                        <\/div>\n                        <!-- swiper-slide end-->\n                                        <\/div>\n                <\/div>\n            <\/div>\n            <!-- fw-carousel end -->\n            <div class=\"fw-carousel-button-prev ss-slider-cont\"><i class=\"fal fa-angle-left\"><\/i><\/div>\n            <div class=\"fw-carousel-button-next ss-slider-cont\"><i class=\"fal fa-angle-right\"><\/i><\/div>\n            <div class=\"ss-slider-controls2 fwc_pag\">\n                <div class=\"ss-slider-pagination\"><\/div>\n            <\/div>\n        <\/div>\n        \t\t<\/div>\n\t\t\t\t<\/div>\n\t\t\t\t\t<\/div>\n\t\t\t\t<\/div>\n\t\t\t\t\t<\/div>\n\t\t\t\t<\/div>\n\t\t\t\t<\/div>","protected":false},"excerpt":{"rendered":"<p>Les ch\u00e2ssis \u00e9l\u00e9vateurs STHIK ont \u00e9t\u00e9&nbsp;d\u00e9velopp\u00e9s et brevet\u00e9s sur un syst\u00e8me de levage diff\u00e9rent supprimant les chemins de roulement aux profits d\u2019axes avec graisseurs afin de privil\u00e9gier un d\u00e9gagement arri\u00e8re important, gage de libert\u00e9 de mouvement autour&nbsp;des appareils de r\u00e9ception. De par ce principe, nous avons accru la stabilit\u00e9 de nos bennes pour permettre des hauteurs pouvant avoisiner les 3 m\u00e8tres sans dispositif de stabilisation additionnel. L\u2019utilisation d\u2019un seul et unique v\u00e9rin de levage autorise des volumes d\u2019huile peu importants, favorisant des temps d\u2019\u00e9l\u00e9vation r\u00e9duits quel que soit votre type de tracteur. D\u00e9tails T\u00e9l\u00e9charger la fiche technique de la Benne Basculante \u00e0 D\u00e9chargement Lat\u00e9ral (PDF) .01 .02 .03 .04<\/p>","protected":false},"author":1,"featured_media":0,"parent":0,"menu_order":0,"comment_status":"closed","ping_status":"closed","template":"","meta":{"footnotes":""},"class_list":["post-13229","page","type-page","status-publish","hentry"],"_links":{"self":[{"href":"https:\/\/www.sthik.com\/en\/wp-json\/wp\/v2\/pages\/13229","targetHints":{"allow":["GET"]}}],"collection":[{"href":"https:\/\/www.sthik.com\/en\/wp-json\/wp\/v2\/pages"}],"about":[{"href":"https:\/\/www.sthik.com\/en\/wp-json\/wp\/v2\/types\/page"}],"author":[{"embeddable":true,"href":"https:\/\/www.sthik.com\/en\/wp-json\/wp\/v2\/users\/1"}],"replies":[{"embeddable":true,"href":"https:\/\/www.sthik.com\/en\/wp-json\/wp\/v2\/comments?post=13229"}],"version-history":[{"count":22,"href":"https:\/\/www.sthik.com\/en\/wp-json\/wp\/v2\/pages\/13229\/revisions"}],"predecessor-version":[{"id":13722,"href":"https:\/\/www.sthik.com\/en\/wp-json\/wp\/v2\/pages\/13229\/revisions\/13722"}],"wp:attachment":[{"href":"https:\/\/www.sthik.com\/en\/wp-json\/wp\/v2\/media?parent=13229"}],"curies":[{"name":"wp","href":"https:\/\/api.w.org\/{rel}","templated":true}]}}