{"id":11052,"date":"2023-12-11T11:32:22","date_gmt":"2023-12-11T10:32:22","guid":{"rendered":"http:\/\/nouveau.sthik.com\/WP1\/?page_id=11052"},"modified":"2024-06-20T11:52:38","modified_gmt":"2024-06-20T09:52:38","slug":"melangeur-polyvalent-multivinimix","status":"publish","type":"page","link":"https:\/\/www.sthik.com\/en\/melangeur-polyvalent-multivinimix\/","title":{"rendered":"Multi-purpose Blender MultiViniMix"},"content":{"rendered":"<div data-elementor-type=\"wp-page\" data-elementor-id=\"11052\" class=\"elementor elementor-11052\">\n\t\t\t\t\t\t<section class=\"elementor-section elementor-top-section elementor-element elementor-element-2b370ee3 elementor-section-boxed elementor-section-height-default elementor-section-height-default\" data-id=\"2b370ee3\" data-element_type=\"section\">\n\t\t\t\t\t\t<div class=\"elementor-container elementor-column-gap-default\">\n\t\t\t\t\t<div class=\"elementor-column elementor-col-100 elementor-top-column elementor-element elementor-element-c903df6\" data-id=\"c903df6\" data-element_type=\"column\">\n\t\t\t<div class=\"elementor-widget-wrap elementor-element-populated\">\n\t\t\t\t\t\t<section class=\"elementor-section elementor-inner-section elementor-element elementor-element-2423d5cb elementor-section-boxed elementor-section-height-default elementor-section-height-default\" data-id=\"2423d5cb\" data-element_type=\"section\">\n\t\t\t\t\t\t<div class=\"elementor-container elementor-column-gap-default\">\n\t\t\t\t\t<div class=\"elementor-column elementor-col-50 elementor-inner-column elementor-element elementor-element-285c3181\" data-id=\"285c3181\" data-element_type=\"column\">\n\t\t\t<div class=\"elementor-widget-wrap elementor-element-populated\">\n\t\t\t\t\t\t<div class=\"elementor-element elementor-element-7c6b0563 elementor-widget elementor-widget-image\" data-id=\"7c6b0563\" data-element_type=\"widget\" data-widget_type=\"image.default\">\n\t\t\t\t<div class=\"elementor-widget-container\">\n\t\t\t<style>\/*! elementor - v3.21.0 - 22-05-2024 *\/\n.elementor-widget-image{text-align:center}.elementor-widget-image a{display:inline-block}.elementor-widget-image a img[src$=\".svg\"]{width:48px}.elementor-widget-image img{vertical-align:middle;display:inline-block}<\/style>\t\t\t\t\t\t\t<figure class=\"wp-caption\">\n\t\t\t\t\t\t\t\t\t\t<img fetchpriority=\"high\" decoding=\"async\" width=\"502\" height=\"307\" src=\"https:\/\/www.sthik.com\/wp-content\/uploads\/2023\/12\/multivinimix-1.jpg\" class=\"attachment-large size-large wp-image-10912\" alt=\"\" srcset=\"https:\/\/www.sthik.com\/wp-content\/uploads\/2023\/12\/multivinimix-1.jpg 502w, https:\/\/www.sthik.com\/wp-content\/uploads\/2023\/12\/multivinimix-1-300x183.jpg 300w, https:\/\/www.sthik.com\/wp-content\/uploads\/2023\/12\/multivinimix-1-303x185.jpg 303w, https:\/\/www.sthik.com\/wp-content\/uploads\/2023\/12\/multivinimix-1-450x275.jpg 450w, https:\/\/www.sthik.com\/wp-content\/uploads\/2023\/12\/multivinimix-1-466x285.jpg 466w, https:\/\/www.sthik.com\/wp-content\/uploads\/2023\/12\/multivinimix-1-150x92.jpg 150w\" sizes=\"(max-width: 502px) 100vw, 502px\" \/>\t\t\t\t\t\t\t\t\t\t\t<figcaption class=\"widget-image-caption wp-caption-text\"><\/figcaption>\n\t\t\t\t\t\t\t\t\t\t<\/figure>\n\t\t\t\t\t\t\t<\/div>\n\t\t\t\t<\/div>\n\t\t\t\t<div class=\"elementor-element elementor-element-63c34844 elementor-widget elementor-widget-text-editor\" data-id=\"63c34844\" data-element_type=\"widget\" data-widget_type=\"text-editor.default\">\n\t\t\t\t<div class=\"elementor-widget-container\">\n\t\t\t<style>\/*! elementor - v3.21.0 - 22-05-2024 *\/\n.elementor-widget-text-editor.elementor-drop-cap-view-stacked .elementor-drop-cap{background-color:#69727d;color:#fff}.elementor-widget-text-editor.elementor-drop-cap-view-framed .elementor-drop-cap{color:#69727d;border:3px solid;background-color:transparent}.elementor-widget-text-editor:not(.elementor-drop-cap-view-default) .elementor-drop-cap{margin-top:8px}.elementor-widget-text-editor:not(.elementor-drop-cap-view-default) .elementor-drop-cap-letter{width:1em;height:1em}.elementor-widget-text-editor .elementor-drop-cap{float:left;text-align:center;line-height:1;font-size:50px}.elementor-widget-text-editor .elementor-drop-cap-letter{display:inline-block}<\/style>\t\t\t\t<p style=\"text-align: justify;\">The <em>Multivinimix<\/em>, mixer, multi-tasking 100% Stainless steel, facilitates the hydration of your yeast and allows, in a general way to mix all your oenological products.<\/p>\n<p style=\"text-align: justify;\"><strong>Temperature sensor and heating resistor built-in<\/strong><br>The <em>Multivinimix<\/em> heater, control, and automatically maintains the temperature thanks to its built-in probe.<br>The process of the <em>Multivinimix<\/em>adding to the wort in the mixer avoids the variations in temperature and decreases the osmotic shocks (deviations in the content of sugars with the wort) in which this mixture in the vessel.<\/p>\n<p style=\"text-align: justify;\"><strong>Quantity of water measured and controlled<\/strong><br>The ruler allows you to precisely manage the amount of water.<\/p>\n<p style=\"text-align: justify;\"><strong>Incorporation of yeast facilitated<\/strong><br>The filling is accessible from the tank facilitates the incorporation of yeast and other elements of seeding.<\/p>\n<p style=\"text-align: justify;\"><strong>In summary<\/strong><\/p>\n<p style=\"margin-left: 40px;\">1. Facilitates the rehydration of yeast<br>2. Contr\u00f4le la temp\u00e9rature de r\u00e9hydratation<br>3. Maintaining automatically the temperature of the bath before rehydration<br>4. It avoids thermal differences must-leaven, in excess of 10\u00b0C<br>5. Decreases the osmotic shocks (deviations in the content of sugars with the wort)<br>6. Facilitates the introduction of other elements of seeding :<\/p>\n<ul style=\"margin-left: 40px;\">\n<li>Lactic acid bacteria (seeding)<\/li>\n<li>Collages (preparations)<\/li>\n<li>Ammonium Sulfate (preparation)<\/li>\n<li>Chaptalization (help)<\/li>\n<li>Phyto-preparation (after thorough cleaning)<\/li>\n<\/ul>\t\t\t\t\t\t<\/div>\n\t\t\t\t<\/div>\n\t\t\t\t\t<\/div>\n\t\t<\/div>\n\t\t\t\t<div class=\"elementor-column elementor-col-50 elementor-inner-column elementor-element elementor-element-502017ae\" data-id=\"502017ae\" data-element_type=\"column\">\n\t\t\t<div class=\"elementor-widget-wrap elementor-element-populated\">\n\t\t\t\t\t\t<div class=\"elementor-element elementor-element-3ac9114d elementor-widget elementor-widget-heading\" data-id=\"3ac9114d\" data-element_type=\"widget\" data-widget_type=\"heading.default\">\n\t\t\t\t<div class=\"elementor-widget-container\">\n\t\t\t<style>\/*! elementor - v3.21.0 - 22-05-2024 *\/\n.elementor-heading-title{padding:0;margin:0;line-height:1}.elementor-widget-heading .elementor-heading-title[class*=elementor-size-]>a{color:inherit;font-size:inherit;line-height:inherit}.elementor-widget-heading .elementor-heading-title.elementor-size-small{font-size:15px}.elementor-widget-heading .elementor-heading-title.elementor-size-medium{font-size:19px}.elementor-widget-heading .elementor-heading-title.elementor-size-large{font-size:29px}.elementor-widget-heading .elementor-heading-title.elementor-size-xl{font-size:39px}.elementor-widget-heading .elementor-heading-title.elementor-size-xxl{font-size:59px}<\/style><h2 class=\"elementor-heading-title elementor-size-default\">Details<\/h2>\t\t<\/div>\n\t\t\t\t<\/div>\n\t\t\t\t<div class=\"elementor-element elementor-element-819d3f5 elementor-widget elementor-widget-text-editor\" data-id=\"819d3f5\" data-element_type=\"widget\" data-widget_type=\"text-editor.default\">\n\t\t\t\t<div class=\"elementor-widget-container\">\n\t\t\t\t\t\t\t<p><a href=\"http:\/\/www.sthik.com\/wp-content\/uploads\/2021\/01\/FT-MultiViniMix.pdf\" target=\"_blank\" rel=\"noopener\">Download the data sheet for the Multi-Purpose Blender (french version - PDF)<\/a><\/p>\t\t\t\t\t\t<\/div>\n\t\t\t\t<\/div>\n\t\t\t\t\t<\/div>\n\t\t<\/div>\n\t\t\t\t\t<\/div>\n\t\t<\/section>\n\t\t\t\t\t<\/div>\n\t\t<\/div>\n\t\t\t\t\t<\/div>\n\t\t<\/section>\n\t\t<div class=\"elementor-element elementor-element-48aa179 e-flex e-con-boxed e-con e-parent\" data-id=\"48aa179\" data-element_type=\"container\">\n\t\t\t\t\t<div class=\"e-con-inner\">\n\t\t\t\t\t<\/div>\n\t\t\t\t<\/div>\n\t\t\t\t<\/div>","protected":false},"excerpt":{"rendered":"<p>Le Multivinimix, m\u00e9langeur multit\u00e2ches 100% Inox, facilite la r\u00e9hydratation de vos levures et permet, de fa\u00e7on g\u00e9n\u00e9rale de mixer tous vos produits oenologiques. Sonde de temp\u00e9rature et r\u00e9sistance de chauffage int\u00e9gr\u00e9esLe Multivinimix chauffe, contr\u00f4le et maintient automatiquement la temp\u00e9rature gr\u00e2ce \u00e0 sa sonde int\u00e9gr\u00e9e.Le process du Multivinimix, en ajoutant du mo\u00fbt dans le m\u00e9langeur, \u00e9vite les \u00e9carts thermiques et diminue les chocs osmotiques (\u00e9carts en teneur de sucres avec le mo\u00fbt) en int\u00e9grant ce m\u00e9lange dans la cuve. Quantit\u00e9 d&rsquo;eau mesur\u00e9e et maitris\u00e9eLa r\u00e8gle gradu\u00e9e permet de g\u00e9rer avec pr\u00e9cision la quantit\u00e9 d&rsquo;eau. Incorporation des levures facilit\u00e9eLe remplissage accessible de la cuve facilite l&rsquo;incorporation des levures et des autres \u00e9l\u00e9ments d&rsquo;ensemencement. En r\u00e9sum\u00e9 1. Facilite la r\u00e9hydratation des levures2. Contr\u00f4le la temp\u00e9rature de r\u00e9hydratation3. Maintien automatiquement la temp\u00e9rature du bain avant r\u00e9hydratation4. Evite les \u00e9carts thermiques mo\u00fbt-levain, sup\u00e9rieurs \u00e0 10\u00b0C5. Diminue les chocs osmotiques (\u00e9carts en teneur de sucres avec [&hellip;]<\/p>","protected":false},"author":1,"featured_media":0,"parent":0,"menu_order":0,"comment_status":"closed","ping_status":"closed","template":"","meta":{"footnotes":""},"class_list":["post-11052","page","type-page","status-publish","hentry"],"_links":{"self":[{"href":"https:\/\/www.sthik.com\/en\/wp-json\/wp\/v2\/pages\/11052","targetHints":{"allow":["GET"]}}],"collection":[{"href":"https:\/\/www.sthik.com\/en\/wp-json\/wp\/v2\/pages"}],"about":[{"href":"https:\/\/www.sthik.com\/en\/wp-json\/wp\/v2\/types\/page"}],"author":[{"embeddable":true,"href":"https:\/\/www.sthik.com\/en\/wp-json\/wp\/v2\/users\/1"}],"replies":[{"embeddable":true,"href":"https:\/\/www.sthik.com\/en\/wp-json\/wp\/v2\/comments?post=11052"}],"version-history":[{"count":19,"href":"https:\/\/www.sthik.com\/en\/wp-json\/wp\/v2\/pages\/11052\/revisions"}],"predecessor-version":[{"id":13841,"href":"https:\/\/www.sthik.com\/en\/wp-json\/wp\/v2\/pages\/11052\/revisions\/13841"}],"wp:attachment":[{"href":"https:\/\/www.sthik.com\/en\/wp-json\/wp\/v2\/media?parent=11052"}],"curies":[{"name":"wp","href":"https:\/\/api.w.org\/{rel}","templated":true}]}}