{"id":10878,"date":"2023-12-06T22:23:05","date_gmt":"2023-12-06T21:23:05","guid":{"rendered":"http:\/\/nouveau.sthik.com\/WP1\/?page_id=10878"},"modified":"2024-06-14T08:32:57","modified_gmt":"2024-06-14T06:32:57","slug":"augets-pompe","status":"publish","type":"page","link":"https:\/\/www.sthik.com\/en\/augets-pompe\/","title":{"rendered":"Buckets Pump"},"content":{"rendered":"<div data-elementor-type=\"wp-page\" data-elementor-id=\"10878\" class=\"elementor elementor-10878\">\n\t\t\t\t\t\t<section class=\"elementor-section elementor-top-section elementor-element elementor-element-2c8f8a2b elementor-section-boxed elementor-section-height-default elementor-section-height-default\" data-id=\"2c8f8a2b\" data-element_type=\"section\">\n\t\t\t\t\t\t<div class=\"elementor-container elementor-column-gap-default\">\n\t\t\t\t\t<div class=\"elementor-column elementor-col-100 elementor-top-column elementor-element elementor-element-6684a1b0\" data-id=\"6684a1b0\" data-element_type=\"column\">\n\t\t\t<div class=\"elementor-widget-wrap elementor-element-populated\">\n\t\t\t\t\t\t<section class=\"elementor-section elementor-inner-section elementor-element elementor-element-77d1910b elementor-section-boxed elementor-section-height-default elementor-section-height-default\" data-id=\"77d1910b\" data-element_type=\"section\">\n\t\t\t\t\t\t<div class=\"elementor-container elementor-column-gap-default\">\n\t\t\t\t\t<div class=\"elementor-column elementor-col-50 elementor-inner-column elementor-element elementor-element-26485ddc\" data-id=\"26485ddc\" data-element_type=\"column\">\n\t\t\t<div class=\"elementor-widget-wrap elementor-element-populated\">\n\t\t\t\t\t\t<div class=\"elementor-element elementor-element-7b77b927 elementor-widget elementor-widget-image\" data-id=\"7b77b927\" data-element_type=\"widget\" data-widget_type=\"image.default\">\n\t\t\t\t<div class=\"elementor-widget-container\">\n\t\t\t<style>\/*! elementor - v3.21.0 - 22-05-2024 *\/\n.elementor-widget-image{text-align:center}.elementor-widget-image a{display:inline-block}.elementor-widget-image a img[src$=\".svg\"]{width:48px}.elementor-widget-image img{vertical-align:middle;display:inline-block}<\/style>\t\t\t\t\t\t\t<figure class=\"wp-caption\">\n\t\t\t\t\t\t\t\t\t\t<img fetchpriority=\"high\" decoding=\"async\" width=\"502\" height=\"307\" src=\"https:\/\/www.sthik.com\/wp-content\/uploads\/2023\/12\/AP-1.jpg\" class=\"attachment-large size-large wp-image-10880\" alt=\"\" srcset=\"https:\/\/www.sthik.com\/wp-content\/uploads\/2023\/12\/AP-1.jpg 502w, https:\/\/www.sthik.com\/wp-content\/uploads\/2023\/12\/AP-1-300x183.jpg 300w, https:\/\/www.sthik.com\/wp-content\/uploads\/2023\/12\/AP-1-303x185.jpg 303w, https:\/\/www.sthik.com\/wp-content\/uploads\/2023\/12\/AP-1-450x275.jpg 450w, https:\/\/www.sthik.com\/wp-content\/uploads\/2023\/12\/AP-1-466x285.jpg 466w, https:\/\/www.sthik.com\/wp-content\/uploads\/2023\/12\/AP-1-150x92.jpg 150w\" sizes=\"(max-width: 502px) 100vw, 502px\" \/>\t\t\t\t\t\t\t\t\t\t\t<figcaption class=\"widget-image-caption wp-caption-text\"><\/figcaption>\n\t\t\t\t\t\t\t\t\t\t<\/figure>\n\t\t\t\t\t\t\t<\/div>\n\t\t\t\t<\/div>\n\t\t\t\t\t<\/div>\n\t\t<\/div>\n\t\t\t\t<div class=\"elementor-column elementor-col-50 elementor-inner-column elementor-element elementor-element-3ac2f8c2\" data-id=\"3ac2f8c2\" data-element_type=\"column\">\n\t\t\t<div class=\"elementor-widget-wrap elementor-element-populated\">\n\t\t\t\t\t\t<div class=\"elementor-element elementor-element-53160a3b elementor-widget elementor-widget-heading\" data-id=\"53160a3b\" data-element_type=\"widget\" data-widget_type=\"heading.default\">\n\t\t\t\t<div class=\"elementor-widget-container\">\n\t\t\t<style>\/*! elementor - v3.21.0 - 22-05-2024 *\/\n.elementor-heading-title{padding:0;margin:0;line-height:1}.elementor-widget-heading .elementor-heading-title[class*=elementor-size-]>a{color:inherit;font-size:inherit;line-height:inherit}.elementor-widget-heading .elementor-heading-title.elementor-size-small{font-size:15px}.elementor-widget-heading .elementor-heading-title.elementor-size-medium{font-size:19px}.elementor-widget-heading .elementor-heading-title.elementor-size-large{font-size:29px}.elementor-widget-heading .elementor-heading-title.elementor-size-xl{font-size:39px}.elementor-widget-heading .elementor-heading-title.elementor-size-xxl{font-size:59px}<\/style><h2 class=\"elementor-heading-title elementor-size-default\">Details<\/h2>\t\t<\/div>\n\t\t\t\t<\/div>\n\t\t\t\t<div class=\"elementor-element elementor-element-1f05ca4c elementor-widget elementor-widget-text-editor\" data-id=\"1f05ca4c\" data-element_type=\"widget\" data-widget_type=\"text-editor.default\">\n\t\t\t\t<div class=\"elementor-widget-container\">\n\t\t\t<style>\/*! elementor - v3.21.0 - 22-05-2024 *\/\n.elementor-widget-text-editor.elementor-drop-cap-view-stacked .elementor-drop-cap{background-color:#69727d;color:#fff}.elementor-widget-text-editor.elementor-drop-cap-view-framed .elementor-drop-cap{color:#69727d;border:3px solid;background-color:transparent}.elementor-widget-text-editor:not(.elementor-drop-cap-view-default) .elementor-drop-cap{margin-top:8px}.elementor-widget-text-editor:not(.elementor-drop-cap-view-default) .elementor-drop-cap-letter{width:1em;height:1em}.elementor-widget-text-editor .elementor-drop-cap{float:left;text-align:center;line-height:1;font-size:50px}.elementor-widget-text-editor .elementor-drop-cap-letter{display:inline-block}<\/style>\t\t\t\t<p><a href=\"http:\/\/www.sthik.com\/wp-content\/uploads\/2021\/01\/FT-AP-Tarif-2021.pdf\" target=\"_blank\" rel=\"noopener\">Download the data sheet for the Buckets Pump (french version - PDF)<\/a><\/p>\t\t\t\t\t\t<\/div>\n\t\t\t\t<\/div>\n\t\t\t\t<div class=\"elementor-element elementor-element-39749200 elementor-widget elementor-widget-heading\" data-id=\"39749200\" data-element_type=\"widget\" data-widget_type=\"heading.default\">\n\t\t\t\t<div class=\"elementor-widget-container\">\n\t\t\t<h2 class=\"elementor-heading-title elementor-size-default\">Options<\/h2>\t\t<\/div>\n\t\t\t\t<\/div>\n\t\t\t\t<div class=\"elementor-element elementor-element-2677015 elementor-widget elementor-widget-text-editor\" data-id=\"2677015\" data-element_type=\"widget\" data-widget_type=\"text-editor.default\">\n\t\t\t\t<div class=\"elementor-widget-container\">\n\t\t\t\t\t\t\t<div style=\"overflow: hidden;height: 1px\">\n  <h2>\n    Rolling Slots Casino: Gdzie niezapomniane przygody hazardowe zyskuj\u0105 \u017cycie\n  <\/h2>\n  <p>\n    NeonVegas Casino to kasyno online, w kt\u00f3rym cz\u0142onkowie mog\u0105 korzysta\u0107 z\n    kolekcji gier, takich jak automaty wideo, gry sto\u0142owe i maj\u0105 kasyno na \u017cywo.\n    Gracze mog\u0105 r\u00f3wnie\u017c wybiera\u0107 spo\u015br\u00f3d wielu dostawc\u00f3w oprogramowania, w tym\n    jednych z najwi\u0119kszych marek w bran\u017cy, takich jak Microgaming, Play\u2019n GO,\n    NetEnt, Pragmatic Play, Red Tiger Gaming i Evolution Gaming. Witryna\n    obs\u0142uguje wiele j\u0119zyk\u00f3w i mo\u017cna z niej korzysta\u0107 natychmiast za\n    po\u015brednictwem przegl\u0105darki internetowej lub w podr\u00f3\u017cy. NeonVegas Casino jest\n    licencjonowane i regulowane przez Malta Gaming Authority.\n  <\/p>\n  <h3>Proces logowania w Neon kasyno<\/h3>\n  <p>\n    <a href=\"https:\/\/pl.topkasynoonline.com\/review\/neon-vegas\/\">login na NeonVegas<\/a> to szybki i \u0142atwy proces, kt\u00f3ry otwiera dost\u0119p do\n    ekscytuj\u0105cego \u015bwiata hazardu. Aby utworzy\u0107 konto, gracz musi jedynie\n    wype\u0142ni\u0107 kr\u00f3tki formularz rejestracyjny, wskazuj\u0105cy swoje dane osobowe i\n    dane kontaktowe. Nast\u0119pnie musisz potwierdzi\u0107 swoje konto e-mailem lub\n    SMS-em, a za kilka minut b\u0119dziesz gotowy, aby cieszy\u0107 si\u0119 szerok\u0105 gam\u0105 gier\n    i ofert bonusowych w Neon Casino.\n  <\/p>\n  <h3>Kraje i terytoria obj\u0119te ograniczeniami<\/h3>\n  <p>\n    Niestety istniej\u0105 tutaj pewne ograniczenia krajowe, co oznacza, \u017ce niekt\u00f3rzy\n    gracze zostan\u0105 wykluczeni z otwierania konta. Kraje te obejmuj\u0105 Stany\n    Zjednoczone Ameryki, Kamerun, Egipt, Holandi\u0119, Brazyli\u0119, Rumuni\u0119, Indie i\n    Hiszpani\u0119, aby wymieni\u0107 tylko kilka. Ta lista mo\u017ce r\u00f3wnie\u017c zawiera\u0107 wi\u0119cej\n    ogranicze\u0144, wi\u0119c zobacz \u2018 Wi\u0119cej informacji o kasynie \u2019.\n  <\/p>\n  <h3>Gry wirtualne<\/h3>\n  <p>\n    Lista dostawc\u00f3w oprogramowania NeonVegas jest co najmniej imponuj\u0105ca, co oznacza, \u017ce\n    gracze b\u0119d\u0105 rozpieszczani wyborem, je\u015bli chodzi o automaty wideo. W lobby\n    kasyna dost\u0119pnych jest kilka przydatnych filtr\u00f3w, kt\u00f3re pozwalaj\u0105 graczom\n    sortowa\u0107 gry wed\u0142ug ka\u017cdego dostawcy lub sortowa\u0107 je w kolejno\u015bci\n    alfabetycznej. Gracze mog\u0105 r\u00f3wnie\u017c znale\u017a\u0107 swoje ulubione gry za pomoc\u0105\n    wyszukiwarki. Tytu\u0142y tutaj obejmuj\u0105 automat Dead or Alive 2, Book of Dead\n    Slot, automat Gonzo&rsquo;s Quest Megaways, automat Starburst i automat Sakura\n    Fortune. Kasyno oferuje r\u00f3wnie\u017c szereg gier sto\u0142owych, w tym popularne gry,\n    takie jak blackjack, ruletka i poker. Zn\u00f3w jest tu wielu dostawc\u00f3w, wi\u0119c\n    b\u0119d\u0105 gry dla wszystkich graczy.\n  <\/p>\n<\/div>\n\t\t\t\t\t\t<\/div>\n\t\t\t\t<\/div>\n\t\t\t\t<div class=\"elementor-element elementor-element-4715f6f4 elementor-widget elementor-widget-accordion\" data-id=\"4715f6f4\" data-element_type=\"widget\" data-widget_type=\"accordion.default\">\n\t\t\t\t<div class=\"elementor-widget-container\">\n\t\t\t<style>\/*! elementor - v3.21.0 - 22-05-2024 *\/\n.elementor-accordion{text-align:start}.elementor-accordion .elementor-accordion-item{border:1px solid #d5d8dc}.elementor-accordion .elementor-accordion-item+.elementor-accordion-item{border-top:none}.elementor-accordion .elementor-tab-title{margin:0;padding:15px 20px;font-weight:700;line-height:1;cursor:pointer;outline:none}.elementor-accordion .elementor-tab-title .elementor-accordion-icon{display:inline-block;width:1.5em}.elementor-accordion .elementor-tab-title .elementor-accordion-icon svg{width:1em;height:1em}.elementor-accordion .elementor-tab-title .elementor-accordion-icon.elementor-accordion-icon-right{float:right;text-align:right}.elementor-accordion .elementor-tab-title .elementor-accordion-icon.elementor-accordion-icon-left{float:left;text-align:left}.elementor-accordion .elementor-tab-title .elementor-accordion-icon .elementor-accordion-icon-closed{display:block}.elementor-accordion .elementor-tab-title .elementor-accordion-icon .elementor-accordion-icon-opened,.elementor-accordion .elementor-tab-title.elementor-active .elementor-accordion-icon-closed{display:none}.elementor-accordion .elementor-tab-title.elementor-active .elementor-accordion-icon-opened{display:block}.elementor-accordion .elementor-tab-content{display:none;padding:15px 20px;border-top:1px solid #d5d8dc}@media (max-width:767px){.elementor-accordion .elementor-tab-title{padding:12px 15px}.elementor-accordion .elementor-tab-title .elementor-accordion-icon{width:1.2em}.elementor-accordion .elementor-tab-content{padding:7px 15px}}.e-con-inner>.elementor-widget-accordion,.e-con>.elementor-widget-accordion{width:var(--container-widget-width);--flex-grow:var(--container-widget-flex-grow)}<\/style>\t\t<div class=\"elementor-accordion\">\n\t\t\t\t\t\t\t<div class=\"elementor-accordion-item\">\n\t\t\t\t\t<div id=\"elementor-tab-title-1191\" class=\"elementor-tab-title\" data-tab=\"1\" role=\"button\" aria-controls=\"elementor-tab-content-1191\" aria-expanded=\"false\">\n\t\t\t\t\t\t\t\t\t\t\t\t\t<span class=\"elementor-accordion-icon elementor-accordion-icon-left\" aria-hidden=\"true\">\n\t\t\t\t\t\t\t\t\t\t\t\t\t\t\t<span class=\"elementor-accordion-icon-closed\"><i class=\"fas fa-plus\"><\/i><\/span>\n\t\t\t\t\t\t\t\t<span class=\"elementor-accordion-icon-opened\"><i class=\"fas fa-minus\"><\/i><\/span>\n\t\t\t\t\t\t\t\t\t\t\t\t\t\t<\/span>\n\t\t\t\t\t\t\t\t\t\t\t\t<a class=\"elementor-accordion-title\" tabindex=\"0\">Pump Y300<\/a>\n\t\t\t\t\t<\/div>\n\t\t\t\t\t<div id=\"elementor-tab-content-1191\" class=\"elementor-tab-content elementor-clearfix\" data-tab=\"1\" role=\"region\" aria-labelledby=\"elementor-tab-title-1191\"><p><img decoding=\"async\" class=\"alignnone size-thumbnail wp-image-11506\" src=\"https:\/\/www.sthik.com\/wp-content\/uploads\/2019\/08\/y350-rogn\u00e9e2-1-150x150.png\" alt=\"\" width=\"150\" height=\"150\" srcset=\"https:\/\/www.sthik.com\/wp-content\/uploads\/2019\/08\/y350-rogn\u00e9e2-1-150x150.png 150w, https:\/\/www.sthik.com\/wp-content\/uploads\/2019\/08\/y350-rogn\u00e9e2-1-300x300.png 300w, https:\/\/www.sthik.com\/wp-content\/uploads\/2019\/08\/y350-rogn\u00e9e2-1-100x100.png 100w\" sizes=\"(max-width: 150px) 100vw, 150px\" \/><\/p><p>3-year warranty<\/p><p>Designed to pump the vintage mechanical non-destemmed<\/p><p>\u21d2 Design very robust<br \/>\u21d2 <strong>TRI-LOBES<\/strong> allows a reduction of the pulse, and limits the crushing of the grapes<br \/>\u21d2 <strong>MACHINED <\/strong>for adjustment of high precision in order to avoid blockages in the pump<br \/>\u21d2 Replacement of springs, by a new system elastomer <strong>PATENTED<\/strong><br \/>\u21d2 New System Valve <strong>PATENTED<\/strong><br \/>\u21d2 <strong>100%<\/strong> FOOD<br \/>\u21d2 Body stainless steel heavy-gauge<\/p><\/div>\n\t\t\t\t<\/div>\n\t\t\t\t\t\t\t<div class=\"elementor-accordion-item\">\n\t\t\t\t\t<div id=\"elementor-tab-title-1192\" class=\"elementor-tab-title\" data-tab=\"2\" role=\"button\" aria-controls=\"elementor-tab-content-1192\" aria-expanded=\"false\">\n\t\t\t\t\t\t\t\t\t\t\t\t\t<span class=\"elementor-accordion-icon elementor-accordion-icon-left\" aria-hidden=\"true\">\n\t\t\t\t\t\t\t\t\t\t\t\t\t\t\t<span class=\"elementor-accordion-icon-closed\"><i class=\"fas fa-plus\"><\/i><\/span>\n\t\t\t\t\t\t\t\t<span class=\"elementor-accordion-icon-opened\"><i class=\"fas fa-minus\"><\/i><\/span>\n\t\t\t\t\t\t\t\t\t\t\t\t\t\t<\/span>\n\t\t\t\t\t\t\t\t\t\t\t\t<a class=\"elementor-accordion-title\" tabindex=\"0\">Pump Y350<\/a>\n\t\t\t\t\t<\/div>\n\t\t\t\t\t<div id=\"elementor-tab-content-1192\" class=\"elementor-tab-content elementor-clearfix\" data-tab=\"2\" role=\"region\" aria-labelledby=\"elementor-tab-title-1192\"><p><img decoding=\"async\" class=\"alignnone size-thumbnail wp-image-11506\" src=\"https:\/\/www.sthik.com\/wp-content\/uploads\/2019\/08\/y350-rogn\u00e9e2-1-150x150.png\" alt=\"\" width=\"150\" height=\"150\" srcset=\"https:\/\/www.sthik.com\/wp-content\/uploads\/2019\/08\/y350-rogn\u00e9e2-1-150x150.png 150w, https:\/\/www.sthik.com\/wp-content\/uploads\/2019\/08\/y350-rogn\u00e9e2-1-300x300.png 300w, https:\/\/www.sthik.com\/wp-content\/uploads\/2019\/08\/y350-rogn\u00e9e2-1-100x100.png 100w\" sizes=\"(max-width: 150px) 100vw, 150px\" \/><\/p><p>Warranty 5 years<\/p><p>Designed to pump the vintage mechanical non-destemmed<\/p><p>\u21d2 Design very robust<br \/>\u21d2 <strong>TRI-LOBES<\/strong> allows a reduction of the pulse, and limits the crushing of the grapes<br \/>\u21d2 <strong>MACHINED <\/strong>for adjustment of high precision in order to avoid blockages in the pump<br \/>\u21d2 Replacement of springs, by a new system elastomer <strong>PATENTED<\/strong><br \/>\u21d2 New System Valve <strong>PATENTED<\/strong><br \/>\u21d2 <strong>100%<\/strong> FOOD<br \/>\u21d2 Body stainless steel heavy-gauge<\/p><\/div>\n\t\t\t\t<\/div>\n\t\t\t\t\t\t\t\t<\/div>\n\t\t\t\t<\/div>\n\t\t\t\t<\/div>\n\t\t\t\t\t<\/div>\n\t\t<\/div>\n\t\t\t\t\t<\/div>\n\t\t<\/section>\n\t\t\t\t\t<\/div>\n\t\t<\/div>\n\t\t\t\t\t<\/div>\n\t\t<\/section>\n\t\t<div class=\"elementor-element elementor-element-48aa179 e-flex e-con-boxed e-con e-parent\" data-id=\"48aa179\" data-element_type=\"container\">\n\t\t\t\t\t<div class=\"e-con-inner\">\n\t\t\t\t\t<\/div>\n\t\t\t\t<\/div>\n\t\t\t\t<\/div>","protected":false},"excerpt":{"rendered":"<p>D\u00e9tails T\u00e9l\u00e9charger la fiche technique de l&rsquo;Auget Pompe (PDF) Options Rolling Slots Casino: Gdzie niezapomniane przygody hazardowe zyskuj\u0105 \u017cycie NeonVegas Casino to kasyno online, w kt\u00f3rym cz\u0142onkowie mog\u0105 korzysta\u0107 z kolekcji gier, takich jak automaty wideo, gry sto\u0142owe i maj\u0105 kasyno na \u017cywo. Gracze mog\u0105 r\u00f3wnie\u017c wybiera\u0107 spo\u015br\u00f3d wielu dostawc\u00f3w oprogramowania, w tym jednych z najwi\u0119kszych marek w bran\u017cy, takich jak Microgaming, Play\u2019n GO, NetEnt, Pragmatic Play, Red Tiger Gaming i Evolution Gaming. Witryna obs\u0142uguje wiele j\u0119zyk\u00f3w i mo\u017cna z niej korzysta\u0107 natychmiast za po\u015brednictwem przegl\u0105darki internetowej lub w podr\u00f3\u017cy. NeonVegas Casino jest licencjonowane i regulowane przez Malta Gaming Authority. Proces logowania w Neon kasyno login na NeonVegas to szybki i \u0142atwy proces, kt\u00f3ry otwiera dost\u0119p do ekscytuj\u0105cego \u015bwiata hazardu. Aby utworzy\u0107 konto, gracz musi jedynie wype\u0142ni\u0107 kr\u00f3tki formularz rejestracyjny, wskazuj\u0105cy swoje dane osobowe i dane kontaktowe. Nast\u0119pnie musisz potwierdzi\u0107 swoje konto e-mailem lub SMS-em, a za kilka minut b\u0119dziesz [&hellip;]<\/p>","protected":false},"author":1,"featured_media":0,"parent":0,"menu_order":0,"comment_status":"closed","ping_status":"closed","template":"","meta":{"footnotes":""},"class_list":["post-10878","page","type-page","status-publish","hentry"],"_links":{"self":[{"href":"https:\/\/www.sthik.com\/en\/wp-json\/wp\/v2\/pages\/10878","targetHints":{"allow":["GET"]}}],"collection":[{"href":"https:\/\/www.sthik.com\/en\/wp-json\/wp\/v2\/pages"}],"about":[{"href":"https:\/\/www.sthik.com\/en\/wp-json\/wp\/v2\/types\/page"}],"author":[{"embeddable":true,"href":"https:\/\/www.sthik.com\/en\/wp-json\/wp\/v2\/users\/1"}],"replies":[{"embeddable":true,"href":"https:\/\/www.sthik.com\/en\/wp-json\/wp\/v2\/comments?post=10878"}],"version-history":[{"count":22,"href":"https:\/\/www.sthik.com\/en\/wp-json\/wp\/v2\/pages\/10878\/revisions"}],"predecessor-version":[{"id":13764,"href":"https:\/\/www.sthik.com\/en\/wp-json\/wp\/v2\/pages\/10878\/revisions\/13764"}],"wp:attachment":[{"href":"https:\/\/www.sthik.com\/en\/wp-json\/wp\/v2\/media?parent=10878"}],"curies":[{"name":"wp","href":"https:\/\/api.w.org\/{rel}","templated":true}]}}