{"id":10865,"date":"2023-12-06T22:19:46","date_gmt":"2023-12-06T21:19:46","guid":{"rendered":"http:\/\/nouveau.sthik.com\/WP1\/?page_id=10865"},"modified":"2024-07-05T08:52:01","modified_gmt":"2024-07-05T06:52:01","slug":"conquet-mobile","status":"publish","type":"page","link":"https:\/\/www.sthik.com\/en\/conquet-mobile\/","title":{"rendered":"Mobile Hopper"},"content":{"rendered":"<div data-elementor-type=\"wp-page\" data-elementor-id=\"10865\" class=\"elementor elementor-10865\">\n\t\t\t\t\t\t<section class=\"elementor-section elementor-top-section elementor-element elementor-element-43a5a9c4 elementor-section-boxed elementor-section-height-default elementor-section-height-default\" data-id=\"43a5a9c4\" data-element_type=\"section\">\n\t\t\t\t\t\t<div class=\"elementor-container elementor-column-gap-default\">\n\t\t\t\t\t<div class=\"elementor-column elementor-col-100 elementor-top-column elementor-element elementor-element-52a13066\" data-id=\"52a13066\" data-element_type=\"column\">\n\t\t\t<div class=\"elementor-widget-wrap elementor-element-populated\">\n\t\t\t\t\t\t<section class=\"elementor-section elementor-inner-section elementor-element elementor-element-24a77f77 elementor-section-boxed elementor-section-height-default elementor-section-height-default\" data-id=\"24a77f77\" data-element_type=\"section\">\n\t\t\t\t\t\t<div class=\"elementor-container elementor-column-gap-default\">\n\t\t\t\t\t<div class=\"elementor-column elementor-col-50 elementor-inner-column elementor-element elementor-element-3d3e7ce9\" data-id=\"3d3e7ce9\" data-element_type=\"column\">\n\t\t\t<div class=\"elementor-widget-wrap elementor-element-populated\">\n\t\t\t\t\t\t<div class=\"elementor-element elementor-element-4e0cfabc elementor-widget elementor-widget-image\" data-id=\"4e0cfabc\" data-element_type=\"widget\" data-widget_type=\"image.default\">\n\t\t\t\t<div class=\"elementor-widget-container\">\n\t\t\t<style>\/*! elementor - v3.21.0 - 22-05-2024 *\/\n.elementor-widget-image{text-align:center}.elementor-widget-image a{display:inline-block}.elementor-widget-image a img[src$=\".svg\"]{width:48px}.elementor-widget-image img{vertical-align:middle;display:inline-block}<\/style>\t\t\t\t\t\t\t<figure class=\"wp-caption\">\n\t\t\t\t\t\t\t\t\t\t<img fetchpriority=\"high\" decoding=\"async\" width=\"502\" height=\"307\" src=\"https:\/\/www.sthik.com\/wp-content\/uploads\/2023\/12\/conquet_mobile.jpg\" class=\"attachment-large size-large wp-image-10867\" alt=\"\" srcset=\"https:\/\/www.sthik.com\/wp-content\/uploads\/2023\/12\/conquet_mobile.jpg 502w, https:\/\/www.sthik.com\/wp-content\/uploads\/2023\/12\/conquet_mobile-300x183.jpg 300w, https:\/\/www.sthik.com\/wp-content\/uploads\/2023\/12\/conquet_mobile-303x185.jpg 303w, https:\/\/www.sthik.com\/wp-content\/uploads\/2023\/12\/conquet_mobile-450x275.jpg 450w, https:\/\/www.sthik.com\/wp-content\/uploads\/2023\/12\/conquet_mobile-466x285.jpg 466w, https:\/\/www.sthik.com\/wp-content\/uploads\/2023\/12\/conquet_mobile-150x92.jpg 150w\" sizes=\"(max-width: 502px) 100vw, 502px\" \/>\t\t\t\t\t\t\t\t\t\t\t<figcaption class=\"widget-image-caption wp-caption-text\"><\/figcaption>\n\t\t\t\t\t\t\t\t\t\t<\/figure>\n\t\t\t\t\t\t\t<\/div>\n\t\t\t\t<\/div>\n\t\t\t\t<div class=\"elementor-element elementor-element-6dab66c0 elementor-widget elementor-widget-text-editor\" data-id=\"6dab66c0\" data-element_type=\"widget\" data-widget_type=\"text-editor.default\">\n\t\t\t\t<div class=\"elementor-widget-container\">\n\t\t\t<style>\/*! elementor - v3.21.0 - 22-05-2024 *\/\n.elementor-widget-text-editor.elementor-drop-cap-view-stacked .elementor-drop-cap{background-color:#69727d;color:#fff}.elementor-widget-text-editor.elementor-drop-cap-view-framed .elementor-drop-cap{color:#69727d;border:3px solid;background-color:transparent}.elementor-widget-text-editor:not(.elementor-drop-cap-view-default) .elementor-drop-cap{margin-top:8px}.elementor-widget-text-editor:not(.elementor-drop-cap-view-default) .elementor-drop-cap-letter{width:1em;height:1em}.elementor-widget-text-editor .elementor-drop-cap{float:left;text-align:center;line-height:1;font-size:50px}.elementor-widget-text-editor .elementor-drop-cap-letter{display:inline-block}<\/style>\t\t\t\t<ul>\n<li>Speed (variable speed Enclosure variable frequency drive)<\/li>\n<li>Extension for hopper<\/li>\n<li>4 jacks<\/li>\n<\/ul>\t\t\t\t\t\t<\/div>\n\t\t\t\t<\/div>\n\t\t\t\t\t<\/div>\n\t\t<\/div>\n\t\t\t\t<div class=\"elementor-column elementor-col-50 elementor-inner-column elementor-element elementor-element-52e37cac\" data-id=\"52e37cac\" data-element_type=\"column\">\n\t\t\t<div class=\"elementor-widget-wrap elementor-element-populated\">\n\t\t\t\t\t\t<div class=\"elementor-element elementor-element-6948d58d elementor-widget elementor-widget-heading\" data-id=\"6948d58d\" data-element_type=\"widget\" data-widget_type=\"heading.default\">\n\t\t\t\t<div class=\"elementor-widget-container\">\n\t\t\t<style>\/*! elementor - v3.21.0 - 22-05-2024 *\/\n.elementor-heading-title{padding:0;margin:0;line-height:1}.elementor-widget-heading .elementor-heading-title[class*=elementor-size-]>a{color:inherit;font-size:inherit;line-height:inherit}.elementor-widget-heading .elementor-heading-title.elementor-size-small{font-size:15px}.elementor-widget-heading .elementor-heading-title.elementor-size-medium{font-size:19px}.elementor-widget-heading .elementor-heading-title.elementor-size-large{font-size:29px}.elementor-widget-heading .elementor-heading-title.elementor-size-xl{font-size:39px}.elementor-widget-heading .elementor-heading-title.elementor-size-xxl{font-size:59px}<\/style><h2 class=\"elementor-heading-title elementor-size-default\">Details<\/h2>\t\t<\/div>\n\t\t\t\t<\/div>\n\t\t\t\t<div class=\"elementor-element elementor-element-65ae4e66 elementor-widget elementor-widget-text-editor\" data-id=\"65ae4e66\" data-element_type=\"widget\" data-widget_type=\"text-editor.default\">\n\t\t\t\t<div class=\"elementor-widget-container\">\n\t\t\t\t\t\t\t<p>Data sheet unavailable<\/p>\t\t\t\t\t\t<\/div>\n\t\t\t\t<\/div>\n\t\t\t\t<div class=\"elementor-element elementor-element-3ae891e6 elementor-widget elementor-widget-heading\" data-id=\"3ae891e6\" data-element_type=\"widget\" data-widget_type=\"heading.default\">\n\t\t\t\t<div class=\"elementor-widget-container\">\n\t\t\t<h2 class=\"elementor-heading-title elementor-size-default\">Options<\/h2>\t\t<\/div>\n\t\t\t\t<\/div>\n\t\t\t\t<div class=\"elementor-element elementor-element-56e4c769 elementor-widget elementor-widget-accordion\" data-id=\"56e4c769\" data-element_type=\"widget\" data-widget_type=\"accordion.default\">\n\t\t\t\t<div class=\"elementor-widget-container\">\n\t\t\t<style>\/*! elementor - v3.21.0 - 22-05-2024 *\/\n.elementor-accordion{text-align:start}.elementor-accordion .elementor-accordion-item{border:1px solid #d5d8dc}.elementor-accordion .elementor-accordion-item+.elementor-accordion-item{border-top:none}.elementor-accordion .elementor-tab-title{margin:0;padding:15px 20px;font-weight:700;line-height:1;cursor:pointer;outline:none}.elementor-accordion .elementor-tab-title .elementor-accordion-icon{display:inline-block;width:1.5em}.elementor-accordion .elementor-tab-title .elementor-accordion-icon svg{width:1em;height:1em}.elementor-accordion .elementor-tab-title .elementor-accordion-icon.elementor-accordion-icon-right{float:right;text-align:right}.elementor-accordion .elementor-tab-title .elementor-accordion-icon.elementor-accordion-icon-left{float:left;text-align:left}.elementor-accordion .elementor-tab-title .elementor-accordion-icon .elementor-accordion-icon-closed{display:block}.elementor-accordion .elementor-tab-title .elementor-accordion-icon .elementor-accordion-icon-opened,.elementor-accordion .elementor-tab-title.elementor-active .elementor-accordion-icon-closed{display:none}.elementor-accordion .elementor-tab-title.elementor-active .elementor-accordion-icon-opened{display:block}.elementor-accordion .elementor-tab-content{display:none;padding:15px 20px;border-top:1px solid #d5d8dc}@media (max-width:767px){.elementor-accordion .elementor-tab-title{padding:12px 15px}.elementor-accordion .elementor-tab-title .elementor-accordion-icon{width:1.2em}.elementor-accordion .elementor-tab-content{padding:7px 15px}}.e-con-inner>.elementor-widget-accordion,.e-con>.elementor-widget-accordion{width:var(--container-widget-width);--flex-grow:var(--container-widget-flex-grow)}<\/style>\t\t<div class=\"elementor-accordion\">\n\t\t\t\t\t\t\t<div class=\"elementor-accordion-item\">\n\t\t\t\t\t<div id=\"elementor-tab-title-1451\" class=\"elementor-tab-title\" data-tab=\"1\" role=\"button\" aria-controls=\"elementor-tab-content-1451\" aria-expanded=\"false\">\n\t\t\t\t\t\t\t\t\t\t\t\t\t<span class=\"elementor-accordion-icon elementor-accordion-icon-left\" aria-hidden=\"true\">\n\t\t\t\t\t\t\t\t\t\t\t\t\t\t\t<span class=\"elementor-accordion-icon-closed\"><i class=\"fas fa-plus\"><\/i><\/span>\n\t\t\t\t\t\t\t\t<span class=\"elementor-accordion-icon-opened\"><i class=\"fas fa-minus\"><\/i><\/span>\n\t\t\t\t\t\t\t\t\t\t\t\t\t\t<\/span>\n\t\t\t\t\t\t\t\t\t\t\t\t<a class=\"elementor-accordion-title\" tabindex=\"0\">Pump Y300<\/a>\n\t\t\t\t\t<\/div>\n\t\t\t\t\t<div id=\"elementor-tab-content-1451\" class=\"elementor-tab-content elementor-clearfix\" data-tab=\"1\" role=\"region\" aria-labelledby=\"elementor-tab-title-1451\"><p><img decoding=\"async\" class=\"alignnone size-thumbnail wp-image-11506\" src=\"https:\/\/www.sthik.com\/wp-content\/uploads\/2019\/08\/y350-rogn\u00e9e2-1-150x150.png\" alt=\"\" width=\"150\" height=\"150\" srcset=\"https:\/\/www.sthik.com\/wp-content\/uploads\/2019\/08\/y350-rogn\u00e9e2-1-150x150.png 150w, https:\/\/www.sthik.com\/wp-content\/uploads\/2019\/08\/y350-rogn\u00e9e2-1-300x300.png 300w, https:\/\/www.sthik.com\/wp-content\/uploads\/2019\/08\/y350-rogn\u00e9e2-1-100x100.png 100w\" sizes=\"(max-width: 150px) 100vw, 150px\" \/><\/p><p>3-year warranty<\/p><p>Designed to pump the vintage mechanical non-destemmed<\/p><p>\u21d2 Design very robust<br \/>\u21d2 <strong>TRI-LOBES<\/strong> allows a reduction of the pulse, and limits the crushing of the grapes<br \/>\u21d2 <strong>MACHINED <\/strong>for adjustment of high precision in order to avoid blockages in the pump<br \/>\u21d2 Replacement of springs, by a new system elastomer <strong>PATENTED<\/strong><br \/>\u21d2 New System Valve <strong>PATENTED<\/strong><br \/>\u21d2 <strong>100%<\/strong> FOOD<br \/>\u21d2 Body stainless steel heavy-gauge<\/p><\/div>\n\t\t\t\t<\/div>\n\t\t\t\t\t\t\t<div class=\"elementor-accordion-item\">\n\t\t\t\t\t<div id=\"elementor-tab-title-1452\" class=\"elementor-tab-title\" data-tab=\"2\" role=\"button\" aria-controls=\"elementor-tab-content-1452\" aria-expanded=\"false\">\n\t\t\t\t\t\t\t\t\t\t\t\t\t<span class=\"elementor-accordion-icon elementor-accordion-icon-left\" aria-hidden=\"true\">\n\t\t\t\t\t\t\t\t\t\t\t\t\t\t\t<span class=\"elementor-accordion-icon-closed\"><i class=\"fas fa-plus\"><\/i><\/span>\n\t\t\t\t\t\t\t\t<span class=\"elementor-accordion-icon-opened\"><i class=\"fas fa-minus\"><\/i><\/span>\n\t\t\t\t\t\t\t\t\t\t\t\t\t\t<\/span>\n\t\t\t\t\t\t\t\t\t\t\t\t<a class=\"elementor-accordion-title\" tabindex=\"0\">Pump Y350<\/a>\n\t\t\t\t\t<\/div>\n\t\t\t\t\t<div id=\"elementor-tab-content-1452\" class=\"elementor-tab-content elementor-clearfix\" data-tab=\"2\" role=\"region\" aria-labelledby=\"elementor-tab-title-1452\"><p><img decoding=\"async\" class=\"alignnone size-thumbnail wp-image-11506\" src=\"https:\/\/www.sthik.com\/wp-content\/uploads\/2019\/08\/y350-rogn\u00e9e2-1-150x150.png\" alt=\"\" width=\"150\" height=\"150\" srcset=\"https:\/\/www.sthik.com\/wp-content\/uploads\/2019\/08\/y350-rogn\u00e9e2-1-150x150.png 150w, https:\/\/www.sthik.com\/wp-content\/uploads\/2019\/08\/y350-rogn\u00e9e2-1-300x300.png 300w, https:\/\/www.sthik.com\/wp-content\/uploads\/2019\/08\/y350-rogn\u00e9e2-1-100x100.png 100w\" sizes=\"(max-width: 150px) 100vw, 150px\" \/><\/p><p>Warranty 5 years<\/p><p>Designed to pump the vintage mechanical non-destemmed<\/p><p>\u21d2 Design very robust<br \/>\u21d2 <strong>TRI-LOBES<\/strong> allows a reduction of the pulse, and limits the crushing of the grapes<br \/>\u21d2 <strong>MACHINED <\/strong>for adjustment of high precision in order to avoid blockages in the pump<br \/>\u21d2 Replacement of springs, by a new system elastomer <strong>PATENTED<\/strong><br \/>\u21d2 New System Valve <strong>PATENTED<\/strong><br \/>\u21d2 <strong>100%<\/strong> FOOD<br \/>\u21d2 Body stainless steel heavy-gauge<\/p><\/div>\n\t\t\t\t<\/div>\n\t\t\t\t\t\t\t<div class=\"elementor-accordion-item\">\n\t\t\t\t\t<div id=\"elementor-tab-title-1453\" class=\"elementor-tab-title\" data-tab=\"3\" role=\"button\" aria-controls=\"elementor-tab-content-1453\" aria-expanded=\"false\">\n\t\t\t\t\t\t\t\t\t\t\t\t\t<span class=\"elementor-accordion-icon elementor-accordion-icon-left\" aria-hidden=\"true\">\n\t\t\t\t\t\t\t\t\t\t\t\t\t\t\t<span class=\"elementor-accordion-icon-closed\"><i class=\"fas fa-plus\"><\/i><\/span>\n\t\t\t\t\t\t\t\t<span class=\"elementor-accordion-icon-opened\"><i class=\"fas fa-minus\"><\/i><\/span>\n\t\t\t\t\t\t\t\t\t\t\t\t\t\t<\/span>\n\t\t\t\t\t\t\t\t\t\t\t\t<a class=\"elementor-accordion-title\" tabindex=\"0\">D\u00e9vo\u00fbteur Rotary<\/a>\n\t\t\t\t\t<\/div>\n\t\t\t\t\t<div id=\"elementor-tab-content-1453\" class=\"elementor-tab-content elementor-clearfix\" data-tab=\"3\" role=\"region\" aria-labelledby=\"elementor-tab-title-1453\"><p><img decoding=\"async\" class=\"alignnone size-thumbnail wp-image-11463\" src=\"https:\/\/www.sthik.com\/wp-content\/uploads\/2019\/08\/devouteur-150x150.jpg\" alt=\"\" width=\"150\" height=\"150\" srcset=\"https:\/\/www.sthik.com\/wp-content\/uploads\/2019\/08\/devouteur-150x150.jpg 150w, https:\/\/www.sthik.com\/wp-content\/uploads\/2019\/08\/devouteur-100x100.jpg 100w, https:\/\/www.sthik.com\/wp-content\/uploads\/2019\/08\/devouteur.jpg 200w\" sizes=\"(max-width: 150px) 100vw, 150px\" \/><\/p><\/div>\n\t\t\t\t<\/div>\n\t\t\t\t\t\t\t<div class=\"elementor-accordion-item\">\n\t\t\t\t\t<div id=\"elementor-tab-title-1454\" class=\"elementor-tab-title\" data-tab=\"4\" role=\"button\" aria-controls=\"elementor-tab-content-1454\" aria-expanded=\"false\">\n\t\t\t\t\t\t\t\t\t\t\t\t\t<span class=\"elementor-accordion-icon elementor-accordion-icon-left\" aria-hidden=\"true\">\n\t\t\t\t\t\t\t\t\t\t\t\t\t\t\t<span class=\"elementor-accordion-icon-closed\"><i class=\"fas fa-plus\"><\/i><\/span>\n\t\t\t\t\t\t\t\t<span class=\"elementor-accordion-icon-opened\"><i class=\"fas fa-minus\"><\/i><\/span>\n\t\t\t\t\t\t\t\t\t\t\t\t\t\t<\/span>\n\t\t\t\t\t\t\t\t\t\t\t\t<a class=\"elementor-accordion-title\" tabindex=\"0\">Gateway<\/a>\n\t\t\t\t\t<\/div>\n\t\t\t\t\t<div id=\"elementor-tab-content-1454\" class=\"elementor-tab-content elementor-clearfix\" data-tab=\"4\" role=\"region\" aria-labelledby=\"elementor-tab-title-1454\"><p>Gateway<\/p><\/div>\n\t\t\t\t<\/div>\n\t\t\t\t\t\t\t<div class=\"elementor-accordion-item\">\n\t\t\t\t\t<div id=\"elementor-tab-title-1455\" class=\"elementor-tab-title\" data-tab=\"5\" role=\"button\" aria-controls=\"elementor-tab-content-1455\" aria-expanded=\"false\">\n\t\t\t\t\t\t\t\t\t\t\t\t\t<span class=\"elementor-accordion-icon elementor-accordion-icon-left\" aria-hidden=\"true\">\n\t\t\t\t\t\t\t\t\t\t\t\t\t\t\t<span class=\"elementor-accordion-icon-closed\"><i class=\"fas fa-plus\"><\/i><\/span>\n\t\t\t\t\t\t\t\t<span class=\"elementor-accordion-icon-opened\"><i class=\"fas fa-minus\"><\/i><\/span>\n\t\t\t\t\t\t\t\t\t\t\t\t\t\t<\/span>\n\t\t\t\t\t\t\t\t\t\t\t\t<a class=\"elementor-accordion-title\" tabindex=\"0\">Double Motors<\/a>\n\t\t\t\t\t<\/div>\n\t\t\t\t\t<div id=\"elementor-tab-content-1455\" class=\"elementor-tab-content elementor-clearfix\" data-tab=\"5\" role=\"region\" aria-labelledby=\"elementor-tab-title-1455\"><p>Double Motors<\/p><\/div>\n\t\t\t\t<\/div>\n\t\t\t\t\t\t\t\t<\/div>\n\t\t\t\t<\/div>\n\t\t\t\t<\/div>\n\t\t\t\t\t<\/div>\n\t\t<\/div>\n\t\t\t\t\t<\/div>\n\t\t<\/section>\n\t\t\t\t\t<\/div>\n\t\t<\/div>\n\t\t\t\t\t<\/div>\n\t\t<\/section>\n\t\t<div class=\"elementor-element elementor-element-c38d962 e-flex e-con-boxed e-con e-parent\" data-id=\"c38d962\" data-element_type=\"container\">\n\t\t\t\t\t<div class=\"e-con-inner\">\n\t\t\t\t<div class=\"elementor-element elementor-element-af9c20d elementor-widget elementor-widget-cthslider\" data-id=\"af9c20d\" data-element_type=\"widget\" data-widget_type=\"cthslider.default\">\n\t\t\t\t<div class=\"elementor-widget-container\">\n\t\t\t        <div class=\"prslider-wrap fw-carousel-wrap show-case-slider-wrap\">\n            <!-- fw-carousel  -->\n            <div class=\"fw-carousel  fs-gallery-wrap fl-wrap full-height lightgallery\" data-mousecontrol=\"0\">\n                <div class=\"swiper-container\">\n                    <div class=\"swiper-wrapper\">\n                                            <!-- swiper-slide-->\n                        <div class=\"swiper-slide hov_zoom\">\n                            <img loading=\"lazy\" decoding=\"async\" width=\"731\" height=\"548\" src=\"https:\/\/www.sthik.com\/wp-content\/uploads\/2023\/12\/SB1000_1-1-731x548.jpg\" class=\"attachment-theroof-slider size-theroof-slider\" alt=\"\" srcset=\"https:\/\/www.sthik.com\/wp-content\/uploads\/2023\/12\/SB1000_1-1-731x548.jpg 731w, https:\/\/www.sthik.com\/wp-content\/uploads\/2023\/12\/SB1000_1-1-300x225.jpg 300w, https:\/\/www.sthik.com\/wp-content\/uploads\/2023\/12\/SB1000_1-1-768x576.jpg 768w, https:\/\/www.sthik.com\/wp-content\/uploads\/2023\/12\/SB1000_1-1-268x201.jpg 268w, https:\/\/www.sthik.com\/wp-content\/uploads\/2023\/12\/SB1000_1-1-536x402.jpg 536w, https:\/\/www.sthik.com\/wp-content\/uploads\/2023\/12\/SB1000_1-1-467x350.jpg 467w, https:\/\/www.sthik.com\/wp-content\/uploads\/2023\/12\/SB1000_1-1-450x338.jpg 450w, https:\/\/www.sthik.com\/wp-content\/uploads\/2023\/12\/SB1000_1-1-380x285.jpg 380w, https:\/\/www.sthik.com\/wp-content\/uploads\/2023\/12\/SB1000_1-1-133x100.jpg 133w, https:\/\/www.sthik.com\/wp-content\/uploads\/2023\/12\/SB1000_1-1-600x450.jpg 600w, https:\/\/www.sthik.com\/wp-content\/uploads\/2023\/12\/SB1000_1-1.jpg 800w\" sizes=\"(max-width: 731px) 100vw, 731px\" \/>                            <a href=\"https:\/\/www.sthik.com\/wp-content\/uploads\/2023\/12\/SB1000_1-1.jpg\" class=\"box-media-zoom popup-gal\"><i class=\"fal fa-search\"><\/i><\/a>\n                            <span class=\"slide-numb\">.01<\/span>\n                        <\/div>\n                        <!-- swiper-slide end-->\n                                            <!-- swiper-slide-->\n                        <div class=\"swiper-slide hov_zoom\">\n                            <img loading=\"lazy\" decoding=\"async\" width=\"731\" height=\"548\" src=\"https:\/\/www.sthik.com\/wp-content\/uploads\/2023\/12\/SB1000_3-1-731x548.jpg\" class=\"attachment-theroof-slider size-theroof-slider\" alt=\"\" srcset=\"https:\/\/www.sthik.com\/wp-content\/uploads\/2023\/12\/SB1000_3-1-731x548.jpg 731w, https:\/\/www.sthik.com\/wp-content\/uploads\/2023\/12\/SB1000_3-1-300x225.jpg 300w, https:\/\/www.sthik.com\/wp-content\/uploads\/2023\/12\/SB1000_3-1-768x576.jpg 768w, https:\/\/www.sthik.com\/wp-content\/uploads\/2023\/12\/SB1000_3-1-268x201.jpg 268w, https:\/\/www.sthik.com\/wp-content\/uploads\/2023\/12\/SB1000_3-1-536x402.jpg 536w, https:\/\/www.sthik.com\/wp-content\/uploads\/2023\/12\/SB1000_3-1-467x350.jpg 467w, https:\/\/www.sthik.com\/wp-content\/uploads\/2023\/12\/SB1000_3-1-450x338.jpg 450w, https:\/\/www.sthik.com\/wp-content\/uploads\/2023\/12\/SB1000_3-1-380x285.jpg 380w, https:\/\/www.sthik.com\/wp-content\/uploads\/2023\/12\/SB1000_3-1-133x100.jpg 133w, https:\/\/www.sthik.com\/wp-content\/uploads\/2023\/12\/SB1000_3-1-600x450.jpg 600w, https:\/\/www.sthik.com\/wp-content\/uploads\/2023\/12\/SB1000_3-1.jpg 800w\" sizes=\"(max-width: 731px) 100vw, 731px\" \/>                            <a href=\"https:\/\/www.sthik.com\/wp-content\/uploads\/2023\/12\/SB1000_3-1.jpg\" class=\"box-media-zoom popup-gal\"><i class=\"fal fa-search\"><\/i><\/a>\n                            <span class=\"slide-numb\">.02<\/span>\n                        <\/div>\n                        <!-- swiper-slide end-->\n                                        <\/div>\n                <\/div>\n            <\/div>\n            <!-- fw-carousel end -->\n            <div class=\"fw-carousel-button-prev ss-slider-cont\"><i class=\"fal fa-angle-left\"><\/i><\/div>\n            <div class=\"fw-carousel-button-next ss-slider-cont\"><i class=\"fal fa-angle-right\"><\/i><\/div>\n            <div class=\"ss-slider-controls2 fwc_pag\">\n                <div class=\"ss-slider-pagination\"><\/div>\n            <\/div>\n        <\/div>\n        \t\t<\/div>\n\t\t\t\t<\/div>\n\t\t\t\t\t<\/div>\n\t\t\t\t<\/div>\n\t\t<div class=\"elementor-element elementor-element-48aa179 e-flex e-con-boxed e-con e-parent\" data-id=\"48aa179\" data-element_type=\"container\">\n\t\t\t\t\t<div class=\"e-con-inner\">\n\t\t\t\t\t<\/div>\n\t\t\t\t<\/div>\n\t\t\t\t<\/div>","protected":false},"excerpt":{"rendered":"<p>D\u00e9bit vitesse variable (Coffret variateur de fr\u00e9quence) R\u00e9hausses pour utilisation conquet 4 crics D\u00e9tails Fiche technique indisponible Options Pompe Y300 Garantie 3 ans Con\u00e7ue pour pomper de la vendange m\u00e9canique non-\u00e9grapp\u00e9e \u21d2 Conception tr\u00e8s robuste\u21d2 Le TRI-LOBES permet une r\u00e9duction de la pulsation et limite la trituration de la vendange\u21d2 USIN\u00c9E pour ajustage de grande pr\u00e9cision afin d\u2019\u00e9viter les blocages de pompe\u21d2 Remplacement des ressorts par un nouveau syst\u00e8me \u00e9lastom\u00e8re BREVET\u00c9\u21d2 Nouveau Syst\u00e8me de Clapet BREVET\u00c9\u21d2 100% ALIMENTAIRE\u21d2 Corps inox de forte \u00e9paisseur Pompe Y350 Garantie 5 ans Con\u00e7ue pour pomper de la vendange m\u00e9canique non-\u00e9grapp\u00e9e \u21d2 Conception tr\u00e8s robuste\u21d2 Le TRI-LOBES permet une r\u00e9duction de la pulsation et limite la trituration de la vendange\u21d2 USIN\u00c9E pour ajustage de grande pr\u00e9cision afin d\u2019\u00e9viter les blocages de pompe\u21d2 Remplacement des ressorts par un nouveau syst\u00e8me \u00e9lastom\u00e8re BREVET\u00c9\u21d2 Nouveau Syst\u00e8me de Clapet BREVET\u00c9\u21d2 100% ALIMENTAIRE\u21d2 Corps inox de forte \u00e9paisseur D\u00e9vo\u00fbteur Rotatif [&hellip;]<\/p>","protected":false},"author":1,"featured_media":0,"parent":0,"menu_order":0,"comment_status":"closed","ping_status":"closed","template":"","meta":{"footnotes":""},"class_list":["post-10865","page","type-page","status-publish","hentry"],"_links":{"self":[{"href":"https:\/\/www.sthik.com\/en\/wp-json\/wp\/v2\/pages\/10865","targetHints":{"allow":["GET"]}}],"collection":[{"href":"https:\/\/www.sthik.com\/en\/wp-json\/wp\/v2\/pages"}],"about":[{"href":"https:\/\/www.sthik.com\/en\/wp-json\/wp\/v2\/types\/page"}],"author":[{"embeddable":true,"href":"https:\/\/www.sthik.com\/en\/wp-json\/wp\/v2\/users\/1"}],"replies":[{"embeddable":true,"href":"https:\/\/www.sthik.com\/en\/wp-json\/wp\/v2\/comments?post=10865"}],"version-history":[{"count":25,"href":"https:\/\/www.sthik.com\/en\/wp-json\/wp\/v2\/pages\/10865\/revisions"}],"predecessor-version":[{"id":13920,"href":"https:\/\/www.sthik.com\/en\/wp-json\/wp\/v2\/pages\/10865\/revisions\/13920"}],"wp:attachment":[{"href":"https:\/\/www.sthik.com\/en\/wp-json\/wp\/v2\/media?parent=10865"}],"curies":[{"name":"wp","href":"https:\/\/api.w.org\/{rel}","templated":true}]}}