{"id":10795,"date":"2023-12-06T21:58:19","date_gmt":"2023-12-06T20:58:19","guid":{"rendered":"http:\/\/nouveau.sthik.com\/WP1\/?page_id=10795"},"modified":"2024-06-27T09:43:49","modified_gmt":"2024-06-27T07:43:49","slug":"conquet-semi-elevateur-a-bec-vibrant","status":"publish","type":"page","link":"https:\/\/www.sthik.com\/en\/conquet-semi-elevateur-a-bec-vibrant\/","title":{"rendered":"Semi-Lift Hopper with Vibrating Rear Discharge"},"content":{"rendered":"<div data-elementor-type=\"wp-page\" data-elementor-id=\"10795\" class=\"elementor elementor-10795\">\n\t\t\t\t\t\t<section class=\"elementor-section elementor-top-section elementor-element elementor-element-5bbc0c09 elementor-section-boxed elementor-section-height-default elementor-section-height-default\" data-id=\"5bbc0c09\" data-element_type=\"section\">\n\t\t\t\t\t\t<div class=\"elementor-container elementor-column-gap-default\">\n\t\t\t\t\t<div class=\"elementor-column elementor-col-100 elementor-top-column elementor-element elementor-element-71dfffb9\" data-id=\"71dfffb9\" data-element_type=\"column\">\n\t\t\t<div class=\"elementor-widget-wrap elementor-element-populated\">\n\t\t\t\t\t\t<section class=\"elementor-section elementor-inner-section elementor-element elementor-element-4263b917 elementor-section-boxed elementor-section-height-default elementor-section-height-default\" data-id=\"4263b917\" data-element_type=\"section\">\n\t\t\t\t\t\t<div class=\"elementor-container elementor-column-gap-default\">\n\t\t\t\t\t<div class=\"elementor-column elementor-col-50 elementor-inner-column elementor-element elementor-element-2a353e\" data-id=\"2a353e\" data-element_type=\"column\">\n\t\t\t<div class=\"elementor-widget-wrap elementor-element-populated\">\n\t\t\t\t\t\t<div class=\"elementor-element elementor-element-20c97c2e elementor-widget elementor-widget-image\" data-id=\"20c97c2e\" data-element_type=\"widget\" data-widget_type=\"image.default\">\n\t\t\t\t<div class=\"elementor-widget-container\">\n\t\t\t<style>\/*! elementor - v3.21.0 - 22-05-2024 *\/\n.elementor-widget-image{text-align:center}.elementor-widget-image a{display:inline-block}.elementor-widget-image a img[src$=\".svg\"]{width:48px}.elementor-widget-image img{vertical-align:middle;display:inline-block}<\/style>\t\t\t\t\t\t\t<figure class=\"wp-caption\">\n\t\t\t\t\t\t\t\t\t\t<img fetchpriority=\"high\" decoding=\"async\" width=\"502\" height=\"307\" src=\"https:\/\/www.sthik.com\/wp-content\/uploads\/2023\/12\/csev1.jpg\" class=\"attachment-large size-large wp-image-10797\" alt=\"\" srcset=\"https:\/\/www.sthik.com\/wp-content\/uploads\/2023\/12\/csev1.jpg 502w, https:\/\/www.sthik.com\/wp-content\/uploads\/2023\/12\/csev1-300x183.jpg 300w, https:\/\/www.sthik.com\/wp-content\/uploads\/2023\/12\/csev1-303x185.jpg 303w, https:\/\/www.sthik.com\/wp-content\/uploads\/2023\/12\/csev1-450x275.jpg 450w, https:\/\/www.sthik.com\/wp-content\/uploads\/2023\/12\/csev1-466x285.jpg 466w, https:\/\/www.sthik.com\/wp-content\/uploads\/2023\/12\/csev1-150x92.jpg 150w\" sizes=\"(max-width: 502px) 100vw, 502px\" \/>\t\t\t\t\t\t\t\t\t\t\t<figcaption class=\"widget-image-caption wp-caption-text\"><\/figcaption>\n\t\t\t\t\t\t\t\t\t\t<\/figure>\n\t\t\t\t\t\t\t<\/div>\n\t\t\t\t<\/div>\n\t\t\t\t<div class=\"elementor-element elementor-element-58f3dbfa elementor-widget elementor-widget-text-editor\" data-id=\"58f3dbfa\" data-element_type=\"widget\" data-widget_type=\"text-editor.default\">\n\t\t\t\t<div class=\"elementor-widget-container\">\n\t\t\t<style>\/*! elementor - v3.21.0 - 22-05-2024 *\/\n.elementor-widget-text-editor.elementor-drop-cap-view-stacked .elementor-drop-cap{background-color:#69727d;color:#fff}.elementor-widget-text-editor.elementor-drop-cap-view-framed .elementor-drop-cap{color:#69727d;border:3px solid;background-color:transparent}.elementor-widget-text-editor:not(.elementor-drop-cap-view-default) .elementor-drop-cap{margin-top:8px}.elementor-widget-text-editor:not(.elementor-drop-cap-view-default) .elementor-drop-cap-letter{width:1em;height:1em}.elementor-widget-text-editor .elementor-drop-cap{float:left;text-align:center;line-height:1;font-size:50px}.elementor-widget-text-editor .elementor-drop-cap-letter{display:inline-block}<\/style>\t\t\t\t<p style=\"text-align: justify;\">Semi-lift frame, C.SE.V. type:<\/p><p style=\"text-align: justify;\">In general, this frame is used for receptions of vintage &#034;off the ground&#034; so without civil engineering.<\/p><p style=\"text-align: justify;\">C. IS.V. is often driven by the dumpsters, non-elevating (type B. H.) unloading controlled.<\/p><p style=\"text-align: justify;\">It allows loading and unloading height in destemmers.<\/p><p style=\"text-align: justify;\">This set is easily adapted lets you store all the equipment for reception after harvest.<\/p>\t\t\t\t\t\t<\/div>\n\t\t\t\t<\/div>\n\t\t\t\t\t<\/div>\n\t\t<\/div>\n\t\t\t\t<div class=\"elementor-column elementor-col-50 elementor-inner-column elementor-element elementor-element-39c08c1b\" data-id=\"39c08c1b\" data-element_type=\"column\">\n\t\t\t<div class=\"elementor-widget-wrap elementor-element-populated\">\n\t\t\t\t\t\t<div class=\"elementor-element elementor-element-2c0f1dc7 elementor-widget elementor-widget-heading\" data-id=\"2c0f1dc7\" data-element_type=\"widget\" data-widget_type=\"heading.default\">\n\t\t\t\t<div class=\"elementor-widget-container\">\n\t\t\t<style>\/*! elementor - v3.21.0 - 22-05-2024 *\/\n.elementor-heading-title{padding:0;margin:0;line-height:1}.elementor-widget-heading .elementor-heading-title[class*=elementor-size-]>a{color:inherit;font-size:inherit;line-height:inherit}.elementor-widget-heading .elementor-heading-title.elementor-size-small{font-size:15px}.elementor-widget-heading .elementor-heading-title.elementor-size-medium{font-size:19px}.elementor-widget-heading .elementor-heading-title.elementor-size-large{font-size:29px}.elementor-widget-heading .elementor-heading-title.elementor-size-xl{font-size:39px}.elementor-widget-heading .elementor-heading-title.elementor-size-xxl{font-size:59px}<\/style><h2 class=\"elementor-heading-title elementor-size-default\">Details<\/h2>\t\t<\/div>\n\t\t\t\t<\/div>\n\t\t\t\t<div class=\"elementor-element elementor-element-2425a8e0 elementor-widget elementor-widget-text-editor\" data-id=\"2425a8e0\" data-element_type=\"widget\" data-widget_type=\"text-editor.default\">\n\t\t\t\t<div class=\"elementor-widget-container\">\n\t\t\t\t\t\t\t<p><a href=\"https:\/\/www.sthik.com\/wp-content\/uploads\/2024\/03\/STHIK-English-Brochure-2021-Hoppers-with-Vibrating-Discharge.pdf\" target=\"_blank\" rel=\"noopener\">Download the data sheet for the Semi-Lift Hopper with Vibrating Rear Discharge (PDF)<\/a><\/p>\t\t\t\t\t\t<\/div>\n\t\t\t\t<\/div>\n\t\t\t\t<div class=\"elementor-element elementor-element-7f643788 elementor-widget elementor-widget-heading\" data-id=\"7f643788\" data-element_type=\"widget\" data-widget_type=\"heading.default\">\n\t\t\t\t<div class=\"elementor-widget-container\">\n\t\t\t<h2 class=\"elementor-heading-title elementor-size-default\">Options<\/h2>\t\t<\/div>\n\t\t\t\t<\/div>\n\t\t\t\t<div class=\"elementor-element elementor-element-17da5b28 elementor-widget elementor-widget-accordion\" data-id=\"17da5b28\" data-element_type=\"widget\" data-widget_type=\"accordion.default\">\n\t\t\t\t<div class=\"elementor-widget-container\">\n\t\t\t<style>\/*! elementor - v3.21.0 - 22-05-2024 *\/\n.elementor-accordion{text-align:start}.elementor-accordion .elementor-accordion-item{border:1px solid #d5d8dc}.elementor-accordion .elementor-accordion-item+.elementor-accordion-item{border-top:none}.elementor-accordion .elementor-tab-title{margin:0;padding:15px 20px;font-weight:700;line-height:1;cursor:pointer;outline:none}.elementor-accordion .elementor-tab-title .elementor-accordion-icon{display:inline-block;width:1.5em}.elementor-accordion .elementor-tab-title .elementor-accordion-icon svg{width:1em;height:1em}.elementor-accordion .elementor-tab-title .elementor-accordion-icon.elementor-accordion-icon-right{float:right;text-align:right}.elementor-accordion .elementor-tab-title .elementor-accordion-icon.elementor-accordion-icon-left{float:left;text-align:left}.elementor-accordion .elementor-tab-title .elementor-accordion-icon .elementor-accordion-icon-closed{display:block}.elementor-accordion .elementor-tab-title .elementor-accordion-icon .elementor-accordion-icon-opened,.elementor-accordion .elementor-tab-title.elementor-active .elementor-accordion-icon-closed{display:none}.elementor-accordion .elementor-tab-title.elementor-active .elementor-accordion-icon-opened{display:block}.elementor-accordion .elementor-tab-content{display:none;padding:15px 20px;border-top:1px solid #d5d8dc}@media (max-width:767px){.elementor-accordion .elementor-tab-title{padding:12px 15px}.elementor-accordion .elementor-tab-title .elementor-accordion-icon{width:1.2em}.elementor-accordion .elementor-tab-content{padding:7px 15px}}.e-con-inner>.elementor-widget-accordion,.e-con>.elementor-widget-accordion{width:var(--container-widget-width);--flex-grow:var(--container-widget-flex-grow)}<\/style>\t\t<div class=\"elementor-accordion\">\n\t\t\t\t\t\t\t<div class=\"elementor-accordion-item\">\n\t\t\t\t\t<div id=\"elementor-tab-title-4001\" class=\"elementor-tab-title\" data-tab=\"1\" role=\"button\" aria-controls=\"elementor-tab-content-4001\" aria-expanded=\"false\">\n\t\t\t\t\t\t\t\t\t\t\t\t\t<span class=\"elementor-accordion-icon elementor-accordion-icon-left\" aria-hidden=\"true\">\n\t\t\t\t\t\t\t\t\t\t\t\t\t\t\t<span class=\"elementor-accordion-icon-closed\"><i class=\"fas fa-plus\"><\/i><\/span>\n\t\t\t\t\t\t\t\t<span class=\"elementor-accordion-icon-opened\"><i class=\"fas fa-minus\"><\/i><\/span>\n\t\t\t\t\t\t\t\t\t\t\t\t\t\t<\/span>\n\t\t\t\t\t\t\t\t\t\t\t\t<a class=\"elementor-accordion-title\" tabindex=\"0\">Extended Spout for Sorting Table<\/a>\n\t\t\t\t\t<\/div>\n\t\t\t\t\t<div id=\"elementor-tab-content-4001\" class=\"elementor-tab-content elementor-clearfix\" data-tab=\"1\" role=\"region\" aria-labelledby=\"elementor-tab-title-4001\"><p><img decoding=\"async\" class=\"alignnone size-full wp-image-10180\" src=\"https:\/\/www.sthik.com\/wp-content\/uploads\/2023\/10\/bec_allonge-150x150-1.jpg\" alt=\"\" width=\"150\" height=\"150\" srcset=\"https:\/\/www.sthik.com\/wp-content\/uploads\/2023\/10\/bec_allonge-150x150-1.jpg 150w, https:\/\/www.sthik.com\/wp-content\/uploads\/2023\/10\/bec_allonge-150x150-1-100x100.jpg 100w\" sizes=\"(max-width: 150px) 100vw, 150px\" \/><\/p><p>It allows you to sort directly the harvest on the conquet.<\/p><\/div>\n\t\t\t\t<\/div>\n\t\t\t\t\t\t\t<div class=\"elementor-accordion-item\">\n\t\t\t\t\t<div id=\"elementor-tab-title-4002\" class=\"elementor-tab-title\" data-tab=\"2\" role=\"button\" aria-controls=\"elementor-tab-content-4002\" aria-expanded=\"false\">\n\t\t\t\t\t\t\t\t\t\t\t\t\t<span class=\"elementor-accordion-icon elementor-accordion-icon-left\" aria-hidden=\"true\">\n\t\t\t\t\t\t\t\t\t\t\t\t\t\t\t<span class=\"elementor-accordion-icon-closed\"><i class=\"fas fa-plus\"><\/i><\/span>\n\t\t\t\t\t\t\t\t<span class=\"elementor-accordion-icon-opened\"><i class=\"fas fa-minus\"><\/i><\/span>\n\t\t\t\t\t\t\t\t\t\t\t\t\t\t<\/span>\n\t\t\t\t\t\t\t\t\t\t\t\t<a class=\"elementor-accordion-title\" tabindex=\"0\">3 Sides extension box<\/a>\n\t\t\t\t\t<\/div>\n\t\t\t\t\t<div id=\"elementor-tab-content-4002\" class=\"elementor-tab-content elementor-clearfix\" data-tab=\"2\" role=\"region\" aria-labelledby=\"elementor-tab-title-4002\"><p>.<\/p><p><img decoding=\"async\" class=\"alignnone size-thumbnail wp-image-10230\" src=\"https:\/\/www.sthik.com\/wp-content\/uploads\/2023\/10\/rehausses_3faces-150x150.jpg\" alt=\"\" width=\"150\" height=\"150\" srcset=\"https:\/\/www.sthik.com\/wp-content\/uploads\/2023\/10\/rehausses_3faces-150x150.jpg 150w, https:\/\/www.sthik.com\/wp-content\/uploads\/2023\/10\/rehausses_3faces-100x100.jpg 100w\" sizes=\"(max-width: 150px) 100vw, 150px\" \/><\/p><\/div>\n\t\t\t\t<\/div>\n\t\t\t\t\t\t\t<div class=\"elementor-accordion-item\">\n\t\t\t\t\t<div id=\"elementor-tab-title-4003\" class=\"elementor-tab-title\" data-tab=\"3\" role=\"button\" aria-controls=\"elementor-tab-content-4003\" aria-expanded=\"false\">\n\t\t\t\t\t\t\t\t\t\t\t\t\t<span class=\"elementor-accordion-icon elementor-accordion-icon-left\" aria-hidden=\"true\">\n\t\t\t\t\t\t\t\t\t\t\t\t\t\t\t<span class=\"elementor-accordion-icon-closed\"><i class=\"fas fa-plus\"><\/i><\/span>\n\t\t\t\t\t\t\t\t<span class=\"elementor-accordion-icon-opened\"><i class=\"fas fa-minus\"><\/i><\/span>\n\t\t\t\t\t\t\t\t\t\t\t\t\t\t<\/span>\n\t\t\t\t\t\t\t\t\t\t\t\t<a class=\"elementor-accordion-title\" tabindex=\"0\">Feet - Frame modification<\/a>\n\t\t\t\t\t<\/div>\n\t\t\t\t\t<div id=\"elementor-tab-content-4003\" class=\"elementor-tab-content elementor-clearfix\" data-tab=\"3\" role=\"region\" aria-labelledby=\"elementor-tab-title-4003\"><p><img loading=\"lazy\" decoding=\"async\" class=\"alignnone size-thumbnail wp-image-10226\" src=\"https:\/\/www.sthik.com\/wp-content\/uploads\/2023\/10\/pieds-150x150.jpg\" alt=\"\" width=\"150\" height=\"150\" srcset=\"https:\/\/www.sthik.com\/wp-content\/uploads\/2023\/10\/pieds-150x150.jpg 150w, https:\/\/www.sthik.com\/wp-content\/uploads\/2023\/10\/pieds-100x100.jpg 100w, https:\/\/www.sthik.com\/wp-content\/uploads\/2023\/10\/pieds.jpg 200w\" sizes=\"(max-width: 150px) 100vw, 150px\" \/><\/p><\/div>\n\t\t\t\t<\/div>\n\t\t\t\t\t\t\t<div class=\"elementor-accordion-item\">\n\t\t\t\t\t<div id=\"elementor-tab-title-4004\" class=\"elementor-tab-title\" data-tab=\"4\" role=\"button\" aria-controls=\"elementor-tab-content-4004\" aria-expanded=\"false\">\n\t\t\t\t\t\t\t\t\t\t\t\t\t<span class=\"elementor-accordion-icon elementor-accordion-icon-left\" aria-hidden=\"true\">\n\t\t\t\t\t\t\t\t\t\t\t\t\t\t\t<span class=\"elementor-accordion-icon-closed\"><i class=\"fas fa-plus\"><\/i><\/span>\n\t\t\t\t\t\t\t\t<span class=\"elementor-accordion-icon-opened\"><i class=\"fas fa-minus\"><\/i><\/span>\n\t\t\t\t\t\t\t\t\t\t\t\t\t\t<\/span>\n\t\t\t\t\t\t\t\t\t\t\t\t<a class=\"elementor-accordion-title\" tabindex=\"0\">Scabbard for Handling Trolley Lift<\/a>\n\t\t\t\t\t<\/div>\n\t\t\t\t\t<div id=\"elementor-tab-content-4004\" class=\"elementor-tab-content elementor-clearfix\" data-tab=\"4\" role=\"region\" aria-labelledby=\"elementor-tab-title-4004\"><p>In or under the chassis<\/p><\/div>\n\t\t\t\t<\/div>\n\t\t\t\t\t\t\t\t<\/div>\n\t\t\t\t<\/div>\n\t\t\t\t<\/div>\n\t\t\t\t\t<\/div>\n\t\t<\/div>\n\t\t\t\t\t<\/div>\n\t\t<\/section>\n\t\t\t\t\t<\/div>\n\t\t<\/div>\n\t\t\t\t\t<\/div>\n\t\t<\/section>\n\t\t<div class=\"elementor-element elementor-element-c38d962 e-flex e-con-boxed e-con e-parent\" data-id=\"c38d962\" data-element_type=\"container\">\n\t\t\t\t\t<div class=\"e-con-inner\">\n\t\t\t\t<div class=\"elementor-element elementor-element-af9c20d elementor-widget elementor-widget-cthslider\" data-id=\"af9c20d\" data-element_type=\"widget\" data-widget_type=\"cthslider.default\">\n\t\t\t\t<div class=\"elementor-widget-container\">\n\t\t\t        <div class=\"prslider-wrap fw-carousel-wrap show-case-slider-wrap\">\n            <!-- fw-carousel  -->\n            <div class=\"fw-carousel  fs-gallery-wrap fl-wrap full-height lightgallery\" data-mousecontrol=\"0\">\n                <div class=\"swiper-container\">\n                    <div class=\"swiper-wrapper\">\n                                            <!-- swiper-slide-->\n                        <div class=\"swiper-slide hov_zoom\">\n                            <img loading=\"lazy\" decoding=\"async\" width=\"800\" height=\"450\" src=\"https:\/\/www.sthik.com\/wp-content\/uploads\/2023\/12\/conquet_csev_1.jpg\" class=\"attachment-theroof-slider size-theroof-slider\" alt=\"\" srcset=\"https:\/\/www.sthik.com\/wp-content\/uploads\/2023\/12\/conquet_csev_1.jpg 800w, https:\/\/www.sthik.com\/wp-content\/uploads\/2023\/12\/conquet_csev_1-300x169.jpg 300w, https:\/\/www.sthik.com\/wp-content\/uploads\/2023\/12\/conquet_csev_1-768x432.jpg 768w, https:\/\/www.sthik.com\/wp-content\/uploads\/2023\/12\/conquet_csev_1-303x170.jpg 303w, https:\/\/www.sthik.com\/wp-content\/uploads\/2023\/12\/conquet_csev_1-606x341.jpg 606w, https:\/\/www.sthik.com\/wp-content\/uploads\/2023\/12\/conquet_csev_1-530x298.jpg 530w, https:\/\/www.sthik.com\/wp-content\/uploads\/2023\/12\/conquet_csev_1-450x253.jpg 450w, https:\/\/www.sthik.com\/wp-content\/uploads\/2023\/12\/conquet_csev_1-500x281.jpg 500w, https:\/\/www.sthik.com\/wp-content\/uploads\/2023\/12\/conquet_csev_1-150x84.jpg 150w, https:\/\/www.sthik.com\/wp-content\/uploads\/2023\/12\/conquet_csev_1-600x338.jpg 600w\" sizes=\"(max-width: 800px) 100vw, 800px\" \/>                            <a href=\"https:\/\/www.sthik.com\/wp-content\/uploads\/2023\/12\/conquet_csev_1.jpg\" class=\"box-media-zoom popup-gal\"><i class=\"fal fa-search\"><\/i><\/a>\n                            <span class=\"slide-numb\">.01<\/span>\n                        <\/div>\n                        <!-- swiper-slide end-->\n                                            <!-- swiper-slide-->\n                        <div class=\"swiper-slide hov_zoom\">\n                            <img loading=\"lazy\" decoding=\"async\" width=\"731\" height=\"548\" src=\"https:\/\/www.sthik.com\/wp-content\/uploads\/2024\/03\/CSEV-731x548.jpg\" class=\"attachment-theroof-slider size-theroof-slider\" alt=\"\" srcset=\"https:\/\/www.sthik.com\/wp-content\/uploads\/2024\/03\/CSEV-731x548.jpg 731w, https:\/\/www.sthik.com\/wp-content\/uploads\/2024\/03\/CSEV-300x225.jpg 300w, https:\/\/www.sthik.com\/wp-content\/uploads\/2024\/03\/CSEV-1024x768.jpg 1024w, https:\/\/www.sthik.com\/wp-content\/uploads\/2024\/03\/CSEV-768x576.jpg 768w, https:\/\/www.sthik.com\/wp-content\/uploads\/2024\/03\/CSEV-16x12.jpg 16w, https:\/\/www.sthik.com\/wp-content\/uploads\/2024\/03\/CSEV-268x201.jpg 268w, https:\/\/www.sthik.com\/wp-content\/uploads\/2024\/03\/CSEV-536x402.jpg 536w, https:\/\/www.sthik.com\/wp-content\/uploads\/2024\/03\/CSEV-467x350.jpg 467w, https:\/\/www.sthik.com\/wp-content\/uploads\/2024\/03\/CSEV-450x338.jpg 450w, https:\/\/www.sthik.com\/wp-content\/uploads\/2024\/03\/CSEV-380x285.jpg 380w, https:\/\/www.sthik.com\/wp-content\/uploads\/2024\/03\/CSEV-133x100.jpg 133w, https:\/\/www.sthik.com\/wp-content\/uploads\/2024\/03\/CSEV-12x9.jpg 12w, https:\/\/www.sthik.com\/wp-content\/uploads\/2024\/03\/CSEV-24x18.jpg 24w, https:\/\/www.sthik.com\/wp-content\/uploads\/2024\/03\/CSEV-36x27.jpg 36w, https:\/\/www.sthik.com\/wp-content\/uploads\/2024\/03\/CSEV-600x450.jpg 600w, https:\/\/www.sthik.com\/wp-content\/uploads\/2024\/03\/CSEV.jpg 1280w\" sizes=\"(max-width: 731px) 100vw, 731px\" \/>                            <a href=\"https:\/\/www.sthik.com\/wp-content\/uploads\/2024\/03\/CSEV.jpg\" class=\"box-media-zoom popup-gal\"><i class=\"fal fa-search\"><\/i><\/a>\n                            <span class=\"slide-numb\">.02<\/span>\n                        <\/div>\n                        <!-- swiper-slide end-->\n                                        <\/div>\n                <\/div>\n            <\/div>\n            <!-- fw-carousel end -->\n            <div class=\"fw-carousel-button-prev ss-slider-cont\"><i class=\"fal fa-angle-left\"><\/i><\/div>\n            <div class=\"fw-carousel-button-next ss-slider-cont\"><i class=\"fal fa-angle-right\"><\/i><\/div>\n            <div class=\"ss-slider-controls2 fwc_pag\">\n                <div class=\"ss-slider-pagination\"><\/div>\n            <\/div>\n        <\/div>\n        \t\t<\/div>\n\t\t\t\t<\/div>\n\t\t\t\t\t<\/div>\n\t\t\t\t<\/div>\n\t\t<div class=\"elementor-element elementor-element-48aa179 e-flex e-con-boxed e-con e-parent\" data-id=\"48aa179\" data-element_type=\"container\">\n\t\t\t\t\t<div class=\"e-con-inner\">\n\t\t\t\t<div class=\"elementor-element elementor-element-9aa914f elementor-widget elementor-widget-video\" data-id=\"9aa914f\" data-element_type=\"widget\" data-settings=\"{&quot;video_type&quot;:&quot;hosted&quot;,&quot;controls&quot;:&quot;yes&quot;}\" data-widget_type=\"video.default\">\n\t\t\t\t<div class=\"elementor-widget-container\">\n\t\t\t<style>\/*! elementor - v3.21.0 - 22-05-2024 *\/\n.elementor-widget-video .elementor-widget-container{overflow:hidden;transform:translateZ(0)}.elementor-widget-video .elementor-wrapper{aspect-ratio:var(--video-aspect-ratio)}.elementor-widget-video .elementor-wrapper iframe,.elementor-widget-video .elementor-wrapper video{height:100%;width:100%;display:flex;border:none;background-color:#000}@supports not (aspect-ratio:1\/1){.elementor-widget-video .elementor-wrapper{position:relative;overflow:hidden;height:0;padding-bottom:calc(100% \/ var(--video-aspect-ratio))}.elementor-widget-video .elementor-wrapper iframe,.elementor-widget-video .elementor-wrapper video{position:absolute;top:0;right:0;bottom:0;left:0}}.elementor-widget-video .elementor-open-inline .elementor-custom-embed-image-overlay{position:absolute;top:0;right:0;bottom:0;left:0;background-size:cover;background-position:50%}.elementor-widget-video .elementor-custom-embed-image-overlay{cursor:pointer;text-align:center}.elementor-widget-video .elementor-custom-embed-image-overlay:hover .elementor-custom-embed-play i{opacity:1}.elementor-widget-video .elementor-custom-embed-image-overlay img{display:block;width:100%;aspect-ratio:var(--video-aspect-ratio);-o-object-fit:cover;object-fit:cover;-o-object-position:center center;object-position:center center}@supports not (aspect-ratio:1\/1){.elementor-widget-video .elementor-custom-embed-image-overlay{position:relative;overflow:hidden;height:0;padding-bottom:calc(100% \/ var(--video-aspect-ratio))}.elementor-widget-video .elementor-custom-embed-image-overlay img{position:absolute;top:0;right:0;bottom:0;left:0}}.elementor-widget-video .e-hosted-video .elementor-video{-o-object-fit:cover;object-fit:cover}.e-con-inner>.elementor-widget-video,.e-con>.elementor-widget-video{width:var(--container-widget-width);--flex-grow:var(--container-widget-flex-grow)}<\/style>\t\t<div class=\"e-hosted-video elementor-wrapper elementor-open-inline\">\n\t\t\t\t\t<video class=\"elementor-video\" src=\"https:\/\/www.sthik.com\/wp-content\/uploads\/2024\/03\/CSEV-1.mov\" controls=\"\" preload=\"metadata\" controlslist=\"nodownload\" poster=\"https:\/\/www.sthik.com\/wp-content\/uploads\/2024\/03\/CSEV.jpg\"><\/video>\n\t\t\t\t<\/div>\n\t\t\t\t<\/div>\n\t\t\t\t<\/div>\n\t\t\t\t\t<\/div>\n\t\t\t\t<\/div>\n\t\t\t\t<\/div>","protected":false},"excerpt":{"rendered":"<p>Ch\u00e2ssis SEMI-ELEVATEUR type C.SE.V. : En g\u00e9n\u00e9ral, ce ch\u00e2ssis est utilis\u00e9 pour des r\u00e9ceptions de vendange \u00ab\u00a0hors-sol\u00a0\u00bb donc sans g\u00e9nie civil. Le C.SE.V. est souvent aliment\u00e9 par des bennes non-\u00e9l\u00e9vatrices (type B.H.) \u00e0 d\u00e9chargement contr\u00f4l\u00e9. Il permet de d\u00e9charger en hauteur dans des \u00e9grappoirs. Cet ensemble facilement adaptable permet de ranger tous les \u00e9quipements de r\u00e9ception apr\u00e8s les vendanges. D\u00e9tails T\u00e9l\u00e9charger la fiche technique du Conquet Semi-El\u00e9vateur \u00e0 Bec Vibrant (PDF) Options Bec Allong\u00e9 pour Table de Tri Il permet de trier directement la vendange sur le conquet. R\u00e9hausse de Caisse 3 Faces . Pieds &#8211; Modification de Ch\u00e2ssis Fourreau pour Manipulation Chariot El\u00e9vateur Dans ou sous le ch\u00e2ssis .01 .02 https:\/\/www.sthik.com\/wp-content\/uploads\/2024\/03\/CSEV-1.mov<\/p>","protected":false},"author":1,"featured_media":0,"parent":0,"menu_order":0,"comment_status":"closed","ping_status":"closed","template":"","meta":{"footnotes":""},"class_list":["post-10795","page","type-page","status-publish","hentry"],"_links":{"self":[{"href":"https:\/\/www.sthik.com\/en\/wp-json\/wp\/v2\/pages\/10795","targetHints":{"allow":["GET"]}}],"collection":[{"href":"https:\/\/www.sthik.com\/en\/wp-json\/wp\/v2\/pages"}],"about":[{"href":"https:\/\/www.sthik.com\/en\/wp-json\/wp\/v2\/types\/page"}],"author":[{"embeddable":true,"href":"https:\/\/www.sthik.com\/en\/wp-json\/wp\/v2\/users\/1"}],"replies":[{"embeddable":true,"href":"https:\/\/www.sthik.com\/en\/wp-json\/wp\/v2\/comments?post=10795"}],"version-history":[{"count":31,"href":"https:\/\/www.sthik.com\/en\/wp-json\/wp\/v2\/pages\/10795\/revisions"}],"predecessor-version":[{"id":13875,"href":"https:\/\/www.sthik.com\/en\/wp-json\/wp\/v2\/pages\/10795\/revisions\/13875"}],"wp:attachment":[{"href":"https:\/\/www.sthik.com\/en\/wp-json\/wp\/v2\/media?parent=10795"}],"curies":[{"name":"wp","href":"https:\/\/api.w.org\/{rel}","templated":true}]}}