{"id":10783,"date":"2023-12-06T21:54:18","date_gmt":"2023-12-06T20:54:18","guid":{"rendered":"http:\/\/nouveau.sthik.com\/WP1\/?page_id=10783"},"modified":"2024-06-27T09:40:32","modified_gmt":"2024-06-27T07:40:32","slug":"conquet-basculant-a-bec-vibrant","status":"publish","type":"page","link":"https:\/\/www.sthik.com\/en\/conquet-basculant-a-bec-vibrant\/","title":{"rendered":"Non-lifting Tipping Hopper with Vibrating Rear Discharge"},"content":{"rendered":"<div data-elementor-type=\"wp-page\" data-elementor-id=\"10783\" class=\"elementor elementor-10783\">\n\t\t\t\t\t\t<section class=\"elementor-section elementor-top-section elementor-element elementor-element-691251a0 elementor-section-boxed elementor-section-height-default elementor-section-height-default\" data-id=\"691251a0\" data-element_type=\"section\">\n\t\t\t\t\t\t<div class=\"elementor-container elementor-column-gap-default\">\n\t\t\t\t\t<div class=\"elementor-column elementor-col-100 elementor-top-column elementor-element elementor-element-45b6eff7\" data-id=\"45b6eff7\" data-element_type=\"column\">\n\t\t\t<div class=\"elementor-widget-wrap elementor-element-populated\">\n\t\t\t\t\t\t<section class=\"elementor-section elementor-inner-section elementor-element elementor-element-6c644cb2 elementor-section-boxed elementor-section-height-default elementor-section-height-default\" data-id=\"6c644cb2\" data-element_type=\"section\">\n\t\t\t\t\t\t<div class=\"elementor-container elementor-column-gap-default\">\n\t\t\t\t\t<div class=\"elementor-column elementor-col-50 elementor-inner-column elementor-element elementor-element-3d120c47\" data-id=\"3d120c47\" data-element_type=\"column\">\n\t\t\t<div class=\"elementor-widget-wrap elementor-element-populated\">\n\t\t\t\t\t\t<div class=\"elementor-element elementor-element-476473a0 elementor-widget elementor-widget-image\" data-id=\"476473a0\" data-element_type=\"widget\" data-widget_type=\"image.default\">\n\t\t\t\t<div class=\"elementor-widget-container\">\n\t\t\t<style>\/*! elementor - v3.21.0 - 22-05-2024 *\/\n.elementor-widget-image{text-align:center}.elementor-widget-image a{display:inline-block}.elementor-widget-image a img[src$=\".svg\"]{width:48px}.elementor-widget-image img{vertical-align:middle;display:inline-block}<\/style>\t\t\t\t\t\t\t<figure class=\"wp-caption\">\n\t\t\t\t\t\t\t\t\t\t<img fetchpriority=\"high\" decoding=\"async\" width=\"502\" height=\"307\" src=\"https:\/\/www.sthik.com\/wp-content\/uploads\/2023\/12\/CV_1.jpg\" class=\"attachment-large size-large wp-image-10785\" alt=\"\" srcset=\"https:\/\/www.sthik.com\/wp-content\/uploads\/2023\/12\/CV_1.jpg 502w, https:\/\/www.sthik.com\/wp-content\/uploads\/2023\/12\/CV_1-300x183.jpg 300w, https:\/\/www.sthik.com\/wp-content\/uploads\/2023\/12\/CV_1-303x185.jpg 303w, https:\/\/www.sthik.com\/wp-content\/uploads\/2023\/12\/CV_1-450x275.jpg 450w, https:\/\/www.sthik.com\/wp-content\/uploads\/2023\/12\/CV_1-466x285.jpg 466w, https:\/\/www.sthik.com\/wp-content\/uploads\/2023\/12\/CV_1-150x92.jpg 150w\" sizes=\"(max-width: 502px) 100vw, 502px\" \/>\t\t\t\t\t\t\t\t\t\t\t<figcaption class=\"widget-image-caption wp-caption-text\"><\/figcaption>\n\t\t\t\t\t\t\t\t\t\t<\/figure>\n\t\t\t\t\t\t\t<\/div>\n\t\t\t\t<\/div>\n\t\t\t\t<div class=\"elementor-element elementor-element-57782fb9 elementor-widget elementor-widget-text-editor\" data-id=\"57782fb9\" data-element_type=\"widget\" data-widget_type=\"text-editor.default\">\n\t\t\t\t<div class=\"elementor-widget-container\">\n\t\t\t<style>\/*! elementor - v3.21.0 - 22-05-2024 *\/\n.elementor-widget-text-editor.elementor-drop-cap-view-stacked .elementor-drop-cap{background-color:#69727d;color:#fff}.elementor-widget-text-editor.elementor-drop-cap-view-framed .elementor-drop-cap{color:#69727d;border:3px solid;background-color:transparent}.elementor-widget-text-editor:not(.elementor-drop-cap-view-default) .elementor-drop-cap{margin-top:8px}.elementor-widget-text-editor:not(.elementor-drop-cap-view-default) .elementor-drop-cap-letter{width:1em;height:1em}.elementor-widget-text-editor .elementor-drop-cap{float:left;text-align:center;line-height:1;font-size:50px}.elementor-widget-text-editor .elementor-drop-cap-letter{display:inline-block}<\/style>\t\t\t\t<p style=\"text-align: justify;\">Liftingless tipping hopper, C.V. type:<\/p><p style=\"text-align: justify;\">In general, this frame is used for receptions of vintage &#034;off the ground&#034; so without civil engineering.<\/p><p style=\"text-align: justify;\">It provides power directly to the sorting tables, elevators or tape, with a small difference in altitude of destemmers. Because of its low height, the C. V. is often powered by dump trucks unloading controlled (with &#034; Beak &#034;), non-lifting type B. H. .<\/p><p style=\"text-align: justify;\">This set is easily adaptable and can be moved in the off-season harvest.<\/p>\t\t\t\t\t\t<\/div>\n\t\t\t\t<\/div>\n\t\t\t\t\t<\/div>\n\t\t<\/div>\n\t\t\t\t<div class=\"elementor-column elementor-col-50 elementor-inner-column elementor-element elementor-element-7a5fd1bf\" data-id=\"7a5fd1bf\" data-element_type=\"column\">\n\t\t\t<div class=\"elementor-widget-wrap elementor-element-populated\">\n\t\t\t\t\t\t<div class=\"elementor-element elementor-element-34a1003f elementor-widget elementor-widget-heading\" data-id=\"34a1003f\" data-element_type=\"widget\" data-widget_type=\"heading.default\">\n\t\t\t\t<div class=\"elementor-widget-container\">\n\t\t\t<style>\/*! elementor - v3.21.0 - 22-05-2024 *\/\n.elementor-heading-title{padding:0;margin:0;line-height:1}.elementor-widget-heading .elementor-heading-title[class*=elementor-size-]>a{color:inherit;font-size:inherit;line-height:inherit}.elementor-widget-heading .elementor-heading-title.elementor-size-small{font-size:15px}.elementor-widget-heading .elementor-heading-title.elementor-size-medium{font-size:19px}.elementor-widget-heading .elementor-heading-title.elementor-size-large{font-size:29px}.elementor-widget-heading .elementor-heading-title.elementor-size-xl{font-size:39px}.elementor-widget-heading .elementor-heading-title.elementor-size-xxl{font-size:59px}<\/style><h2 class=\"elementor-heading-title elementor-size-default\">Details<\/h2>\t\t<\/div>\n\t\t\t\t<\/div>\n\t\t\t\t<div class=\"elementor-element elementor-element-6d7b2cd7 elementor-widget elementor-widget-text-editor\" data-id=\"6d7b2cd7\" data-element_type=\"widget\" data-widget_type=\"text-editor.default\">\n\t\t\t\t<div class=\"elementor-widget-container\">\n\t\t\t\t\t\t\t<p><a href=\"https:\/\/www.sthik.com\/wp-content\/uploads\/2024\/03\/STHIK-English-Brochure-2021-Hoppers-with-Vibrating-Discharge.pdf\" target=\"_blank\" rel=\"noopener\">Download the data sheet for the Non-Lifting Tipping Hopper With Vibrating Rear Discharge (PDF)<\/a><\/p>\t\t\t\t\t\t<\/div>\n\t\t\t\t<\/div>\n\t\t\t\t<div class=\"elementor-element elementor-element-48ad4ec elementor-widget elementor-widget-heading\" data-id=\"48ad4ec\" data-element_type=\"widget\" data-widget_type=\"heading.default\">\n\t\t\t\t<div class=\"elementor-widget-container\">\n\t\t\t<h2 class=\"elementor-heading-title elementor-size-default\">Options<\/h2>\t\t<\/div>\n\t\t\t\t<\/div>\n\t\t\t\t<div class=\"elementor-element elementor-element-5a04f23c elementor-widget elementor-widget-accordion\" data-id=\"5a04f23c\" data-element_type=\"widget\" data-widget_type=\"accordion.default\">\n\t\t\t\t<div class=\"elementor-widget-container\">\n\t\t\t<style>\/*! elementor - v3.21.0 - 22-05-2024 *\/\n.elementor-accordion{text-align:start}.elementor-accordion .elementor-accordion-item{border:1px solid #d5d8dc}.elementor-accordion .elementor-accordion-item+.elementor-accordion-item{border-top:none}.elementor-accordion .elementor-tab-title{margin:0;padding:15px 20px;font-weight:700;line-height:1;cursor:pointer;outline:none}.elementor-accordion .elementor-tab-title .elementor-accordion-icon{display:inline-block;width:1.5em}.elementor-accordion .elementor-tab-title .elementor-accordion-icon svg{width:1em;height:1em}.elementor-accordion .elementor-tab-title .elementor-accordion-icon.elementor-accordion-icon-right{float:right;text-align:right}.elementor-accordion .elementor-tab-title .elementor-accordion-icon.elementor-accordion-icon-left{float:left;text-align:left}.elementor-accordion .elementor-tab-title .elementor-accordion-icon .elementor-accordion-icon-closed{display:block}.elementor-accordion .elementor-tab-title .elementor-accordion-icon .elementor-accordion-icon-opened,.elementor-accordion .elementor-tab-title.elementor-active .elementor-accordion-icon-closed{display:none}.elementor-accordion .elementor-tab-title.elementor-active .elementor-accordion-icon-opened{display:block}.elementor-accordion .elementor-tab-content{display:none;padding:15px 20px;border-top:1px solid #d5d8dc}@media (max-width:767px){.elementor-accordion .elementor-tab-title{padding:12px 15px}.elementor-accordion .elementor-tab-title .elementor-accordion-icon{width:1.2em}.elementor-accordion .elementor-tab-content{padding:7px 15px}}.e-con-inner>.elementor-widget-accordion,.e-con>.elementor-widget-accordion{width:var(--container-widget-width);--flex-grow:var(--container-widget-flex-grow)}<\/style>\t\t<div class=\"elementor-accordion\">\n\t\t\t\t\t\t\t<div class=\"elementor-accordion-item\">\n\t\t\t\t\t<div id=\"elementor-tab-title-1511\" class=\"elementor-tab-title\" data-tab=\"1\" role=\"button\" aria-controls=\"elementor-tab-content-1511\" aria-expanded=\"false\">\n\t\t\t\t\t\t\t\t\t\t\t\t\t<span class=\"elementor-accordion-icon elementor-accordion-icon-left\" aria-hidden=\"true\">\n\t\t\t\t\t\t\t\t\t\t\t\t\t\t\t<span class=\"elementor-accordion-icon-closed\"><i class=\"fas fa-plus\"><\/i><\/span>\n\t\t\t\t\t\t\t\t<span class=\"elementor-accordion-icon-opened\"><i class=\"fas fa-minus\"><\/i><\/span>\n\t\t\t\t\t\t\t\t\t\t\t\t\t\t<\/span>\n\t\t\t\t\t\t\t\t\t\t\t\t<a class=\"elementor-accordion-title\" tabindex=\"0\">Extended Spout for Sorting Table<\/a>\n\t\t\t\t\t<\/div>\n\t\t\t\t\t<div id=\"elementor-tab-content-1511\" class=\"elementor-tab-content elementor-clearfix\" data-tab=\"1\" role=\"region\" aria-labelledby=\"elementor-tab-title-1511\"><p><img decoding=\"async\" class=\"alignnone size-full wp-image-10180\" src=\"https:\/\/www.sthik.com\/wp-content\/uploads\/2023\/10\/bec_allonge-150x150-1.jpg\" alt=\"\" width=\"150\" height=\"150\" srcset=\"https:\/\/www.sthik.com\/wp-content\/uploads\/2023\/10\/bec_allonge-150x150-1.jpg 150w, https:\/\/www.sthik.com\/wp-content\/uploads\/2023\/10\/bec_allonge-150x150-1-100x100.jpg 100w\" sizes=\"(max-width: 150px) 100vw, 150px\" \/><\/p><p>It allows you to sort directly the harvest on the conquet.<\/p><\/div>\n\t\t\t\t<\/div>\n\t\t\t\t\t\t\t<div class=\"elementor-accordion-item\">\n\t\t\t\t\t<div id=\"elementor-tab-title-1512\" class=\"elementor-tab-title\" data-tab=\"2\" role=\"button\" aria-controls=\"elementor-tab-content-1512\" aria-expanded=\"false\">\n\t\t\t\t\t\t\t\t\t\t\t\t\t<span class=\"elementor-accordion-icon elementor-accordion-icon-left\" aria-hidden=\"true\">\n\t\t\t\t\t\t\t\t\t\t\t\t\t\t\t<span class=\"elementor-accordion-icon-closed\"><i class=\"fas fa-plus\"><\/i><\/span>\n\t\t\t\t\t\t\t\t<span class=\"elementor-accordion-icon-opened\"><i class=\"fas fa-minus\"><\/i><\/span>\n\t\t\t\t\t\t\t\t\t\t\t\t\t\t<\/span>\n\t\t\t\t\t\t\t\t\t\t\t\t<a class=\"elementor-accordion-title\" tabindex=\"0\">Feet - Frame modification<\/a>\n\t\t\t\t\t<\/div>\n\t\t\t\t\t<div id=\"elementor-tab-content-1512\" class=\"elementor-tab-content elementor-clearfix\" data-tab=\"2\" role=\"region\" aria-labelledby=\"elementor-tab-title-1512\"><p><img decoding=\"async\" class=\"alignnone size-thumbnail wp-image-10226\" src=\"https:\/\/www.sthik.com\/wp-content\/uploads\/2023\/10\/pieds-150x150.jpg\" alt=\"\" width=\"150\" height=\"150\" srcset=\"https:\/\/www.sthik.com\/wp-content\/uploads\/2023\/10\/pieds-150x150.jpg 150w, https:\/\/www.sthik.com\/wp-content\/uploads\/2023\/10\/pieds-100x100.jpg 100w, https:\/\/www.sthik.com\/wp-content\/uploads\/2023\/10\/pieds.jpg 200w\" sizes=\"(max-width: 150px) 100vw, 150px\" \/><\/p><\/div>\n\t\t\t\t<\/div>\n\t\t\t\t\t\t\t<div class=\"elementor-accordion-item\">\n\t\t\t\t\t<div id=\"elementor-tab-title-1513\" class=\"elementor-tab-title\" data-tab=\"3\" role=\"button\" aria-controls=\"elementor-tab-content-1513\" aria-expanded=\"false\">\n\t\t\t\t\t\t\t\t\t\t\t\t\t<span class=\"elementor-accordion-icon elementor-accordion-icon-left\" aria-hidden=\"true\">\n\t\t\t\t\t\t\t\t\t\t\t\t\t\t\t<span class=\"elementor-accordion-icon-closed\"><i class=\"fas fa-plus\"><\/i><\/span>\n\t\t\t\t\t\t\t\t<span class=\"elementor-accordion-icon-opened\"><i class=\"fas fa-minus\"><\/i><\/span>\n\t\t\t\t\t\t\t\t\t\t\t\t\t\t<\/span>\n\t\t\t\t\t\t\t\t\t\t\t\t<a class=\"elementor-accordion-title\" tabindex=\"0\">3 Sides extension box<\/a>\n\t\t\t\t\t<\/div>\n\t\t\t\t\t<div id=\"elementor-tab-content-1513\" class=\"elementor-tab-content elementor-clearfix\" data-tab=\"3\" role=\"region\" aria-labelledby=\"elementor-tab-title-1513\"><p><img loading=\"lazy\" decoding=\"async\" class=\"alignnone size-thumbnail wp-image-10230\" src=\"https:\/\/www.sthik.com\/wp-content\/uploads\/2023\/10\/rehausses_3faces-150x150.jpg\" alt=\"\" width=\"150\" height=\"150\" srcset=\"https:\/\/www.sthik.com\/wp-content\/uploads\/2023\/10\/rehausses_3faces-150x150.jpg 150w, https:\/\/www.sthik.com\/wp-content\/uploads\/2023\/10\/rehausses_3faces-100x100.jpg 100w\" sizes=\"(max-width: 150px) 100vw, 150px\" \/><\/p><\/div>\n\t\t\t\t<\/div>\n\t\t\t\t\t\t\t<div class=\"elementor-accordion-item\">\n\t\t\t\t\t<div id=\"elementor-tab-title-1514\" class=\"elementor-tab-title\" data-tab=\"4\" role=\"button\" aria-controls=\"elementor-tab-content-1514\" aria-expanded=\"false\">\n\t\t\t\t\t\t\t\t\t\t\t\t\t<span class=\"elementor-accordion-icon elementor-accordion-icon-left\" aria-hidden=\"true\">\n\t\t\t\t\t\t\t\t\t\t\t\t\t\t\t<span class=\"elementor-accordion-icon-closed\"><i class=\"fas fa-plus\"><\/i><\/span>\n\t\t\t\t\t\t\t\t<span class=\"elementor-accordion-icon-opened\"><i class=\"fas fa-minus\"><\/i><\/span>\n\t\t\t\t\t\t\t\t\t\t\t\t\t\t<\/span>\n\t\t\t\t\t\t\t\t\t\t\t\t<a class=\"elementor-accordion-title\" tabindex=\"0\">Scabbard for Handling Forklift<\/a>\n\t\t\t\t\t<\/div>\n\t\t\t\t\t<div id=\"elementor-tab-content-1514\" class=\"elementor-tab-content elementor-clearfix\" data-tab=\"4\" role=\"region\" aria-labelledby=\"elementor-tab-title-1514\"><p>In or under the chassis<\/p><\/div>\n\t\t\t\t<\/div>\n\t\t\t\t\t\t\t\t<\/div>\n\t\t\t\t<\/div>\n\t\t\t\t<\/div>\n\t\t\t\t\t<\/div>\n\t\t<\/div>\n\t\t\t\t\t<\/div>\n\t\t<\/section>\n\t\t\t\t\t<\/div>\n\t\t<\/div>\n\t\t\t\t\t<\/div>\n\t\t<\/section>\n\t\t\t\t<section class=\"elementor-section elementor-top-section elementor-element elementor-element-78642e0a elementor-section-boxed elementor-section-height-default elementor-section-height-default\" data-id=\"78642e0a\" data-element_type=\"section\">\n\t\t\t\t\t\t<div class=\"elementor-container elementor-column-gap-default\">\n\t\t\t\t\t<div class=\"elementor-column elementor-col-100 elementor-top-column elementor-element elementor-element-780fe550\" data-id=\"780fe550\" data-element_type=\"column\">\n\t\t\t<div class=\"elementor-widget-wrap elementor-element-populated\">\n\t\t\t\t\t\t\t<\/div>\n\t\t<\/div>\n\t\t\t\t\t<\/div>\n\t\t<\/section>\n\t\t<div class=\"elementor-element elementor-element-c38d962 e-flex e-con-boxed e-con e-parent\" data-id=\"c38d962\" data-element_type=\"container\">\n\t\t\t\t\t<div class=\"e-con-inner\">\n\t\t\t\t<div class=\"elementor-element elementor-element-af9c20d elementor-widget elementor-widget-cthslider\" data-id=\"af9c20d\" data-element_type=\"widget\" data-widget_type=\"cthslider.default\">\n\t\t\t\t<div class=\"elementor-widget-container\">\n\t\t\t        <div class=\"prslider-wrap fw-carousel-wrap show-case-slider-wrap\">\n            <!-- fw-carousel  -->\n            <div class=\"fw-carousel  fs-gallery-wrap fl-wrap full-height lightgallery\" data-mousecontrol=\"0\">\n                <div class=\"swiper-container\">\n                    <div class=\"swiper-wrapper\">\n                                            <!-- swiper-slide-->\n                        <div class=\"swiper-slide hov_zoom\">\n                            <img loading=\"lazy\" decoding=\"async\" width=\"731\" height=\"548\" src=\"https:\/\/www.sthik.com\/wp-content\/uploads\/2023\/12\/conquet_cv_6-731x548.jpg\" class=\"attachment-theroof-slider size-theroof-slider\" alt=\"\" srcset=\"https:\/\/www.sthik.com\/wp-content\/uploads\/2023\/12\/conquet_cv_6-731x548.jpg 731w, https:\/\/www.sthik.com\/wp-content\/uploads\/2023\/12\/conquet_cv_6-300x225.jpg 300w, https:\/\/www.sthik.com\/wp-content\/uploads\/2023\/12\/conquet_cv_6-768x576.jpg 768w, https:\/\/www.sthik.com\/wp-content\/uploads\/2023\/12\/conquet_cv_6-268x201.jpg 268w, https:\/\/www.sthik.com\/wp-content\/uploads\/2023\/12\/conquet_cv_6-536x402.jpg 536w, https:\/\/www.sthik.com\/wp-content\/uploads\/2023\/12\/conquet_cv_6-467x350.jpg 467w, https:\/\/www.sthik.com\/wp-content\/uploads\/2023\/12\/conquet_cv_6-450x338.jpg 450w, https:\/\/www.sthik.com\/wp-content\/uploads\/2023\/12\/conquet_cv_6-380x285.jpg 380w, https:\/\/www.sthik.com\/wp-content\/uploads\/2023\/12\/conquet_cv_6-133x100.jpg 133w, https:\/\/www.sthik.com\/wp-content\/uploads\/2023\/12\/conquet_cv_6-600x450.jpg 600w, https:\/\/www.sthik.com\/wp-content\/uploads\/2023\/12\/conquet_cv_6.jpg 800w\" sizes=\"(max-width: 731px) 100vw, 731px\" \/>                            <a href=\"https:\/\/www.sthik.com\/wp-content\/uploads\/2023\/12\/conquet_cv_6.jpg\" class=\"box-media-zoom popup-gal\"><i class=\"fal fa-search\"><\/i><\/a>\n                            <span class=\"slide-numb\">.01<\/span>\n                        <\/div>\n                        <!-- swiper-slide end-->\n                                            <!-- swiper-slide-->\n                        <div class=\"swiper-slide hov_zoom\">\n                            <img loading=\"lazy\" decoding=\"async\" width=\"731\" height=\"548\" src=\"https:\/\/www.sthik.com\/wp-content\/uploads\/2023\/12\/conquet_cv_7-731x548.jpg\" class=\"attachment-theroof-slider size-theroof-slider\" alt=\"\" srcset=\"https:\/\/www.sthik.com\/wp-content\/uploads\/2023\/12\/conquet_cv_7-731x548.jpg 731w, https:\/\/www.sthik.com\/wp-content\/uploads\/2023\/12\/conquet_cv_7-300x225.jpg 300w, https:\/\/www.sthik.com\/wp-content\/uploads\/2023\/12\/conquet_cv_7-768x576.jpg 768w, https:\/\/www.sthik.com\/wp-content\/uploads\/2023\/12\/conquet_cv_7-268x201.jpg 268w, https:\/\/www.sthik.com\/wp-content\/uploads\/2023\/12\/conquet_cv_7-536x402.jpg 536w, https:\/\/www.sthik.com\/wp-content\/uploads\/2023\/12\/conquet_cv_7-467x350.jpg 467w, https:\/\/www.sthik.com\/wp-content\/uploads\/2023\/12\/conquet_cv_7-450x338.jpg 450w, https:\/\/www.sthik.com\/wp-content\/uploads\/2023\/12\/conquet_cv_7-380x285.jpg 380w, https:\/\/www.sthik.com\/wp-content\/uploads\/2023\/12\/conquet_cv_7-133x100.jpg 133w, https:\/\/www.sthik.com\/wp-content\/uploads\/2023\/12\/conquet_cv_7-600x450.jpg 600w, https:\/\/www.sthik.com\/wp-content\/uploads\/2023\/12\/conquet_cv_7.jpg 800w\" sizes=\"(max-width: 731px) 100vw, 731px\" \/>                            <a href=\"https:\/\/www.sthik.com\/wp-content\/uploads\/2023\/12\/conquet_cv_7.jpg\" class=\"box-media-zoom popup-gal\"><i class=\"fal fa-search\"><\/i><\/a>\n                            <span class=\"slide-numb\">.02<\/span>\n                        <\/div>\n                        <!-- swiper-slide end-->\n                                        <\/div>\n                <\/div>\n            <\/div>\n            <!-- fw-carousel end -->\n            <div class=\"fw-carousel-button-prev ss-slider-cont\"><i class=\"fal fa-angle-left\"><\/i><\/div>\n            <div class=\"fw-carousel-button-next ss-slider-cont\"><i class=\"fal fa-angle-right\"><\/i><\/div>\n            <div class=\"ss-slider-controls2 fwc_pag\">\n                <div class=\"ss-slider-pagination\"><\/div>\n            <\/div>\n        <\/div>\n        \t\t<\/div>\n\t\t\t\t<\/div>\n\t\t\t\t\t<\/div>\n\t\t\t\t<\/div>\n\t\t<div class=\"elementor-element elementor-element-48aa179 e-flex e-con-boxed e-con e-parent\" data-id=\"48aa179\" data-element_type=\"container\">\n\t\t\t\t\t<div class=\"e-con-inner\">\n\t\t\t\t<div class=\"elementor-element elementor-element-9aa914f elementor-widget elementor-widget-video\" data-id=\"9aa914f\" data-element_type=\"widget\" data-settings=\"{&quot;youtube_url&quot;:&quot;https:\\\/\\\/youtu.be\\\/RjEG804fpuA?si=OAmHHqrRqUX2ezY3&quot;,&quot;video_type&quot;:&quot;youtube&quot;,&quot;controls&quot;:&quot;yes&quot;}\" data-widget_type=\"video.default\">\n\t\t\t\t<div class=\"elementor-widget-container\">\n\t\t\t<style>\/*! elementor - v3.21.0 - 22-05-2024 *\/\n.elementor-widget-video .elementor-widget-container{overflow:hidden;transform:translateZ(0)}.elementor-widget-video .elementor-wrapper{aspect-ratio:var(--video-aspect-ratio)}.elementor-widget-video .elementor-wrapper iframe,.elementor-widget-video .elementor-wrapper video{height:100%;width:100%;display:flex;border:none;background-color:#000}@supports not (aspect-ratio:1\/1){.elementor-widget-video .elementor-wrapper{position:relative;overflow:hidden;height:0;padding-bottom:calc(100% \/ var(--video-aspect-ratio))}.elementor-widget-video .elementor-wrapper iframe,.elementor-widget-video .elementor-wrapper video{position:absolute;top:0;right:0;bottom:0;left:0}}.elementor-widget-video .elementor-open-inline .elementor-custom-embed-image-overlay{position:absolute;top:0;right:0;bottom:0;left:0;background-size:cover;background-position:50%}.elementor-widget-video .elementor-custom-embed-image-overlay{cursor:pointer;text-align:center}.elementor-widget-video .elementor-custom-embed-image-overlay:hover .elementor-custom-embed-play i{opacity:1}.elementor-widget-video .elementor-custom-embed-image-overlay img{display:block;width:100%;aspect-ratio:var(--video-aspect-ratio);-o-object-fit:cover;object-fit:cover;-o-object-position:center center;object-position:center center}@supports not (aspect-ratio:1\/1){.elementor-widget-video .elementor-custom-embed-image-overlay{position:relative;overflow:hidden;height:0;padding-bottom:calc(100% \/ var(--video-aspect-ratio))}.elementor-widget-video .elementor-custom-embed-image-overlay img{position:absolute;top:0;right:0;bottom:0;left:0}}.elementor-widget-video .e-hosted-video .elementor-video{-o-object-fit:cover;object-fit:cover}.e-con-inner>.elementor-widget-video,.e-con>.elementor-widget-video{width:var(--container-widget-width);--flex-grow:var(--container-widget-flex-grow)}<\/style>\t\t<div class=\"elementor-wrapper elementor-open-inline\">\n\t\t\t<div class=\"elementor-video\"><\/div>\t\t<\/div>\n\t\t\t\t<\/div>\n\t\t\t\t<\/div>\n\t\t\t\t\t<\/div>\n\t\t\t\t<\/div>\n\t\t\t\t<\/div>","protected":false},"excerpt":{"rendered":"<p>Ch\u00e2ssis non-\u00e9l\u00e9vateur type C.V. : En g\u00e9n\u00e9ral, ce ch\u00e2ssis est utilis\u00e9 pour des r\u00e9ceptions de vendange \u00ab\u00a0hors-sol\u00a0\u00bb donc sans g\u00e9nie civil. Il permet d&rsquo;alimenter directement des tables de tri, des \u00e9l\u00e9vateurs \u00e0 bande ou, avec un petit d\u00e9nivel\u00e9, des \u00e9grappoirs. Du fait de sa hauteur r\u00e9duite, le C.V. est souvent aliment\u00e9 par des bennes \u00e0 d\u00e9chargement contr\u00f4l\u00e9 (\u00e0 \u00ab\u00a0Bec\u00a0\u00bb) non-\u00e9l\u00e9vatrices type B.H. . Cet ensemble facilement adaptable peut \u00eatre ainsi d\u00e9plac\u00e9 hors saison des vendanges. D\u00e9tails T\u00e9l\u00e9charger la fiche technique du Conquet Basculant \u00e0 Bec Vibrant (PDF) Options Bec Allong\u00e9 pour Table de Tri Il permet de trier directement la vendange sur le conquet. Pieds &#8211; Modification de Ch\u00e2ssis R\u00e9hausse de Caisse 3 Faces Fourreau pour Manipulation Chariot Elevateur Dans ou sous le ch\u00e2ssis .01 .02<\/p>","protected":false},"author":1,"featured_media":0,"parent":0,"menu_order":0,"comment_status":"closed","ping_status":"closed","template":"","meta":{"footnotes":""},"class_list":["post-10783","page","type-page","status-publish","hentry"],"_links":{"self":[{"href":"https:\/\/www.sthik.com\/en\/wp-json\/wp\/v2\/pages\/10783","targetHints":{"allow":["GET"]}}],"collection":[{"href":"https:\/\/www.sthik.com\/en\/wp-json\/wp\/v2\/pages"}],"about":[{"href":"https:\/\/www.sthik.com\/en\/wp-json\/wp\/v2\/types\/page"}],"author":[{"embeddable":true,"href":"https:\/\/www.sthik.com\/en\/wp-json\/wp\/v2\/users\/1"}],"replies":[{"embeddable":true,"href":"https:\/\/www.sthik.com\/en\/wp-json\/wp\/v2\/comments?post=10783"}],"version-history":[{"count":16,"href":"https:\/\/www.sthik.com\/en\/wp-json\/wp\/v2\/pages\/10783\/revisions"}],"predecessor-version":[{"id":13872,"href":"https:\/\/www.sthik.com\/en\/wp-json\/wp\/v2\/pages\/10783\/revisions\/13872"}],"wp:attachment":[{"href":"https:\/\/www.sthik.com\/en\/wp-json\/wp\/v2\/media?parent=10783"}],"curies":[{"name":"wp","href":"https:\/\/api.w.org\/{rel}","templated":true}]}}