{"id":11059,"date":"2023-12-11T11:34:41","date_gmt":"2023-12-11T10:34:41","guid":{"rendered":"http:\/\/nouveau.sthik.com\/WP1\/?page_id=11059"},"modified":"2024-06-14T08:40:06","modified_gmt":"2024-06-14T06:40:06","slug":"pompes-tri-lobes","status":"publish","type":"page","link":"http:\/\/www.sthik.com\/es\/pompes-tri-lobes\/","title":{"rendered":"Bomba Tri-Lobes"},"content":{"rendered":"<div data-elementor-type=\"wp-page\" data-elementor-id=\"11059\" class=\"elementor elementor-11059\">\n\t\t\t\t\t\t<section class=\"elementor-section elementor-top-section elementor-element elementor-element-377c77f7 elementor-section-boxed elementor-section-height-default elementor-section-height-default\" data-id=\"377c77f7\" data-element_type=\"section\">\n\t\t\t\t\t\t<div class=\"elementor-container elementor-column-gap-default\">\n\t\t\t\t\t<div class=\"elementor-column elementor-col-100 elementor-top-column elementor-element elementor-element-71027744\" data-id=\"71027744\" data-element_type=\"column\">\n\t\t\t<div class=\"elementor-widget-wrap elementor-element-populated\">\n\t\t\t\t\t\t<section class=\"elementor-section elementor-inner-section elementor-element elementor-element-15445eec elementor-section-boxed elementor-section-height-default elementor-section-height-default\" data-id=\"15445eec\" data-element_type=\"section\">\n\t\t\t\t\t\t<div class=\"elementor-container elementor-column-gap-default\">\n\t\t\t\t\t<div class=\"elementor-column elementor-col-50 elementor-inner-column elementor-element elementor-element-52da8a85\" data-id=\"52da8a85\" data-element_type=\"column\">\n\t\t\t<div class=\"elementor-widget-wrap elementor-element-populated\">\n\t\t\t\t\t\t<div class=\"elementor-element elementor-element-dafdbf0 elementor-widget elementor-widget-image\" data-id=\"dafdbf0\" data-element_type=\"widget\" data-widget_type=\"image.default\">\n\t\t\t\t<div class=\"elementor-widget-container\">\n\t\t\t<style>\/*! elementor - v3.21.0 - 22-05-2024 *\/\n.elementor-widget-image{text-align:center}.elementor-widget-image a{display:inline-block}.elementor-widget-image a img[src$=\".svg\"]{width:48px}.elementor-widget-image img{vertical-align:middle;display:inline-block}<\/style>\t\t\t\t\t\t\t<figure class=\"wp-caption\">\n\t\t\t\t\t\t\t\t\t\t<img fetchpriority=\"high\" decoding=\"async\" width=\"502\" height=\"307\" src=\"https:\/\/www.sthik.com\/wp-content\/uploads\/2023\/12\/Y300.jpg\" class=\"attachment-large size-large wp-image-10917\" alt=\"\" srcset=\"https:\/\/www.sthik.com\/wp-content\/uploads\/2023\/12\/Y300.jpg 502w, https:\/\/www.sthik.com\/wp-content\/uploads\/2023\/12\/Y300-300x183.jpg 300w, https:\/\/www.sthik.com\/wp-content\/uploads\/2023\/12\/Y300-303x185.jpg 303w, https:\/\/www.sthik.com\/wp-content\/uploads\/2023\/12\/Y300-450x275.jpg 450w, https:\/\/www.sthik.com\/wp-content\/uploads\/2023\/12\/Y300-466x285.jpg 466w, https:\/\/www.sthik.com\/wp-content\/uploads\/2023\/12\/Y300-150x92.jpg 150w\" sizes=\"(max-width: 502px) 100vw, 502px\" \/>\t\t\t\t\t\t\t\t\t\t\t<figcaption class=\"widget-image-caption wp-caption-text\"><\/figcaption>\n\t\t\t\t\t\t\t\t\t\t<\/figure>\n\t\t\t\t\t\t\t<\/div>\n\t\t\t\t<\/div>\n\t\t\t\t<div class=\"elementor-element elementor-element-1f793a elementor-widget elementor-widget-text-editor\" data-id=\"1f793a\" data-element_type=\"widget\" data-widget_type=\"text-editor.default\">\n\t\t\t\t<div class=\"elementor-widget-container\">\n\t\t\t<style>\/*! elementor - v3.21.0 - 22-05-2024 *\/\n.elementor-widget-text-editor.elementor-drop-cap-view-stacked .elementor-drop-cap{background-color:#69727d;color:#fff}.elementor-widget-text-editor.elementor-drop-cap-view-framed .elementor-drop-cap{color:#69727d;border:3px solid;background-color:transparent}.elementor-widget-text-editor:not(.elementor-drop-cap-view-default) .elementor-drop-cap{margin-top:8px}.elementor-widget-text-editor:not(.elementor-drop-cap-view-default) .elementor-drop-cap-letter{width:1em;height:1em}.elementor-widget-text-editor .elementor-drop-cap{float:left;text-align:center;line-height:1;font-size:50px}.elementor-widget-text-editor .elementor-drop-cap-letter{display:inline-block}<\/style>\t\t\t\t<p>Dise\u00f1ada para bombear vendimia mec\u00e1nica no despalillada<\/p><p>\u21d2 Dise\u00f1o muy robusto<br \/>\u21d2 El <strong>TRI-LOBES<\/strong> permite reducir la pulsaci\u00f3n y limitar la trituraci\u00f3n de la vendimia<br \/>\u21d2 <strong>MECANIZADO <\/strong>para ajuste de gran precisi\u00f3n para evitar bloqueos de la bomba<br \/>\u21d2 Reemplazo de resortes por un nuevo sistema elastom\u00e9rico <strong>PATENTADO<\/strong><br \/>\u21d2 Nuevo sistema de v\u00e1lvulas <strong>PATENTADO<\/strong><br \/>\u21d2 <strong>100%<\/strong> ALIMENTARIO<br \/>\u21d2 Cuerpo de acero inoxidable de calibre pesado de corte a chorro de agua para una m\u00e1xima precisi\u00f3n<\/p>\t\t\t\t\t\t<\/div>\n\t\t\t\t<\/div>\n\t\t\t\t\t<\/div>\n\t\t<\/div>\n\t\t\t\t<div class=\"elementor-column elementor-col-50 elementor-inner-column elementor-element elementor-element-36c018e0\" data-id=\"36c018e0\" data-element_type=\"column\">\n\t\t\t<div class=\"elementor-widget-wrap elementor-element-populated\">\n\t\t\t\t\t\t<div class=\"elementor-element elementor-element-1b256ae5 elementor-widget elementor-widget-heading\" data-id=\"1b256ae5\" data-element_type=\"widget\" data-widget_type=\"heading.default\">\n\t\t\t\t<div class=\"elementor-widget-container\">\n\t\t\t<style>\/*! elementor - v3.21.0 - 22-05-2024 *\/\n.elementor-heading-title{padding:0;margin:0;line-height:1}.elementor-widget-heading .elementor-heading-title[class*=elementor-size-]>a{color:inherit;font-size:inherit;line-height:inherit}.elementor-widget-heading .elementor-heading-title.elementor-size-small{font-size:15px}.elementor-widget-heading .elementor-heading-title.elementor-size-medium{font-size:19px}.elementor-widget-heading .elementor-heading-title.elementor-size-large{font-size:29px}.elementor-widget-heading .elementor-heading-title.elementor-size-xl{font-size:39px}.elementor-widget-heading .elementor-heading-title.elementor-size-xxl{font-size:59px}<\/style><h2 class=\"elementor-heading-title elementor-size-default\">Detalles<\/h2>\t\t<\/div>\n\t\t\t\t<\/div>\n\t\t\t\t<div class=\"elementor-element elementor-element-192e3782 elementor-widget elementor-widget-text-editor\" data-id=\"192e3782\" data-element_type=\"widget\" data-widget_type=\"text-editor.default\">\n\t\t\t\t<div class=\"elementor-widget-container\">\n\t\t\t\t\t\t\t<p><a href=\"http:\/\/www.sthik.com\/wp-content\/uploads\/2021\/01\/FT-PUB-A4-Y-TRI-LOBES-2P-2021-.pdf\" target=\"_blank\" rel=\"noopener\">Descargar la ficha t\u00e9cnica de la Bomba Tri-Lobes (versi\u00f3n francesa - PDF)<\/a><\/p>\t\t\t\t\t\t<\/div>\n\t\t\t\t<\/div>\n\t\t\t\t\t<\/div>\n\t\t<\/div>\n\t\t\t\t\t<\/div>\n\t\t<\/section>\n\t\t\t\t\t<\/div>\n\t\t<\/div>\n\t\t\t\t\t<\/div>\n\t\t<\/section>\n\t\t<div class=\"elementor-element elementor-element-48aa179 e-flex e-con-boxed e-con e-parent\" data-id=\"48aa179\" data-element_type=\"container\">\n\t\t\t\t\t<div class=\"e-con-inner\">\n\t\t\t\t\t<\/div>\n\t\t\t\t<\/div>\n\t\t\t\t<\/div>","protected":false},"excerpt":{"rendered":"<p>Con\u00e7ue pour pomper de la vendange m\u00e9canique non-\u00e9grapp\u00e9e \u21d2 Conception tr\u00e8s robuste\u21d2 Le TRI-LOBES permet une r\u00e9duction de la pulsation et limite la trituration de la vendange\u21d2 USIN\u00c9E pour ajustage de grande pr\u00e9cision afin d\u2019\u00e9viter les blocages de pompe\u21d2 Remplacement des ressorts par un nouveau syst\u00e8me \u00e9lastom\u00e8re BREVET\u00c9\u21d2 Nouveau Syst\u00e8me de Clapet BREVET\u00c9\u21d2 100% ALIMENTAIRE\u21d2 Corps inox de forte \u00e9paisseur d\u00e9coup\u00e9 au jet d\u2019eau pour une pr\u00e9cision maximale D\u00e9tails T\u00e9l\u00e9charger la fiche technique de la Pompe Tri-Lobes (PDF)<\/p>","protected":false},"author":1,"featured_media":0,"parent":0,"menu_order":0,"comment_status":"closed","ping_status":"closed","template":"","meta":{"footnotes":""},"class_list":["post-11059","page","type-page","status-publish","hentry"],"_links":{"self":[{"href":"http:\/\/www.sthik.com\/es\/wp-json\/wp\/v2\/pages\/11059","targetHints":{"allow":["GET"]}}],"collection":[{"href":"http:\/\/www.sthik.com\/es\/wp-json\/wp\/v2\/pages"}],"about":[{"href":"http:\/\/www.sthik.com\/es\/wp-json\/wp\/v2\/types\/page"}],"author":[{"embeddable":true,"href":"http:\/\/www.sthik.com\/es\/wp-json\/wp\/v2\/users\/1"}],"replies":[{"embeddable":true,"href":"http:\/\/www.sthik.com\/es\/wp-json\/wp\/v2\/comments?post=11059"}],"version-history":[{"count":17,"href":"http:\/\/www.sthik.com\/es\/wp-json\/wp\/v2\/pages\/11059\/revisions"}],"predecessor-version":[{"id":13780,"href":"http:\/\/www.sthik.com\/es\/wp-json\/wp\/v2\/pages\/11059\/revisions\/13780"}],"wp:attachment":[{"href":"http:\/\/www.sthik.com\/es\/wp-json\/wp\/v2\/media?parent=11059"}],"curies":[{"name":"wp","href":"https:\/\/api.w.org\/{rel}","templated":true}]}}