{"id":11039,"date":"2023-12-11T11:30:19","date_gmt":"2023-12-11T10:30:19","guid":{"rendered":"http:\/\/nouveau.sthik.com\/WP1\/?page_id=11039"},"modified":"2024-06-14T08:37:58","modified_gmt":"2024-06-14T06:37:58","slug":"benne-golf","status":"publish","type":"page","link":"http:\/\/www.sthik.com\/es\/benne-golf\/","title":{"rendered":"Remolque De Golf"},"content":{"rendered":"<div data-elementor-type=\"wp-page\" data-elementor-id=\"11039\" class=\"elementor elementor-11039\">\n\t\t\t\t\t\t<section class=\"elementor-section elementor-top-section elementor-element elementor-element-41d88bd9 elementor-section-boxed elementor-section-height-default elementor-section-height-default\" data-id=\"41d88bd9\" data-element_type=\"section\">\n\t\t\t\t\t\t<div class=\"elementor-container elementor-column-gap-default\">\n\t\t\t\t\t<div class=\"elementor-column elementor-col-100 elementor-top-column elementor-element elementor-element-69e079e2\" data-id=\"69e079e2\" data-element_type=\"column\">\n\t\t\t<div class=\"elementor-widget-wrap elementor-element-populated\">\n\t\t\t\t\t\t<section class=\"elementor-section elementor-inner-section elementor-element elementor-element-fb73f07 elementor-section-boxed elementor-section-height-default elementor-section-height-default\" data-id=\"fb73f07\" data-element_type=\"section\">\n\t\t\t\t\t\t<div class=\"elementor-container elementor-column-gap-default\">\n\t\t\t\t\t<div class=\"elementor-column elementor-col-50 elementor-inner-column elementor-element elementor-element-12eb9e56\" data-id=\"12eb9e56\" data-element_type=\"column\">\n\t\t\t<div class=\"elementor-widget-wrap elementor-element-populated\">\n\t\t\t\t\t\t<div class=\"elementor-element elementor-element-2592b8db elementor-widget elementor-widget-image\" data-id=\"2592b8db\" data-element_type=\"widget\" data-widget_type=\"image.default\">\n\t\t\t\t<div class=\"elementor-widget-container\">\n\t\t\t<style>\/*! elementor - v3.21.0 - 22-05-2024 *\/\n.elementor-widget-image{text-align:center}.elementor-widget-image a{display:inline-block}.elementor-widget-image a img[src$=\".svg\"]{width:48px}.elementor-widget-image img{vertical-align:middle;display:inline-block}<\/style>\t\t\t\t\t\t\t<figure class=\"wp-caption\">\n\t\t\t\t\t\t\t\t\t\t<img fetchpriority=\"high\" decoding=\"async\" width=\"502\" height=\"307\" src=\"https:\/\/www.sthik.com\/wp-content\/uploads\/2023\/12\/benne_golf_1-1.jpg\" class=\"attachment-large size-large wp-image-10938\" alt=\"\" srcset=\"https:\/\/www.sthik.com\/wp-content\/uploads\/2023\/12\/benne_golf_1-1.jpg 502w, https:\/\/www.sthik.com\/wp-content\/uploads\/2023\/12\/benne_golf_1-1-300x183.jpg 300w, https:\/\/www.sthik.com\/wp-content\/uploads\/2023\/12\/benne_golf_1-1-303x185.jpg 303w, https:\/\/www.sthik.com\/wp-content\/uploads\/2023\/12\/benne_golf_1-1-450x275.jpg 450w, https:\/\/www.sthik.com\/wp-content\/uploads\/2023\/12\/benne_golf_1-1-466x285.jpg 466w, https:\/\/www.sthik.com\/wp-content\/uploads\/2023\/12\/benne_golf_1-1-150x92.jpg 150w\" sizes=\"(max-width: 502px) 100vw, 502px\" \/>\t\t\t\t\t\t\t\t\t\t\t<figcaption class=\"widget-image-caption wp-caption-text\"><\/figcaption>\n\t\t\t\t\t\t\t\t\t\t<\/figure>\n\t\t\t\t\t\t\t<\/div>\n\t\t\t\t<\/div>\n\t\t\t\t<div class=\"elementor-element elementor-element-60c400a elementor-widget elementor-widget-text-editor\" data-id=\"60c400a\" data-element_type=\"widget\" data-widget_type=\"text-editor.default\">\n\t\t\t\t<div class=\"elementor-widget-container\">\n\t\t\t<style>\/*! elementor - v3.21.0 - 22-05-2024 *\/\n.elementor-widget-text-editor.elementor-drop-cap-view-stacked .elementor-drop-cap{background-color:#69727d;color:#fff}.elementor-widget-text-editor.elementor-drop-cap-view-framed .elementor-drop-cap{color:#69727d;border:3px solid;background-color:transparent}.elementor-widget-text-editor:not(.elementor-drop-cap-view-default) .elementor-drop-cap{margin-top:8px}.elementor-widget-text-editor:not(.elementor-drop-cap-view-default) .elementor-drop-cap-letter{width:1em;height:1em}.elementor-widget-text-editor .elementor-drop-cap{float:left;text-align:center;line-height:1;font-size:50px}.elementor-widget-text-editor .elementor-drop-cap-letter{display:inline-block}<\/style>\t\t\t\t<p style=\"text-align: justify;\">El Remolque de Golf STHIK facilita la manipulaci\u00f3n de grandes cantidades de arena. Permite alimentar de manera controlada los esparcidores de arena.<\/p><p style=\"text-align: justify;\">Su chasis elevador proporciona un amplio espacio libre en la parte trasera para el paso del esparcidor de arena. Su compuerta rotativa asegura un flujo regular y controlado.<\/p><ul><li style=\"text-align: justify;\">Amplia compuerta rotativa,<\/li><li style=\"text-align: justify;\">Potente capacidad de elevaci\u00f3n con un consumo muy bajo de aceite,<\/li><li style=\"text-align: justify;\">Equilibrio optimizado para permitir elevaciones importantes,<\/li><li style=\"text-align: justify;\">Bajo peso en vac\u00edo para un remolque con chasis elevador,<\/li><li style=\"text-align: justify;\">Amplio espacio libre en la parte trasera para permitir el paso de los esparcidores de arena,<\/li><li style=\"text-align: justify;\">Neum\u00e1ticos de baja presi\u00f3n.<\/li><\/ul>\t\t\t\t\t\t<\/div>\n\t\t\t\t<\/div>\n\t\t\t\t\t<\/div>\n\t\t<\/div>\n\t\t\t\t<div class=\"elementor-column elementor-col-50 elementor-inner-column elementor-element elementor-element-7549dbfe\" data-id=\"7549dbfe\" data-element_type=\"column\">\n\t\t\t<div class=\"elementor-widget-wrap elementor-element-populated\">\n\t\t\t\t\t\t<div class=\"elementor-element elementor-element-58aa697f elementor-widget elementor-widget-heading\" data-id=\"58aa697f\" data-element_type=\"widget\" data-widget_type=\"heading.default\">\n\t\t\t\t<div class=\"elementor-widget-container\">\n\t\t\t<style>\/*! elementor - v3.21.0 - 22-05-2024 *\/\n.elementor-heading-title{padding:0;margin:0;line-height:1}.elementor-widget-heading .elementor-heading-title[class*=elementor-size-]>a{color:inherit;font-size:inherit;line-height:inherit}.elementor-widget-heading .elementor-heading-title.elementor-size-small{font-size:15px}.elementor-widget-heading .elementor-heading-title.elementor-size-medium{font-size:19px}.elementor-widget-heading .elementor-heading-title.elementor-size-large{font-size:29px}.elementor-widget-heading .elementor-heading-title.elementor-size-xl{font-size:39px}.elementor-widget-heading .elementor-heading-title.elementor-size-xxl{font-size:59px}<\/style><h2 class=\"elementor-heading-title elementor-size-default\">Detalles<\/h2>\t\t<\/div>\n\t\t\t\t<\/div>\n\t\t\t\t<div class=\"elementor-element elementor-element-367d91b7 elementor-widget elementor-widget-text-editor\" data-id=\"367d91b7\" data-element_type=\"widget\" data-widget_type=\"text-editor.default\">\n\t\t\t\t<div class=\"elementor-widget-container\">\n\t\t\t\t\t\t\t<p><a href=\"http:\/\/zajelel.cluster020.hosting.ovh.net\/wp-content\/uploads\/2019\/08\/sthik-fr-golf.pdf\" target=\"_blank\" rel=\"noopener\">Descargar la ficha t\u00e9cnica de la Remolque de Golf (versi\u00f3n francesa - PDF)<\/a><\/p>\t\t\t\t\t\t<\/div>\n\t\t\t\t<\/div>\n\t\t\t\t\t<\/div>\n\t\t<\/div>\n\t\t\t\t\t<\/div>\n\t\t<\/section>\n\t\t\t\t\t<\/div>\n\t\t<\/div>\n\t\t\t\t\t<\/div>\n\t\t<\/section>\n\t\t<div class=\"elementor-element elementor-element-c38d962 e-flex e-con-boxed e-con e-parent\" data-id=\"c38d962\" data-element_type=\"container\">\n\t\t\t\t\t<div class=\"e-con-inner\">\n\t\t\t\t<div class=\"elementor-element elementor-element-af9c20d elementor-widget elementor-widget-cthslider\" data-id=\"af9c20d\" data-element_type=\"widget\" data-widget_type=\"cthslider.default\">\n\t\t\t\t<div class=\"elementor-widget-container\">\n\t\t\t        <div class=\"prslider-wrap fw-carousel-wrap show-case-slider-wrap\">\n            <!-- fw-carousel  -->\n            <div class=\"fw-carousel  fs-gallery-wrap fl-wrap full-height lightgallery\" data-mousecontrol=\"0\">\n                <div class=\"swiper-container\">\n                    <div class=\"swiper-wrapper\">\n                                            <!-- swiper-slide-->\n                        <div class=\"swiper-slide hov_zoom\">\n                            <img decoding=\"async\" width=\"731\" height=\"548\" src=\"https:\/\/www.sthik.com\/wp-content\/uploads\/2023\/12\/benneg4-731x548.jpg\" class=\"attachment-theroof-slider size-theroof-slider\" alt=\"\" srcset=\"https:\/\/www.sthik.com\/wp-content\/uploads\/2023\/12\/benneg4-731x548.jpg 731w, https:\/\/www.sthik.com\/wp-content\/uploads\/2023\/12\/benneg4-300x225.jpg 300w, https:\/\/www.sthik.com\/wp-content\/uploads\/2023\/12\/benneg4-768x576.jpg 768w, https:\/\/www.sthik.com\/wp-content\/uploads\/2023\/12\/benneg4-268x201.jpg 268w, https:\/\/www.sthik.com\/wp-content\/uploads\/2023\/12\/benneg4-536x402.jpg 536w, https:\/\/www.sthik.com\/wp-content\/uploads\/2023\/12\/benneg4-467x350.jpg 467w, https:\/\/www.sthik.com\/wp-content\/uploads\/2023\/12\/benneg4-450x338.jpg 450w, https:\/\/www.sthik.com\/wp-content\/uploads\/2023\/12\/benneg4-380x285.jpg 380w, https:\/\/www.sthik.com\/wp-content\/uploads\/2023\/12\/benneg4-133x100.jpg 133w, https:\/\/www.sthik.com\/wp-content\/uploads\/2023\/12\/benneg4-600x450.jpg 600w, https:\/\/www.sthik.com\/wp-content\/uploads\/2023\/12\/benneg4.jpg 800w\" sizes=\"(max-width: 731px) 100vw, 731px\" \/>                            <a href=\"https:\/\/www.sthik.com\/wp-content\/uploads\/2023\/12\/benneg4.jpg\" class=\"box-media-zoom popup-gal\"><i class=\"fal fa-search\"><\/i><\/a>\n                            <span class=\"slide-numb\">.01<\/span>\n                        <\/div>\n                        <!-- swiper-slide end-->\n                                            <!-- swiper-slide-->\n                        <div class=\"swiper-slide hov_zoom\">\n                            <img decoding=\"async\" width=\"731\" height=\"548\" src=\"https:\/\/www.sthik.com\/wp-content\/uploads\/2023\/12\/benneg3-731x548.jpg\" class=\"attachment-theroof-slider size-theroof-slider\" alt=\"\" srcset=\"https:\/\/www.sthik.com\/wp-content\/uploads\/2023\/12\/benneg3-731x548.jpg 731w, https:\/\/www.sthik.com\/wp-content\/uploads\/2023\/12\/benneg3-300x225.jpg 300w, https:\/\/www.sthik.com\/wp-content\/uploads\/2023\/12\/benneg3-768x576.jpg 768w, https:\/\/www.sthik.com\/wp-content\/uploads\/2023\/12\/benneg3-268x201.jpg 268w, https:\/\/www.sthik.com\/wp-content\/uploads\/2023\/12\/benneg3-536x402.jpg 536w, https:\/\/www.sthik.com\/wp-content\/uploads\/2023\/12\/benneg3-467x350.jpg 467w, https:\/\/www.sthik.com\/wp-content\/uploads\/2023\/12\/benneg3-450x338.jpg 450w, https:\/\/www.sthik.com\/wp-content\/uploads\/2023\/12\/benneg3-380x285.jpg 380w, https:\/\/www.sthik.com\/wp-content\/uploads\/2023\/12\/benneg3-133x100.jpg 133w, https:\/\/www.sthik.com\/wp-content\/uploads\/2023\/12\/benneg3-600x450.jpg 600w, https:\/\/www.sthik.com\/wp-content\/uploads\/2023\/12\/benneg3.jpg 800w\" sizes=\"(max-width: 731px) 100vw, 731px\" \/>                            <a href=\"https:\/\/www.sthik.com\/wp-content\/uploads\/2023\/12\/benneg3.jpg\" class=\"box-media-zoom popup-gal\"><i class=\"fal fa-search\"><\/i><\/a>\n                            <span class=\"slide-numb\">.02<\/span>\n                        <\/div>\n                        <!-- swiper-slide end-->\n                                            <!-- swiper-slide-->\n                        <div class=\"swiper-slide hov_zoom\">\n                            <img loading=\"lazy\" decoding=\"async\" width=\"731\" height=\"548\" src=\"https:\/\/www.sthik.com\/wp-content\/uploads\/2023\/12\/benneg2-731x548.jpg\" class=\"attachment-theroof-slider size-theroof-slider\" alt=\"\" srcset=\"https:\/\/www.sthik.com\/wp-content\/uploads\/2023\/12\/benneg2-731x548.jpg 731w, https:\/\/www.sthik.com\/wp-content\/uploads\/2023\/12\/benneg2-300x225.jpg 300w, https:\/\/www.sthik.com\/wp-content\/uploads\/2023\/12\/benneg2-768x576.jpg 768w, https:\/\/www.sthik.com\/wp-content\/uploads\/2023\/12\/benneg2-268x201.jpg 268w, https:\/\/www.sthik.com\/wp-content\/uploads\/2023\/12\/benneg2-536x402.jpg 536w, https:\/\/www.sthik.com\/wp-content\/uploads\/2023\/12\/benneg2-467x350.jpg 467w, https:\/\/www.sthik.com\/wp-content\/uploads\/2023\/12\/benneg2-450x338.jpg 450w, https:\/\/www.sthik.com\/wp-content\/uploads\/2023\/12\/benneg2-380x285.jpg 380w, https:\/\/www.sthik.com\/wp-content\/uploads\/2023\/12\/benneg2-133x100.jpg 133w, https:\/\/www.sthik.com\/wp-content\/uploads\/2023\/12\/benneg2-600x450.jpg 600w, https:\/\/www.sthik.com\/wp-content\/uploads\/2023\/12\/benneg2.jpg 800w\" sizes=\"(max-width: 731px) 100vw, 731px\" \/>                            <a href=\"https:\/\/www.sthik.com\/wp-content\/uploads\/2023\/12\/benneg2.jpg\" class=\"box-media-zoom popup-gal\"><i class=\"fal fa-search\"><\/i><\/a>\n                            <span class=\"slide-numb\">.03<\/span>\n                        <\/div>\n                        <!-- swiper-slide end-->\n                                            <!-- swiper-slide-->\n                        <div class=\"swiper-slide hov_zoom\">\n                            <img loading=\"lazy\" decoding=\"async\" width=\"731\" height=\"548\" src=\"https:\/\/www.sthik.com\/wp-content\/uploads\/2023\/12\/benneg1-731x548.jpg\" class=\"attachment-theroof-slider size-theroof-slider\" alt=\"\" srcset=\"https:\/\/www.sthik.com\/wp-content\/uploads\/2023\/12\/benneg1-731x548.jpg 731w, https:\/\/www.sthik.com\/wp-content\/uploads\/2023\/12\/benneg1-300x225.jpg 300w, https:\/\/www.sthik.com\/wp-content\/uploads\/2023\/12\/benneg1-768x576.jpg 768w, https:\/\/www.sthik.com\/wp-content\/uploads\/2023\/12\/benneg1-268x201.jpg 268w, https:\/\/www.sthik.com\/wp-content\/uploads\/2023\/12\/benneg1-536x402.jpg 536w, https:\/\/www.sthik.com\/wp-content\/uploads\/2023\/12\/benneg1-467x350.jpg 467w, https:\/\/www.sthik.com\/wp-content\/uploads\/2023\/12\/benneg1-450x338.jpg 450w, https:\/\/www.sthik.com\/wp-content\/uploads\/2023\/12\/benneg1-380x285.jpg 380w, https:\/\/www.sthik.com\/wp-content\/uploads\/2023\/12\/benneg1-133x100.jpg 133w, https:\/\/www.sthik.com\/wp-content\/uploads\/2023\/12\/benneg1-600x450.jpg 600w, https:\/\/www.sthik.com\/wp-content\/uploads\/2023\/12\/benneg1.jpg 800w\" sizes=\"(max-width: 731px) 100vw, 731px\" \/>                            <a href=\"https:\/\/www.sthik.com\/wp-content\/uploads\/2023\/12\/benneg1.jpg\" class=\"box-media-zoom popup-gal\"><i class=\"fal fa-search\"><\/i><\/a>\n                            <span class=\"slide-numb\">.04<\/span>\n                        <\/div>\n                        <!-- swiper-slide end-->\n                                        <\/div>\n                <\/div>\n            <\/div>\n            <!-- fw-carousel end -->\n            <div class=\"fw-carousel-button-prev ss-slider-cont\"><i class=\"fal fa-angle-left\"><\/i><\/div>\n            <div class=\"fw-carousel-button-next ss-slider-cont\"><i class=\"fal fa-angle-right\"><\/i><\/div>\n            <div class=\"ss-slider-controls2 fwc_pag\">\n                <div class=\"ss-slider-pagination\"><\/div>\n            <\/div>\n        <\/div>\n        \t\t<\/div>\n\t\t\t\t<\/div>\n\t\t\t\t\t<\/div>\n\t\t\t\t<\/div>\n\t\t<div class=\"elementor-element elementor-element-48aa179 e-flex e-con-boxed e-con e-parent\" data-id=\"48aa179\" data-element_type=\"container\">\n\t\t\t\t\t<div class=\"e-con-inner\">\n\t\t\t\t\t<\/div>\n\t\t\t\t<\/div>\n\t\t\t\t<\/div>","protected":false},"excerpt":{"rendered":"<p>La benne golf STHIK facilite la manutention\u00a0du sable en quantit\u00e9 importante. Elle permet d&rsquo;alimenter avec contr\u00f4le les sableuses. Son ch\u00e2ssis \u00e9l\u00e9vateur permet\u00a0un\u00a0d\u00e9gagement arri\u00e8re important pour\u00a0le passage de la sableuse. Sa trappe rotative assure\u00a0un d\u00e9bit\u00a0r\u00e9gulier et contr\u00f4l\u00e9. Large trappe rotative, Puissance d\u2019\u00e9l\u00e9vation importante avec une tr\u00e8s faible consommation d\u2019huile, Equilibre \u00e9tudi\u00e9 afin de permettre des \u00e9l\u00e9vations importantes, Faible poids \u00e0 vide pour une remorque avec ch\u00e2ssis \u00e9l\u00e9vateur, Important d\u00e9gagement \u00e0 l\u2019arri\u00e8re pour laisser passer les sableuses, Pneumatiques basse pression D\u00e9tails T\u00e9l\u00e9charger la fiche technique de la Benne Golf (PDF) .01 .02 .03 .04<\/p>","protected":false},"author":1,"featured_media":0,"parent":0,"menu_order":0,"comment_status":"closed","ping_status":"closed","template":"","meta":{"footnotes":""},"class_list":["post-11039","page","type-page","status-publish","hentry"],"_links":{"self":[{"href":"http:\/\/www.sthik.com\/es\/wp-json\/wp\/v2\/pages\/11039","targetHints":{"allow":["GET"]}}],"collection":[{"href":"http:\/\/www.sthik.com\/es\/wp-json\/wp\/v2\/pages"}],"about":[{"href":"http:\/\/www.sthik.com\/es\/wp-json\/wp\/v2\/types\/page"}],"author":[{"embeddable":true,"href":"http:\/\/www.sthik.com\/es\/wp-json\/wp\/v2\/users\/1"}],"replies":[{"embeddable":true,"href":"http:\/\/www.sthik.com\/es\/wp-json\/wp\/v2\/comments?post=11039"}],"version-history":[{"count":22,"href":"http:\/\/www.sthik.com\/es\/wp-json\/wp\/v2\/pages\/11039\/revisions"}],"predecessor-version":[{"id":13773,"href":"http:\/\/www.sthik.com\/es\/wp-json\/wp\/v2\/pages\/11039\/revisions\/13773"}],"wp:attachment":[{"href":"http:\/\/www.sthik.com\/es\/wp-json\/wp\/v2\/media?parent=11039"}],"curies":[{"name":"wp","href":"https:\/\/api.w.org\/{rel}","templated":true}]}}